{"id":1470,"date":"2019-04-22T14:54:59","date_gmt":"2019-04-22T14:54:59","guid":{"rendered":"https:\/\/fabricadaspeugas.com\/?page_id=1470"},"modified":"2020-06-01T00:45:44","modified_gmt":"2020-05-31T23:45:44","slug":"cupoes-de-desconto-fabrica-das-peugas","status":"publish","type":"page","link":"https:\/\/fabricadaspeugas.com\/es\/cupoes-de-desconto-fabrica-das-peugas\/","title":{"rendered":"Cupones de descuento"},"content":{"rendered":"<blockquote class=\"wp-block-quote is-layout-flow wp-block-quote-is-layout-flow\"><p>A <strong>F\u00e1brica de calcetines<\/strong> disponibiliza aos clientes cup\u00f5es de desconto.  A aplica\u00e7\u00e3o de qualquer cup\u00e3o implica a inser\u00e7\u00e3o e valida\u00e7\u00e3o do c\u00f3digo,  na caixa de texto facultada para esse mesmo efeito, no \u00faltimo passo do  checkout da encomenda.<\/p><\/blockquote>\n\n\n\n<blockquote class=\"wp-block-quote has-text-align-center is-layout-flow wp-block-quote-is-layout-flow\"><p>PROMOCODE:<strong> 1ANIVERSARIO<\/strong><\/p><\/blockquote>\n\n\n\n<p class=\"has-text-align-center\">15% Desconto em todas as compras de valor igual ou superiores a 25\u20ac.<\/p>\n\n\n\n<p class=\"has-text-align-center\">N\u00e3o aplic\u00e1vel aos artigos: Mystery Box e Cart\u00e3o Presente. <br>N\u00e3o acumul\u00e1vel com outros cup\u00f5es, promo\u00e7\u00f5es ou campanhas em vigor. <br>V\u00e1lido at\u00e9 31\/07\/2020<\/p>\n\n\n\n<p><\/p>","protected":false},"excerpt":{"rendered":"<p>A F\u00e1brica das Pe\u00fagas disponibiliza aos clientes cup\u00f5es de desconto. A aplica\u00e7\u00e3o de qualquer cup\u00e3o implica a inser\u00e7\u00e3o e valida\u00e7\u00e3o do c\u00f3digo, na caixa de texto facultada para esse mesmo efeito, no \u00faltimo passo do checkout da encomenda. PROMOCODE: 1ANIVERSARIO 15% Desconto em todas as compras de valor igual ou superiores a 25\u20ac. N\u00e3o aplic\u00e1vel [&hellip;]<\/p>\n","protected":false},"author":1,"featured_media":0,"parent":0,"menu_order":0,"comment_status":"closed","ping_status":"closed","template":"","meta":{"footnotes":""},"class_list":["post-1470","page","type-page","status-publish","hentry"],"yoast_head":"<!-- This site is optimized with the Yoast SEO plugin v27.5 - https:\/\/yoast.com\/product\/yoast-seo-wordpress\/ -->\n<title>Cup\u00f5es de Desconto &#8211; F\u00e1brica das Pe\u00fagas\u00ae - N\u00e3o s\u00e3o s\u00f3 pe\u00fagas!<\/title>\n<meta name=\"robots\" content=\"index, follow, max-snippet:-1, max-image-preview:large, max-video-preview:-1\" \/>\n<link rel=\"canonical\" href=\"https:\/\/fabricadaspeugas.com\/es\/cupoes-de-desconto-fabrica-das-peugas\/\" \/>\n<meta property=\"og:locale\" content=\"es_ES\" \/>\n<meta property=\"og:type\" content=\"article\" \/>\n<meta property=\"og:title\" content=\"Cup\u00f5es de Desconto &#8211; F\u00e1brica das Pe\u00fagas\u00ae - N\u00e3o s\u00e3o s\u00f3 pe\u00fagas!\" \/>\n<meta property=\"og:description\" content=\"A F\u00e1brica das Pe\u00fagas disponibiliza aos clientes cup\u00f5es de desconto. A aplica\u00e7\u00e3o de qualquer cup\u00e3o implica a inser\u00e7\u00e3o e valida\u00e7\u00e3o do c\u00f3digo, na caixa de texto facultada para esse mesmo efeito, no \u00faltimo passo do checkout da encomenda. PROMOCODE: 1ANIVERSARIO 15% Desconto em todas as compras de valor igual ou superiores a 25\u20ac. N\u00e3o aplic\u00e1vel [&hellip;]\" \/>\n<meta property=\"og:url\" content=\"https:\/\/fabricadaspeugas.com\/es\/cupoes-de-desconto-fabrica-das-peugas\/\" \/>\n<meta property=\"og:site_name\" content=\"F\u00e1brica das Pe\u00fagas\u00ae - N\u00e3o s\u00e3o s\u00f3 pe\u00fagas!\" \/>\n<meta property=\"article:publisher\" content=\"https:\/\/www.facebook.com\/fabricadaspeugas\" \/>\n<meta property=\"article:modified_time\" content=\"2020-05-31T23:45:44+00:00\" \/>\n<meta name=\"twitter:card\" content=\"summary_large_image\" \/>\n<script type=\"application\/ld+json\" class=\"yoast-schema-graph\">{\"@context\":\"https:\\\/\\\/schema.org\",\"@graph\":[{\"@type\":\"WebPage\",\"@id\":\"https:\\\/\\\/fabricadaspeugas.com\\\/cupoes-de-desconto-fabrica-das-peugas\\\/\",\"url\":\"https:\\\/\\\/fabricadaspeugas.com\\\/cupoes-de-desconto-fabrica-das-peugas\\\/\",\"name\":\"Cup\u00f5es de Desconto &#8211; F\u00e1brica das Pe\u00fagas\u00ae - N\u00e3o s\u00e3o s\u00f3 pe\u00fagas!\",\"isPartOf\":{\"@id\":\"https:\\\/\\\/fabricadaspeugas.com\\\/#website\"},\"datePublished\":\"2019-04-22T14:54:59+00:00\",\"dateModified\":\"2020-05-31T23:45:44+00:00\",\"breadcrumb\":{\"@id\":\"https:\\\/\\\/fabricadaspeugas.com\\\/cupoes-de-desconto-fabrica-das-peugas\\\/#breadcrumb\"},\"inLanguage\":\"es\",\"potentialAction\":[{\"@type\":\"ReadAction\",\"target\":[\"https:\\\/\\\/fabricadaspeugas.com\\\/cupoes-de-desconto-fabrica-das-peugas\\\/\"]}]},{\"@type\":\"BreadcrumbList\",\"@id\":\"https:\\\/\\\/fabricadaspeugas.com\\\/cupoes-de-desconto-fabrica-das-peugas\\\/#breadcrumb\",\"itemListElement\":[{\"@type\":\"ListItem\",\"position\":1,\"name\":\"In\u00edcio\",\"item\":\"https:\\\/\\\/fabricadaspeugas.com\\\/\"},{\"@type\":\"ListItem\",\"position\":2,\"name\":\"Cup\u00f5es de Desconto\"}]},{\"@type\":\"WebSite\",\"@id\":\"https:\\\/\\\/fabricadaspeugas.com\\\/#website\",\"url\":\"https:\\\/\\\/fabricadaspeugas.com\\\/\",\"name\":\"F\u00e1brica das Pe\u00fagas\u00ae - N\u00e3o s\u00e3o s\u00f3 pe\u00fagas!\",\"description\":\"Pe\u00fagas divertidas, casuais, desportivas e confort\u00e1veis. Desfrute de conforto e qualidade incompar\u00e1veis \u200b\u200ba cada passo.\",\"publisher\":{\"@id\":\"https:\\\/\\\/fabricadaspeugas.com\\\/#organization\"},\"potentialAction\":[{\"@type\":\"SearchAction\",\"target\":{\"@type\":\"EntryPoint\",\"urlTemplate\":\"https:\\\/\\\/fabricadaspeugas.com\\\/?s={search_term_string}\"},\"query-input\":{\"@type\":\"PropertyValueSpecification\",\"valueRequired\":true,\"valueName\":\"search_term_string\"}}],\"inLanguage\":\"es\"},{\"@type\":\"Organization\",\"@id\":\"https:\\\/\\\/fabricadaspeugas.com\\\/#organization\",\"name\":\"F\u00e1brica das Pe\u00fagas\u00ae\",\"url\":\"https:\\\/\\\/fabricadaspeugas.com\\\/\",\"logo\":{\"@type\":\"ImageObject\",\"inLanguage\":\"es\",\"@id\":\"https:\\\/\\\/fabricadaspeugas.com\\\/#\\\/schema\\\/logo\\\/image\\\/\",\"url\":\"https:\\\/\\\/fabricadaspeugas.com\\\/wp-content\\\/uploads\\\/2025\\\/05\\\/fabrica_das_peugas_logov3.png\",\"contentUrl\":\"https:\\\/\\\/fabricadaspeugas.com\\\/wp-content\\\/uploads\\\/2025\\\/05\\\/fabrica_das_peugas_logov3.png\",\"width\":200,\"height\":121,\"caption\":\"F\u00e1brica das Pe\u00fagas\u00ae\"},\"image\":{\"@id\":\"https:\\\/\\\/fabricadaspeugas.com\\\/#\\\/schema\\\/logo\\\/image\\\/\"},\"sameAs\":[\"https:\\\/\\\/www.facebook.com\\\/fabricadaspeugas\",\"https:\\\/\\\/www.instagram.com\\\/fabrica.das.peugas\\\/\"]}]}<\/script>\n<!-- \/ Yoast SEO plugin. -->","yoast_head_json":{"title":"Cup\u00f5es de Desconto &#8211; F\u00e1brica das Pe\u00fagas\u00ae - N\u00e3o s\u00e3o s\u00f3 pe\u00fagas!","robots":{"index":"index","follow":"follow","max-snippet":"max-snippet:-1","max-image-preview":"max-image-preview:large","max-video-preview":"max-video-preview:-1"},"canonical":"https:\/\/fabricadaspeugas.com\/es\/cupoes-de-desconto-fabrica-das-peugas\/","og_locale":"es_ES","og_type":"article","og_title":"Cup\u00f5es de Desconto &#8211; F\u00e1brica das Pe\u00fagas\u00ae - N\u00e3o s\u00e3o s\u00f3 pe\u00fagas!","og_description":"A F\u00e1brica das Pe\u00fagas disponibiliza aos clientes cup\u00f5es de desconto. A aplica\u00e7\u00e3o de qualquer cup\u00e3o implica a inser\u00e7\u00e3o e valida\u00e7\u00e3o do c\u00f3digo, na caixa de texto facultada para esse mesmo efeito, no \u00faltimo passo do checkout da encomenda. PROMOCODE: 1ANIVERSARIO 15% Desconto em todas as compras de valor igual ou superiores a 25\u20ac. N\u00e3o aplic\u00e1vel [&hellip;]","og_url":"https:\/\/fabricadaspeugas.com\/es\/cupoes-de-desconto-fabrica-das-peugas\/","og_site_name":"F\u00e1brica das Pe\u00fagas\u00ae - N\u00e3o s\u00e3o s\u00f3 pe\u00fagas!","article_publisher":"https:\/\/www.facebook.com\/fabricadaspeugas","article_modified_time":"2020-05-31T23:45:44+00:00","twitter_card":"summary_large_image","schema":{"@context":"https:\/\/schema.org","@graph":[{"@type":"WebPage","@id":"https:\/\/fabricadaspeugas.com\/cupoes-de-desconto-fabrica-das-peugas\/","url":"https:\/\/fabricadaspeugas.com\/cupoes-de-desconto-fabrica-das-peugas\/","name":"Cup\u00f5es de Desconto &#8211; F\u00e1brica das Pe\u00fagas\u00ae - N\u00e3o s\u00e3o s\u00f3 pe\u00fagas!","isPartOf":{"@id":"https:\/\/fabricadaspeugas.com\/#website"},"datePublished":"2019-04-22T14:54:59+00:00","dateModified":"2020-05-31T23:45:44+00:00","breadcrumb":{"@id":"https:\/\/fabricadaspeugas.com\/cupoes-de-desconto-fabrica-das-peugas\/#breadcrumb"},"inLanguage":"es","potentialAction":[{"@type":"ReadAction","target":["https:\/\/fabricadaspeugas.com\/cupoes-de-desconto-fabrica-das-peugas\/"]}]},{"@type":"BreadcrumbList","@id":"https:\/\/fabricadaspeugas.com\/cupoes-de-desconto-fabrica-das-peugas\/#breadcrumb","itemListElement":[{"@type":"ListItem","position":1,"name":"In\u00edcio","item":"https:\/\/fabricadaspeugas.com\/"},{"@type":"ListItem","position":2,"name":"Cup\u00f5es de Desconto"}]},{"@type":"WebSite","@id":"https:\/\/fabricadaspeugas.com\/#website","url":"https:\/\/fabricadaspeugas.com\/","name":"F\u00e1brica das Pe\u00fagas\u00ae - \u00a1No s\u00f3lo calcetines!","description":"Calcetines divertidos, informales, deportivos y c\u00f3modos. Disfruta de un confort y una calidad inigualables a cada paso.","publisher":{"@id":"https:\/\/fabricadaspeugas.com\/#organization"},"potentialAction":[{"@type":"SearchAction","target":{"@type":"EntryPoint","urlTemplate":"https:\/\/fabricadaspeugas.com\/?s={search_term_string}"},"query-input":{"@type":"PropertyValueSpecification","valueRequired":true,"valueName":"search_term_string"}}],"inLanguage":"es"},{"@type":"Organization","@id":"https:\/\/fabricadaspeugas.com\/#organization","name":"F\u00e1brica de calcetines","url":"https:\/\/fabricadaspeugas.com\/","logo":{"@type":"ImageObject","inLanguage":"es","@id":"https:\/\/fabricadaspeugas.com\/#\/schema\/logo\/image\/","url":"https:\/\/fabricadaspeugas.com\/wp-content\/uploads\/2025\/05\/fabrica_das_peugas_logov3.png","contentUrl":"https:\/\/fabricadaspeugas.com\/wp-content\/uploads\/2025\/05\/fabrica_das_peugas_logov3.png","width":200,"height":121,"caption":"F\u00e1brica das Pe\u00fagas\u00ae"},"image":{"@id":"https:\/\/fabricadaspeugas.com\/#\/schema\/logo\/image\/"},"sameAs":["https:\/\/www.facebook.com\/fabricadaspeugas","https:\/\/www.instagram.com\/fabrica.das.peugas\/"]}]}},"_links":{"self":[{"href":"https:\/\/fabricadaspeugas.com\/es\/wp-json\/wp\/v2\/pages\/1470","targetHints":{"allow":["GET"]}}],"collection":[{"href":"https:\/\/fabricadaspeugas.com\/es\/wp-json\/wp\/v2\/pages"}],"about":[{"href":"https:\/\/fabricadaspeugas.com\/es\/wp-json\/wp\/v2\/types\/page"}],"author":[{"embeddable":true,"href":"https:\/\/fabricadaspeugas.com\/es\/wp-json\/wp\/v2\/users\/1"}],"replies":[{"embeddable":true,"href":"https:\/\/fabricadaspeugas.com\/es\/wp-json\/wp\/v2\/comments?post=1470"}],"version-history":[{"count":0,"href":"https:\/\/fabricadaspeugas.com\/es\/wp-json\/wp\/v2\/pages\/1470\/revisions"}],"wp:attachment":[{"href":"https:\/\/fabricadaspeugas.com\/es\/wp-json\/wp\/v2\/media?parent=1470"}],"curies":[{"name":"wp","href":"https:\/\/api.w.org\/{rel}","templated":true}]}}