{"id":1552,"date":"2019-05-08T10:48:27","date_gmt":"2019-05-08T10:48:27","guid":{"rendered":"https:\/\/fabricadaspeugas.com\/?page_id=1552"},"modified":"2026-01-03T17:38:05","modified_gmt":"2026-01-03T16:38:05","slug":"perguntas-frequentes","status":"publish","type":"page","link":"https:\/\/fabricadaspeugas.com\/es\/perguntas-frequentes\/","title":{"rendered":"FAQs &#8211; Perguntas Frequentes"},"content":{"rendered":"<h2 class=\"wp-block-heading has-text-align-center\">Encomendas e Entregas<\/h2>\n\n\n\n<blockquote class=\"wp-block-quote is-layout-flow wp-block-quote-is-layout-flow\">\n<p><strong>Posso cancelar ou alterar a minha encomenda?<\/strong><\/p>\n<\/blockquote>\n\n\n\n<p>Se acaba de efetuar a sua encomenda e a mesma n\u00e3o estiver ainda em processo de prepara\u00e7\u00e3o, pode ainda cancelar ou  alterar. Envie um e-mail para info@fabricadaspeugas.com ou preencha o formul\u00e1rio pr\u00f3prio para o efeito, <a href=\"https:\/\/fabricadaspeugas.com\/es\/hable-con-nosotros\/\">aqu\u00ed<\/a>. <br>Se a sua encomenda j\u00e1 entrou em processo de prepara\u00e7\u00e3o,  j\u00e1 n\u00e3o poder\u00e1 ser efetuada nenhuma altera\u00e7\u00e3o. Poder\u00e1 devolv\u00ea-la para troca ou reembolso. <\/p>\n\n\n\n<blockquote class=\"wp-block-quote is-layout-flow wp-block-quote-is-layout-flow\">\n<p><strong>Comprei um artigo mas agora verifico que tem outro pre\u00e7o no site<\/strong><\/p>\n<\/blockquote>\n\n\n\n<p>Devido \u00e0s tend\u00eancias de mercado e \u00e0s promo\u00e7\u00f5es comerciais, os pre\u00e7os  no nosso site podem ser diferentes para um mesmo artigo, em fun\u00e7\u00e3o do  momento da compra.<br>Neste caso a F\u00e1brica das Pe\u00fagas n\u00e3o reembolsar\u00e1 a diferen\u00e7a, sendo  aplicado o pre\u00e7o do artigo \u00e0 data de compra do cliente.<\/p>\n\n\n\n<blockquote class=\"wp-block-quote is-layout-flow wp-block-quote-is-layout-flow\">\n<p><strong>Recebi um artigo incorreto na minha encomenda<\/strong><\/p>\n<\/blockquote>\n\n\n\n<p>Pedimos desde j\u00e1 as nossas desculpas. Para resolver com a maior brevidade apenas necessitamos que:<br>&#8211; Envie um e-mail para info@fabricadaspeugas.com com os seus dados (nome e NIF), n\u00ba da fatura, refer\u00eancia do artigo errado e qual o artigo que pediu originalmente;<br>&#8211; Dever\u00e1 proceder \u00e0 devolu\u00e7\u00e3o do artigo para a morada indicada pelo nosso assistente. <\/p>\n\n\n\n<p>O artigo ser-lhe-\u00e1 enviado sem cobrar despesas de envio.<\/p>\n\n\n\n<blockquote class=\"wp-block-quote is-layout-flow wp-block-quote-is-layout-flow\">\n<p><strong>Onde se encontra a minha encomenda?<\/strong><\/p>\n<\/blockquote>\n\n\n\n<p>Se a sua encomenda j\u00e1 estiver em expedi\u00e7\u00e3o, poder\u00e1 realizar o seguimento da mesma atrav\u00e9s do e-mail de confirma\u00e7\u00e3o que lhe envi\u00e1mos com todos os detalhes.<br>Clicando no link que consta no e-mail ter\u00e1 acesso ao site da transportadora onde poder\u00e1 verificar a localiza\u00e7\u00e3o da sua encomenda.<\/p>\n\n\n\n<p>Relembramos que ap\u00f3s a data em que a encomenda \u00e9 expedida, dever\u00e1 aguardar cerca de 24h para consultar o site da transportadora, altura em que a sua encomenda entrar\u00e1 no armaz\u00e9m do mesmo.<\/p>\n\n\n\n<blockquote class=\"wp-block-quote is-layout-flow wp-block-quote-is-layout-flow\">\n<p><strong>Ainda n\u00e3o recebi a minha encomenda<\/strong><\/p>\n<\/blockquote>\n\n\n\n<p>Desde que os artigos da sua encomenda se encontrem dispon\u00edveis, o prazo m\u00e9dio de entrega \u00e9 de 1 a 3 dias \u00fateis para Portugal Continental, Madeira e A\u00e7ores (salvo atrasos por parte da transportadora). <\/p>\n\n\n\n<p>No caso de pagamento por Transfer\u00eancia Banc\u00e1ria, este prazo \u00e9 contabilizado a partir da data de entrada na nossa conta o respectivo pagamento\/autoriza\u00e7\u00e3o.<\/p>\n\n\n\n<p>Se decorrido este prazo normal n\u00e3o recebeu ainda a sua encomenda, pedimos-lhe que nos envie um e-mail para info@fabricadaspeugas.com para que possamos averiguar junto da transportadora a situa\u00e7\u00e3o atualizada da sua encomenda.<\/p>\n\n\n\n<h2 class=\"wp-block-heading has-text-align-center\">Pagamentos<\/h2>\n\n\n\n<p>Na F\u00e1brica das Pe\u00fagas o pagamento \u00e9 seguro, transparente e c\u00f3modo. Colocamos \u00e0 sua disposi\u00e7\u00e3o v\u00e1rias formas de pagamento. A decis\u00e3o \u00e9 sua:<\/p>\n\n\n\n<blockquote class=\"wp-block-quote is-layout-flow wp-block-quote-is-layout-flow\">\n<p>Multibanco, MBWay, PayShop, Visa\/Mastercard e Paypal<\/p>\n<\/blockquote>\n\n\n\n<blockquote class=\"wp-block-quote is-layout-flow wp-block-quote-is-layout-flow\">\n<p><strong>Pagamento Seguro e Confidencialidade dos Dados<\/strong><\/p>\n<\/blockquote>\n\n\n\n<p>A F\u00e1brica das Pe\u00fagas garante a total prote\u00e7\u00e3o dos seus dados<\/p>\n\n\n\n<p>O site da F\u00e1brica das Pe\u00fagas tem a Certifica\u00e7\u00e3o de Seguran\u00e7a SSL, que lhe garante a total confidencialidade dos seus dados gra\u00e7as \u00e0s mais avan\u00e7adas tecnologias de criptografia (SSL de 128 bit). Ao fazer uma encomenda on-line, os seus dados pessoais e banc\u00e1rios s\u00e3o protegidos mediante protocolos SSL antes de serem enviados atrav\u00e9s da Internet, pelo que \u00e9 imposs\u00edvel que possam ser retirados ou interceptados. Ap\u00f3s receber e processar o seu pedido, os seus dados  permanecem protegidos na nossa base de dados, e ficam \u00e0 sua disposi\u00e7\u00e3o para que os possa consultar, modificar ou eliminar se assim o entender, tal como est\u00e1 previsto na lei.<\/p>\n\n\n\n<h2 class=\"wp-block-heading has-text-align-center\"><strong>Cambios y devoluciones<\/strong><\/h2>\n\n\n\n<blockquote class=\"wp-block-quote is-layout-flow wp-block-quote-is-layout-flow\">\n<p><strong>De quanto tempo disponho para devolver um artigo?<\/strong><\/p>\n<\/blockquote>\n\n\n\n<p>Pode devolver o(s) artigo(s), para troca ou reembolso num prazo at\u00e9 14 dias a contar da data da sua recep\u00e7\u00e3o.<\/p>\n\n\n\n<blockquote class=\"wp-block-quote is-layout-flow wp-block-quote-is-layout-flow\">\n<p><strong>A F\u00e1brica das Pe\u00fagas aceita todas as devolu\u00e7\u00f5es?<\/strong><\/p>\n<\/blockquote>\n\n\n\n<p>N\u00e3o. Apenas ser\u00e3o aceites devolu\u00e7\u00f5es desde que o(s) produto(s) n\u00e3o tenha qualquer sinal de uso, tenha as suas caracter\u00edsticas originais e respectivas etiquetas intactas e esteja devidamente embalado.<\/p>\n\n\n\n<blockquote class=\"wp-block-quote is-layout-flow wp-block-quote-is-layout-flow\">\n<p><strong>Quando receberei o meu reembolso?<\/strong><\/p>\n<\/blockquote>\n\n\n\n<p>As reembolsos demoram cerca de 15 dias \u00fateis a processar.<\/p>\n\n\n\n<blockquote class=\"wp-block-quote is-layout-flow wp-block-quote-is-layout-flow\">\n<p><strong>Como receberei o reembolso da minha devolu\u00e7\u00e3o?<\/strong><\/p>\n<\/blockquote>\n\n\n\n<p>Ao solicitar o seu reembolso receber\u00e1 o montante pela mesma via que efetuou o pagamento.<\/p>\n\n\n\n<blockquote class=\"wp-block-quote is-layout-flow wp-block-quote-is-layout-flow\">\n<p><strong>Devolu\u00e7\u00f5es de artigos com desconto<\/strong><\/p>\n<\/blockquote>\n\n\n\n<p>Caso devolva um artigo que beneficiou de um desconto aplicado ao total  da sua encomenda, ser\u00e1 devolvido o montante respectivo, deduzida a parte  proporcional do desconto correspondente a esse mesmo artigo.<\/p>\n\n\n\n<h2 class=\"wp-block-heading has-text-align-center\">Ofertas e Descontos<\/h2>\n\n\n\n<blockquote class=\"wp-block-quote has-text-align-left is-layout-flow wp-block-quote-is-layout-flow\">\n<p><strong>Como uso um Promocode?<\/strong><\/p>\n<\/blockquote>\n\n\n\n<p>A F\u00e1brica das Pe\u00fagas disp\u00f5es de v\u00e1rias ofertas e promo\u00e7\u00f5es. Pode obter atrav\u00e9s da nossa p\u00e1gina &#8220;<a href=\"https:\/\/fabricadaspeugas.com\/es\/cupoes-de-desconto-fabrica-das-peugas\/\">Cupones de descuento<\/a>&#8220;, por e-mail, Programa EcoSocks e estabelecimentos comerciais em v\u00e1rios pontos do pa\u00eds.<br>A aplica\u00e7\u00e3o de qualquer oferta\/promo\u00e7\u00e3o (promocode) implica a inser\u00e7\u00e3o e valida\u00e7\u00e3o do c\u00f3digo, na caixa de texto facultada para esse mesmo efeito, no \u00faltimo  passo do checkout da encomenda.  <\/p>\n\n\n\n<blockquote class=\"wp-block-quote is-layout-flow wp-block-quote-is-layout-flow\">\n<p><strong>Tenho mais do que um Promocode, que fa\u00e7o?<\/strong><\/p>\n<\/blockquote>\n\n\n\n<p>S\u00f3 pode escolher uma promo\u00e7\u00e3o\/oferta por encomenda, uma vez que as promo\u00e7\u00f5es n\u00e3o s\u00e3o cumul\u00e1veis entre si.<br>Para receber uma oferta de cada promo\u00e7\u00e3o, ou v\u00e1rias unidades da mesma oferta, basta que efetue encomendas independentes e que em cada uma delas escolha a oferta que pretende.<\/p>\n\n\n\n<blockquote class=\"wp-block-quote is-layout-flow wp-block-quote-is-layout-flow\">\n<p><strong>N\u00e3o est\u00e1 a ser aplicado o desconto na minha encomenda. Porqu\u00ea?<\/strong><\/p>\n<\/blockquote>\n\n\n\n<p>Se disp\u00f5e de um promocode sujeito a um valor m\u00ednimo de encomenda e o seu pedido n\u00e3o cumpre essa condi\u00e7\u00e3o, o mesmo n\u00e3o ser\u00e1 aplicado. Poder\u00e1  verificar no texto detalhado da promo\u00e7\u00e3o todas as condi\u00e7\u00f5es para a  aplica\u00e7\u00e3o do respectivo desconto. <\/p>\n\n\n\n<h2 class=\"wp-block-heading has-text-align-center\">Contacte-nos<\/h2>\n\n\n\n<blockquote class=\"wp-block-quote is-layout-flow wp-block-quote-is-layout-flow\">\n<p><strong>Como posso contactar a F\u00e1brica das Pe\u00fagas para informa\u00e7\u00f5es?<\/strong><\/p>\n<\/blockquote>\n\n\n\n<p> Pode realizar os seus pedidos de informa\u00e7\u00e3o:<\/p>\n\n\n\n<p><strong>Internet:<\/strong> Na nossa p\u00e1gina<a href=\"https:\/\/fabricadaspeugas.com\/es\/\"><\/a> disp\u00f5e de uma se\u00e7\u00e3o de ajuda onde poder\u00e1 clarificar qualquer d\u00favida.<\/p>\n\n\n\n<p><strong>E-mail:<\/strong> <a href=\"mailto:info@fabricadaspeugas.com\">info@fabricadaspeugas.com<\/a><\/p>\n\n\n\n<p><strong>Telefone<\/strong>: <a href=\"tel:+351912347613\">+351 912 347 613<\/a><\/p>\n\n\n\n<p><strong>WhatsApp: <\/strong> <a href=\"tel:+351912347613\">+351 912 347 613<\/a> <\/p>\n\n\n\n<p><\/p>\n\n\n\n<blockquote class=\"wp-block-quote is-layout-flow wp-block-quote-is-layout-flow\">\n<p><strong>A F\u00e1brica das Pe\u00fagas disp\u00f5e de lojas f\u00edsicas?<\/strong><\/p>\n<\/blockquote>\n\n\n\n<p>N\u00e3o. A F\u00e1brica das Pe\u00fagas vende exclusivamente online.<\/p>\n\n\n\n<h2 class=\"wp-block-heading has-text-align-center\">Reclama\u00e7\u00f5es<\/h2>\n\n\n\n<blockquote class=\"wp-block-quote is-layout-flow wp-block-quote-is-layout-flow\">\n<p><strong>Quais os passos que devo seguir para submeter uma reclama\u00e7\u00e3o?<\/strong><\/p>\n<\/blockquote>\n\n\n\n<p>Em  primeiro lugar, deve certificar-se de que contem toda a informa\u00e7\u00e3o e documenta\u00e7\u00e3o necess\u00e1ria para preencher a reclama\u00e7\u00e3o.<\/p>\n\n\n\n<p>Na posse de todos os elementos, deve:<\/p>\n\n\n\n<ol class=\"wp-block-list\">\n<li> Ir ao website <a href=\"https:\/\/www.livroreclamacoes.pt\/inicio\">Libro de reclamaciones<\/a> e clicar no&nbsp;\u00edcone&nbsp;\u201cFazer Reclama\u00e7\u00e3o\u201d \u2013 de seguida ser-lhe-\u00e1 solicitado o endere\u00e7o de correio eletr\u00f3nico; <\/li>\n\n\n\n<li> Introduza o seu endere\u00e7o de e-mail e clique em \u201cSubmeter\u201d &#8211; receber\u00e1 uma mensagem na sua caixa de correio com um&nbsp;link&nbsp;para prosseguir com a sua reclama\u00e7\u00e3o;<\/li>\n\n\n\n<li> Aceda \u00e0 mensagem da Plataforma que ter\u00e1 recebido no seu&nbsp;e-mail&nbsp;e carregue no&nbsp;link.<strong> <\/strong>60 minutos, \u00e9 o per\u00edodo ap\u00f3s o qual o mesmo perder\u00e1 a sua validade tornando-se necess\u00e1rio repetir o processo acima indicado. <\/li>\n\n\n\n<li> Ap\u00f3s carregar no link, pode prosseguir com a reclama\u00e7\u00e3o da seguinte forma: &#8211; Inserir os seus dados pessoais; &#8211;  Preencher os dados da empresa reclamada &#8211; o nome do operador,  morada, telefone e NIF. De seguida, deve selecionar o \u201csetor de atividade\u201d sobre a qual incide a reclama\u00e7\u00e3o; &#8211; Preencha o&nbsp;campos da reclama\u00e7\u00e3o com descri\u00e7\u00e3o do assunto e factos; <\/li>\n\n\n\n<li>Pode anexar, caso seja necess\u00e1rio, documentos \u00e0 sua reclama\u00e7\u00e3o. Pode anexar at\u00e9 3 documentos. Cada ficheiro deve ter  um tamanho m\u00e1ximo de: 2 MB. Tipo de ficheiros aceite: pdf, jpg, jpeg,  png, doc, docx, xls, xlsx, ppt, pptx, odb, odf, odg, odp, ods, odt.&nbsp; &#8211; Por \u00faltimo, deve confirmar se todos os dados est\u00e3o corretos e \u201csubmeter\u201d. <\/li>\n<\/ol>\n\n\n\n<p>Depois  de percorrer estes 4 passos, receber\u00e1 no seu endere\u00e7o de  correio eletr\u00f3nico o comprovativo da sua reclama\u00e7\u00e3o que poder\u00e1 imprimir.<\/p>\n\n\n\n<p>A resposta \u00e0 reclama\u00e7\u00e3o apresentada \u00e9, por parte da F\u00e1brica das Pe\u00fagas,  dada em prazo n\u00e3o superior a 20 dias contados da data da sua rece\u00e7\u00e3o.<\/p>","protected":false},"excerpt":{"rendered":"<p>Encomendas e Entregas Posso cancelar ou alterar a minha encomenda? Se acaba de efetuar a sua encomenda e a mesma n\u00e3o estiver ainda em processo de prepara\u00e7\u00e3o, pode ainda cancelar ou alterar. Envie um e-mail para info@fabricadaspeugas.com ou preencha o formul\u00e1rio pr\u00f3prio para o efeito, aqui. Se a sua encomenda j\u00e1 entrou em processo de [&hellip;]<\/p>\n","protected":false},"author":1,"featured_media":0,"parent":0,"menu_order":0,"comment_status":"closed","ping_status":"closed","template":"","meta":{"footnotes":""},"class_list":["post-1552","page","type-page","status-publish","hentry"],"yoast_head":"<!-- This site is optimized with the Yoast SEO plugin v27.4 - https:\/\/yoast.com\/product\/yoast-seo-wordpress\/ -->\n<title>FAQs - Perguntas Frequentes &#8211; F\u00e1brica das Pe\u00fagas\u00ae - N\u00e3o s\u00e3o s\u00f3 pe\u00fagas!<\/title>\n<meta name=\"robots\" content=\"index, follow, max-snippet:-1, max-image-preview:large, max-video-preview:-1\" \/>\n<link rel=\"canonical\" href=\"https:\/\/fabricadaspeugas.com\/es\/perguntas-frequentes\/\" \/>\n<meta property=\"og:locale\" content=\"es_ES\" \/>\n<meta property=\"og:type\" content=\"article\" \/>\n<meta property=\"og:title\" content=\"FAQs - Perguntas Frequentes &#8211; F\u00e1brica das Pe\u00fagas\u00ae - N\u00e3o s\u00e3o s\u00f3 pe\u00fagas!\" \/>\n<meta property=\"og:description\" content=\"Encomendas e Entregas Posso cancelar ou alterar a minha encomenda? Se acaba de efetuar a sua encomenda e a mesma n\u00e3o estiver ainda em processo de prepara\u00e7\u00e3o, pode ainda cancelar ou alterar. Envie um e-mail para info@fabricadaspeugas.com ou preencha o formul\u00e1rio pr\u00f3prio para o efeito, aqui. Se a sua encomenda j\u00e1 entrou em processo de [&hellip;]\" \/>\n<meta property=\"og:url\" content=\"https:\/\/fabricadaspeugas.com\/es\/perguntas-frequentes\/\" \/>\n<meta property=\"og:site_name\" content=\"F\u00e1brica das Pe\u00fagas\u00ae - N\u00e3o s\u00e3o s\u00f3 pe\u00fagas!\" \/>\n<meta property=\"article:publisher\" content=\"https:\/\/www.facebook.com\/fabricadaspeugas\" \/>\n<meta property=\"article:modified_time\" content=\"2026-01-03T16:38:05+00:00\" \/>\n<meta name=\"twitter:card\" content=\"summary_large_image\" \/>\n<meta name=\"twitter:label1\" content=\"Tiempo de lectura\" \/>\n\t<meta name=\"twitter:data1\" content=\"6 minutos\" \/>\n<script type=\"application\/ld+json\" class=\"yoast-schema-graph\">{\"@context\":\"https:\\\/\\\/schema.org\",\"@graph\":[{\"@type\":\"WebPage\",\"@id\":\"https:\\\/\\\/fabricadaspeugas.com\\\/perguntas-frequentes\\\/\",\"url\":\"https:\\\/\\\/fabricadaspeugas.com\\\/perguntas-frequentes\\\/\",\"name\":\"FAQs - Perguntas Frequentes &#8211; F\u00e1brica das Pe\u00fagas\u00ae - N\u00e3o s\u00e3o s\u00f3 pe\u00fagas!\",\"isPartOf\":{\"@id\":\"https:\\\/\\\/fabricadaspeugas.com\\\/#website\"},\"datePublished\":\"2019-05-08T10:48:27+00:00\",\"dateModified\":\"2026-01-03T16:38:05+00:00\",\"breadcrumb\":{\"@id\":\"https:\\\/\\\/fabricadaspeugas.com\\\/perguntas-frequentes\\\/#breadcrumb\"},\"inLanguage\":\"es\",\"potentialAction\":[{\"@type\":\"ReadAction\",\"target\":[\"https:\\\/\\\/fabricadaspeugas.com\\\/perguntas-frequentes\\\/\"]}]},{\"@type\":\"BreadcrumbList\",\"@id\":\"https:\\\/\\\/fabricadaspeugas.com\\\/perguntas-frequentes\\\/#breadcrumb\",\"itemListElement\":[{\"@type\":\"ListItem\",\"position\":1,\"name\":\"In\u00edcio\",\"item\":\"https:\\\/\\\/fabricadaspeugas.com\\\/\"},{\"@type\":\"ListItem\",\"position\":2,\"name\":\"FAQs &#8211; Perguntas Frequentes\"}]},{\"@type\":\"WebSite\",\"@id\":\"https:\\\/\\\/fabricadaspeugas.com\\\/#website\",\"url\":\"https:\\\/\\\/fabricadaspeugas.com\\\/\",\"name\":\"F\u00e1brica das Pe\u00fagas\u00ae - N\u00e3o s\u00e3o s\u00f3 pe\u00fagas!\",\"description\":\"Pe\u00fagas divertidas, casuais, desportivas e confort\u00e1veis. Desfrute de conforto e qualidade incompar\u00e1veis \u200b\u200ba cada passo.\",\"publisher\":{\"@id\":\"https:\\\/\\\/fabricadaspeugas.com\\\/#organization\"},\"potentialAction\":[{\"@type\":\"SearchAction\",\"target\":{\"@type\":\"EntryPoint\",\"urlTemplate\":\"https:\\\/\\\/fabricadaspeugas.com\\\/?s={search_term_string}\"},\"query-input\":{\"@type\":\"PropertyValueSpecification\",\"valueRequired\":true,\"valueName\":\"search_term_string\"}}],\"inLanguage\":\"es\"},{\"@type\":\"Organization\",\"@id\":\"https:\\\/\\\/fabricadaspeugas.com\\\/#organization\",\"name\":\"F\u00e1brica das Pe\u00fagas\u00ae\",\"url\":\"https:\\\/\\\/fabricadaspeugas.com\\\/\",\"logo\":{\"@type\":\"ImageObject\",\"inLanguage\":\"es\",\"@id\":\"https:\\\/\\\/fabricadaspeugas.com\\\/#\\\/schema\\\/logo\\\/image\\\/\",\"url\":\"https:\\\/\\\/fabricadaspeugas.com\\\/wp-content\\\/uploads\\\/2025\\\/05\\\/fabrica_das_peugas_logov3.png\",\"contentUrl\":\"https:\\\/\\\/fabricadaspeugas.com\\\/wp-content\\\/uploads\\\/2025\\\/05\\\/fabrica_das_peugas_logov3.png\",\"width\":200,\"height\":121,\"caption\":\"F\u00e1brica das Pe\u00fagas\u00ae\"},\"image\":{\"@id\":\"https:\\\/\\\/fabricadaspeugas.com\\\/#\\\/schema\\\/logo\\\/image\\\/\"},\"sameAs\":[\"https:\\\/\\\/www.facebook.com\\\/fabricadaspeugas\",\"https:\\\/\\\/www.instagram.com\\\/fabrica.das.peugas\\\/\"]}]}<\/script>\n<!-- \/ Yoast SEO plugin. -->","yoast_head_json":{"title":"FAQs - Perguntas Frequentes &#8211; F\u00e1brica das Pe\u00fagas\u00ae - N\u00e3o s\u00e3o s\u00f3 pe\u00fagas!","robots":{"index":"index","follow":"follow","max-snippet":"max-snippet:-1","max-image-preview":"max-image-preview:large","max-video-preview":"max-video-preview:-1"},"canonical":"https:\/\/fabricadaspeugas.com\/es\/perguntas-frequentes\/","og_locale":"es_ES","og_type":"article","og_title":"FAQs - Perguntas Frequentes &#8211; F\u00e1brica das Pe\u00fagas\u00ae - N\u00e3o s\u00e3o s\u00f3 pe\u00fagas!","og_description":"Encomendas e Entregas Posso cancelar ou alterar a minha encomenda? Se acaba de efetuar a sua encomenda e a mesma n\u00e3o estiver ainda em processo de prepara\u00e7\u00e3o, pode ainda cancelar ou alterar. Envie um e-mail para info@fabricadaspeugas.com ou preencha o formul\u00e1rio pr\u00f3prio para o efeito, aqui. Se a sua encomenda j\u00e1 entrou em processo de [&hellip;]","og_url":"https:\/\/fabricadaspeugas.com\/es\/perguntas-frequentes\/","og_site_name":"F\u00e1brica das Pe\u00fagas\u00ae - N\u00e3o s\u00e3o s\u00f3 pe\u00fagas!","article_publisher":"https:\/\/www.facebook.com\/fabricadaspeugas","article_modified_time":"2026-01-03T16:38:05+00:00","twitter_card":"summary_large_image","twitter_misc":{"Tiempo de lectura":"6 minutos"},"schema":{"@context":"https:\/\/schema.org","@graph":[{"@type":"WebPage","@id":"https:\/\/fabricadaspeugas.com\/perguntas-frequentes\/","url":"https:\/\/fabricadaspeugas.com\/perguntas-frequentes\/","name":"FAQs - Perguntas Frequentes &#8211; F\u00e1brica das Pe\u00fagas\u00ae - N\u00e3o s\u00e3o s\u00f3 pe\u00fagas!","isPartOf":{"@id":"https:\/\/fabricadaspeugas.com\/#website"},"datePublished":"2019-05-08T10:48:27+00:00","dateModified":"2026-01-03T16:38:05+00:00","breadcrumb":{"@id":"https:\/\/fabricadaspeugas.com\/perguntas-frequentes\/#breadcrumb"},"inLanguage":"es","potentialAction":[{"@type":"ReadAction","target":["https:\/\/fabricadaspeugas.com\/perguntas-frequentes\/"]}]},{"@type":"BreadcrumbList","@id":"https:\/\/fabricadaspeugas.com\/perguntas-frequentes\/#breadcrumb","itemListElement":[{"@type":"ListItem","position":1,"name":"In\u00edcio","item":"https:\/\/fabricadaspeugas.com\/"},{"@type":"ListItem","position":2,"name":"FAQs &#8211; Perguntas Frequentes"}]},{"@type":"WebSite","@id":"https:\/\/fabricadaspeugas.com\/#website","url":"https:\/\/fabricadaspeugas.com\/","name":"F\u00e1brica das Pe\u00fagas\u00ae - \u00a1No s\u00f3lo calcetines!","description":"Calcetines divertidos, informales, deportivos y c\u00f3modos. Disfruta de un confort y una calidad inigualables a cada paso.","publisher":{"@id":"https:\/\/fabricadaspeugas.com\/#organization"},"potentialAction":[{"@type":"SearchAction","target":{"@type":"EntryPoint","urlTemplate":"https:\/\/fabricadaspeugas.com\/?s={search_term_string}"},"query-input":{"@type":"PropertyValueSpecification","valueRequired":true,"valueName":"search_term_string"}}],"inLanguage":"es"},{"@type":"Organization","@id":"https:\/\/fabricadaspeugas.com\/#organization","name":"F\u00e1brica de calcetines","url":"https:\/\/fabricadaspeugas.com\/","logo":{"@type":"ImageObject","inLanguage":"es","@id":"https:\/\/fabricadaspeugas.com\/#\/schema\/logo\/image\/","url":"https:\/\/fabricadaspeugas.com\/wp-content\/uploads\/2025\/05\/fabrica_das_peugas_logov3.png","contentUrl":"https:\/\/fabricadaspeugas.com\/wp-content\/uploads\/2025\/05\/fabrica_das_peugas_logov3.png","width":200,"height":121,"caption":"F\u00e1brica das Pe\u00fagas\u00ae"},"image":{"@id":"https:\/\/fabricadaspeugas.com\/#\/schema\/logo\/image\/"},"sameAs":["https:\/\/www.facebook.com\/fabricadaspeugas","https:\/\/www.instagram.com\/fabrica.das.peugas\/"]}]}},"_links":{"self":[{"href":"https:\/\/fabricadaspeugas.com\/es\/wp-json\/wp\/v2\/pages\/1552","targetHints":{"allow":["GET"]}}],"collection":[{"href":"https:\/\/fabricadaspeugas.com\/es\/wp-json\/wp\/v2\/pages"}],"about":[{"href":"https:\/\/fabricadaspeugas.com\/es\/wp-json\/wp\/v2\/types\/page"}],"author":[{"embeddable":true,"href":"https:\/\/fabricadaspeugas.com\/es\/wp-json\/wp\/v2\/users\/1"}],"replies":[{"embeddable":true,"href":"https:\/\/fabricadaspeugas.com\/es\/wp-json\/wp\/v2\/comments?post=1552"}],"version-history":[{"count":0,"href":"https:\/\/fabricadaspeugas.com\/es\/wp-json\/wp\/v2\/pages\/1552\/revisions"}],"wp:attachment":[{"href":"https:\/\/fabricadaspeugas.com\/es\/wp-json\/wp\/v2\/media?parent=1552"}],"curies":[{"name":"wp","href":"https:\/\/api.w.org\/{rel}","templated":true}]}}