{"id":6492,"date":"2019-11-11T22:00:01","date_gmt":"2019-11-11T22:00:01","guid":{"rendered":"https:\/\/fabricadaspeugas.com\/?page_id=6492"},"modified":"2019-11-11T23:43:46","modified_gmt":"2019-11-11T23:43:46","slug":"derecho-a-la-libre-resolucion","status":"publish","type":"page","link":"https:\/\/fabricadaspeugas.com\/es\/direito-a-livre-resolucao\/","title":{"rendered":"Derecho a la libre resoluci\u00f3n"},"content":{"rendered":"<p>La F\u00e1brica das Pe\u00fagas acepta cambios y devoluciones de sus art\u00edculos, con excepci\u00f3n del art\u00edculo Caixa Mist\u00e9rio, en un plazo m\u00e1ximo de 14 d\u00edas, comenzando el plazo a partir del d\u00eda en que el cliente recibi\u00f3 el producto. <\/p>\n\n\n\n<p>Cancelar o cambiar su pedido. Si acaba de hacer su pedido y no se est\u00e1 preparando, a\u00fan puede cancelarlo o modificarlo. <\/p>\n\n\n\n<p>Para iniciar el proceso de Derecho a la libre resoluci\u00f3n, env\u00ede un correo electr\u00f3nico a <strong>info@fabricadaspeugas.com<\/strong> o rellene el formulario correspondiente, <a href=\"https:\/\/fabricadaspeugas.com\/es\/hable-con-nosotros\/\">aqu\u00ed<\/a>.  Un asistente se pondr\u00e1 en contacto con usted para acompa\u00f1arle durante todo el proceso. Los cambios, devoluciones o reembolsos solo se realizar\u00e1n una vez que el cliente haya entregado el art\u00edculo. <\/p>\n\n\n\n<p>Los gastos de devoluci\u00f3n corren a cargo del cliente. No obstante, se le reembolsar\u00e1 el importe \u00edntegro (coste del producto y coste de devoluci\u00f3n) siempre que el producto no presente signos de uso y est\u00e9 correctamente embalado.<\/p>","protected":false},"excerpt":{"rendered":"<p>A F\u00e1brica das Pe\u00fagas aceita a troca e devolu\u00e7\u00f5es dos seus artigos, \u00e0 exce\u00e7\u00e3o do artigo Caixa Mist\u00e9rio, no prazo m\u00e1ximo de 14 dias, sendo que o prazo come\u00e7a a contar a partir do dia em que o cliente rececionou o produto. Cancelar ou alterar a encomenda. Se acaba de efetuar a sua encomenda e [&hellip;]<\/p>\n","protected":false},"author":1,"featured_media":0,"parent":0,"menu_order":0,"comment_status":"closed","ping_status":"closed","template":"","meta":{"footnotes":""},"class_list":["post-6492","page","type-page","status-publish","hentry"],"yoast_head":"<!-- This site is optimized with the Yoast SEO plugin v27.4 - https:\/\/yoast.com\/product\/yoast-seo-wordpress\/ -->\n<title>Direito \u00e0 Livre Resolu\u00e7\u00e3o &#8211; F\u00e1brica das Pe\u00fagas\u00ae - N\u00e3o s\u00e3o s\u00f3 pe\u00fagas!<\/title>\n<meta name=\"robots\" content=\"index, follow, max-snippet:-1, max-image-preview:large, max-video-preview:-1\" \/>\n<link rel=\"canonical\" href=\"https:\/\/fabricadaspeugas.com\/es\/derecho-a-la-libre-resolucion\/\" \/>\n<meta property=\"og:locale\" content=\"es_ES\" \/>\n<meta property=\"og:type\" content=\"article\" \/>\n<meta property=\"og:title\" content=\"Direito \u00e0 Livre Resolu\u00e7\u00e3o &#8211; F\u00e1brica das Pe\u00fagas\u00ae - N\u00e3o s\u00e3o s\u00f3 pe\u00fagas!\" \/>\n<meta property=\"og:description\" content=\"A F\u00e1brica das Pe\u00fagas aceita a troca e devolu\u00e7\u00f5es dos seus artigos, \u00e0 exce\u00e7\u00e3o do artigo Caixa Mist\u00e9rio, no prazo m\u00e1ximo de 14 dias, sendo que o prazo come\u00e7a a contar a partir do dia em que o cliente rececionou o produto. Cancelar ou alterar a encomenda. Se acaba de efetuar a sua encomenda e [&hellip;]\" \/>\n<meta property=\"og:url\" content=\"https:\/\/fabricadaspeugas.com\/es\/derecho-a-la-libre-resolucion\/\" \/>\n<meta property=\"og:site_name\" content=\"F\u00e1brica das Pe\u00fagas\u00ae - N\u00e3o s\u00e3o s\u00f3 pe\u00fagas!\" \/>\n<meta property=\"article:publisher\" content=\"https:\/\/www.facebook.com\/fabricadaspeugas\" \/>\n<meta property=\"article:modified_time\" content=\"2019-11-11T23:43:46+00:00\" \/>\n<meta name=\"twitter:card\" content=\"summary_large_image\" \/>\n<meta name=\"twitter:label1\" content=\"Tiempo de lectura\" \/>\n\t<meta name=\"twitter:data1\" content=\"1 minuto\" \/>\n<script type=\"application\/ld+json\" class=\"yoast-schema-graph\">{\"@context\":\"https:\\\/\\\/schema.org\",\"@graph\":[{\"@type\":\"WebPage\",\"@id\":\"https:\\\/\\\/fabricadaspeugas.com\\\/direito-a-livre-resolucao\\\/\",\"url\":\"https:\\\/\\\/fabricadaspeugas.com\\\/direito-a-livre-resolucao\\\/\",\"name\":\"Direito \u00e0 Livre Resolu\u00e7\u00e3o &#8211; F\u00e1brica das Pe\u00fagas\u00ae - N\u00e3o s\u00e3o s\u00f3 pe\u00fagas!\",\"isPartOf\":{\"@id\":\"https:\\\/\\\/fabricadaspeugas.com\\\/#website\"},\"datePublished\":\"2019-11-11T22:00:01+00:00\",\"dateModified\":\"2019-11-11T23:43:46+00:00\",\"breadcrumb\":{\"@id\":\"https:\\\/\\\/fabricadaspeugas.com\\\/direito-a-livre-resolucao\\\/#breadcrumb\"},\"inLanguage\":\"es\",\"potentialAction\":[{\"@type\":\"ReadAction\",\"target\":[\"https:\\\/\\\/fabricadaspeugas.com\\\/direito-a-livre-resolucao\\\/\"]}]},{\"@type\":\"BreadcrumbList\",\"@id\":\"https:\\\/\\\/fabricadaspeugas.com\\\/direito-a-livre-resolucao\\\/#breadcrumb\",\"itemListElement\":[{\"@type\":\"ListItem\",\"position\":1,\"name\":\"In\u00edcio\",\"item\":\"https:\\\/\\\/fabricadaspeugas.com\\\/\"},{\"@type\":\"ListItem\",\"position\":2,\"name\":\"Direito \u00e0 Livre Resolu\u00e7\u00e3o\"}]},{\"@type\":\"WebSite\",\"@id\":\"https:\\\/\\\/fabricadaspeugas.com\\\/#website\",\"url\":\"https:\\\/\\\/fabricadaspeugas.com\\\/\",\"name\":\"F\u00e1brica das Pe\u00fagas\u00ae - N\u00e3o s\u00e3o s\u00f3 pe\u00fagas!\",\"description\":\"Pe\u00fagas divertidas, casuais, desportivas e confort\u00e1veis. Desfrute de conforto e qualidade incompar\u00e1veis \u200b\u200ba cada passo.\",\"publisher\":{\"@id\":\"https:\\\/\\\/fabricadaspeugas.com\\\/#organization\"},\"potentialAction\":[{\"@type\":\"SearchAction\",\"target\":{\"@type\":\"EntryPoint\",\"urlTemplate\":\"https:\\\/\\\/fabricadaspeugas.com\\\/?s={search_term_string}\"},\"query-input\":{\"@type\":\"PropertyValueSpecification\",\"valueRequired\":true,\"valueName\":\"search_term_string\"}}],\"inLanguage\":\"es\"},{\"@type\":\"Organization\",\"@id\":\"https:\\\/\\\/fabricadaspeugas.com\\\/#organization\",\"name\":\"F\u00e1brica das Pe\u00fagas\u00ae\",\"url\":\"https:\\\/\\\/fabricadaspeugas.com\\\/\",\"logo\":{\"@type\":\"ImageObject\",\"inLanguage\":\"es\",\"@id\":\"https:\\\/\\\/fabricadaspeugas.com\\\/#\\\/schema\\\/logo\\\/image\\\/\",\"url\":\"https:\\\/\\\/fabricadaspeugas.com\\\/wp-content\\\/uploads\\\/2025\\\/05\\\/fabrica_das_peugas_logov3.png\",\"contentUrl\":\"https:\\\/\\\/fabricadaspeugas.com\\\/wp-content\\\/uploads\\\/2025\\\/05\\\/fabrica_das_peugas_logov3.png\",\"width\":200,\"height\":121,\"caption\":\"F\u00e1brica das Pe\u00fagas\u00ae\"},\"image\":{\"@id\":\"https:\\\/\\\/fabricadaspeugas.com\\\/#\\\/schema\\\/logo\\\/image\\\/\"},\"sameAs\":[\"https:\\\/\\\/www.facebook.com\\\/fabricadaspeugas\",\"https:\\\/\\\/www.instagram.com\\\/fabrica.das.peugas\\\/\"]}]}<\/script>\n<!-- \/ Yoast SEO plugin. -->","yoast_head_json":{"title":"Derecho a la libre resoluci\u00f3n - F\u00e1brica das Pe\u00fagas\u00ae - \u00a1No son s\u00f3lo calcetines!","robots":{"index":"index","follow":"follow","max-snippet":"max-snippet:-1","max-image-preview":"max-image-preview:large","max-video-preview":"max-video-preview:-1"},"canonical":"https:\/\/fabricadaspeugas.com\/es\/derecho-a-la-libre-resolucion\/","og_locale":"es_ES","og_type":"article","og_title":"Direito \u00e0 Livre Resolu\u00e7\u00e3o &#8211; F\u00e1brica das Pe\u00fagas\u00ae - N\u00e3o s\u00e3o s\u00f3 pe\u00fagas!","og_description":"A F\u00e1brica das Pe\u00fagas aceita a troca e devolu\u00e7\u00f5es dos seus artigos, \u00e0 exce\u00e7\u00e3o do artigo Caixa Mist\u00e9rio, no prazo m\u00e1ximo de 14 dias, sendo que o prazo come\u00e7a a contar a partir do dia em que o cliente rececionou o produto. Cancelar ou alterar a encomenda. Se acaba de efetuar a sua encomenda e [&hellip;]","og_url":"https:\/\/fabricadaspeugas.com\/es\/derecho-a-la-libre-resolucion\/","og_site_name":"F\u00e1brica das Pe\u00fagas\u00ae - N\u00e3o s\u00e3o s\u00f3 pe\u00fagas!","article_publisher":"https:\/\/www.facebook.com\/fabricadaspeugas","article_modified_time":"2019-11-11T23:43:46+00:00","twitter_card":"summary_large_image","twitter_misc":{"Tiempo de lectura":"1 minuto"},"schema":{"@context":"https:\/\/schema.org","@graph":[{"@type":"WebPage","@id":"https:\/\/fabricadaspeugas.com\/direito-a-livre-resolucao\/","url":"https:\/\/fabricadaspeugas.com\/direito-a-livre-resolucao\/","name":"Derecho a la libre resoluci\u00f3n - F\u00e1brica das Pe\u00fagas\u00ae - \u00a1No son s\u00f3lo calcetines!","isPartOf":{"@id":"https:\/\/fabricadaspeugas.com\/#website"},"datePublished":"2019-11-11T22:00:01+00:00","dateModified":"2019-11-11T23:43:46+00:00","breadcrumb":{"@id":"https:\/\/fabricadaspeugas.com\/direito-a-livre-resolucao\/#breadcrumb"},"inLanguage":"es","potentialAction":[{"@type":"ReadAction","target":["https:\/\/fabricadaspeugas.com\/direito-a-livre-resolucao\/"]}]},{"@type":"BreadcrumbList","@id":"https:\/\/fabricadaspeugas.com\/direito-a-livre-resolucao\/#breadcrumb","itemListElement":[{"@type":"ListItem","position":1,"name":"In\u00edcio","item":"https:\/\/fabricadaspeugas.com\/"},{"@type":"ListItem","position":2,"name":"Direito \u00e0 Livre Resolu\u00e7\u00e3o"}]},{"@type":"WebSite","@id":"https:\/\/fabricadaspeugas.com\/#website","url":"https:\/\/fabricadaspeugas.com\/","name":"F\u00e1brica das Pe\u00fagas\u00ae - \u00a1No s\u00f3lo calcetines!","description":"Calcetines divertidos, informales, deportivos y c\u00f3modos. Disfruta de un confort y una calidad inigualables a cada paso.","publisher":{"@id":"https:\/\/fabricadaspeugas.com\/#organization"},"potentialAction":[{"@type":"SearchAction","target":{"@type":"EntryPoint","urlTemplate":"https:\/\/fabricadaspeugas.com\/?s={search_term_string}"},"query-input":{"@type":"PropertyValueSpecification","valueRequired":true,"valueName":"search_term_string"}}],"inLanguage":"es"},{"@type":"Organization","@id":"https:\/\/fabricadaspeugas.com\/#organization","name":"F\u00e1brica de calcetines","url":"https:\/\/fabricadaspeugas.com\/","logo":{"@type":"ImageObject","inLanguage":"es","@id":"https:\/\/fabricadaspeugas.com\/#\/schema\/logo\/image\/","url":"https:\/\/fabricadaspeugas.com\/wp-content\/uploads\/2025\/05\/fabrica_das_peugas_logov3.png","contentUrl":"https:\/\/fabricadaspeugas.com\/wp-content\/uploads\/2025\/05\/fabrica_das_peugas_logov3.png","width":200,"height":121,"caption":"F\u00e1brica das Pe\u00fagas\u00ae"},"image":{"@id":"https:\/\/fabricadaspeugas.com\/#\/schema\/logo\/image\/"},"sameAs":["https:\/\/www.facebook.com\/fabricadaspeugas","https:\/\/www.instagram.com\/fabrica.das.peugas\/"]}]}},"_links":{"self":[{"href":"https:\/\/fabricadaspeugas.com\/es\/wp-json\/wp\/v2\/pages\/6492","targetHints":{"allow":["GET"]}}],"collection":[{"href":"https:\/\/fabricadaspeugas.com\/es\/wp-json\/wp\/v2\/pages"}],"about":[{"href":"https:\/\/fabricadaspeugas.com\/es\/wp-json\/wp\/v2\/types\/page"}],"author":[{"embeddable":true,"href":"https:\/\/fabricadaspeugas.com\/es\/wp-json\/wp\/v2\/users\/1"}],"replies":[{"embeddable":true,"href":"https:\/\/fabricadaspeugas.com\/es\/wp-json\/wp\/v2\/comments?post=6492"}],"version-history":[{"count":0,"href":"https:\/\/fabricadaspeugas.com\/es\/wp-json\/wp\/v2\/pages\/6492\/revisions"}],"wp:attachment":[{"href":"https:\/\/fabricadaspeugas.com\/es\/wp-json\/wp\/v2\/media?parent=6492"}],"curies":[{"name":"wp","href":"https:\/\/api.w.org\/{rel}","templated":true}]}}