{"id":6507,"date":"2019-11-11T22:48:05","date_gmt":"2019-11-11T22:48:05","guid":{"rendered":"https:\/\/fabricadaspeugas.com\/?page_id=6507"},"modified":"2019-11-16T22:18:30","modified_gmt":"2019-11-16T22:18:30","slug":"livro-de-reclamacoes","status":"publish","type":"page","link":"https:\/\/fabricadaspeugas.com\/es\/livro-de-reclamacoes\/","title":{"rendered":"Libro de reclamaciones"},"content":{"rendered":"<blockquote class=\"wp-block-quote is-layout-flow wp-block-quote-is-layout-flow\"><p><strong>Quais os passos que devo seguir para submeter uma reclama\u00e7\u00e3o?<\/strong><\/p><\/blockquote>\n\n\n\n<p>Em  primeiro lugar, deve certificar-se de que contem toda a informa\u00e7\u00e3o e documenta\u00e7\u00e3o necess\u00e1ria para preencher a reclama\u00e7\u00e3o.<\/p>\n\n\n\n<p>Na posse de todos os elementos, deve:<\/p>\n\n\n\n<ol class=\"wp-block-list\"><li> Ir ao website<strong> <\/strong><a href=\"https:\/\/www.livroreclamacoes.pt\/inicio\"><strong>Libro de reclamaciones<\/strong><\/a><strong> <\/strong>e clicar no\u00a0\u00edcone\u00a0\u201cFazer Reclama\u00e7\u00e3o\u201d \u2013 de seguida ser-lhe-\u00e1 solicitado o endere\u00e7o de correio eletr\u00f3nico; <\/li><li> Introduza o seu endere\u00e7o de e-mail e clique em \u201cSubmeter\u201d &#8211; receber\u00e1 uma mensagem na sua caixa de correio com um\u00a0link\u00a0para prosseguir com a sua reclama\u00e7\u00e3o;<\/li><li> Aceda \u00e0 mensagem da Plataforma que ter\u00e1 recebido no seu\u00a0e-mail\u00a0e carregue no\u00a0link.<strong> <\/strong>60 minutos, \u00e9 o per\u00edodo ap\u00f3s o qual o mesmo perder\u00e1 a sua validade tornando-se necess\u00e1rio repetir o processo acima indicado. <\/li><li> Ap\u00f3s carregar no link, pode prosseguir com a reclama\u00e7\u00e3o da seguinte forma: &#8211; Inserir os seus dados pessoais; &#8211;  Preencher os dados da empresa reclamada &#8211; o nome do operador,  morada, telefone e NIF. De seguida, deve selecionar o \u201csetor de atividade\u201d sobre a qual incide a reclama\u00e7\u00e3o; &#8211; Preencha o\u00a0campos da reclama\u00e7\u00e3o com descri\u00e7\u00e3o do assunto e factos; <\/li><li>Pode anexar, caso seja necess\u00e1rio, documentos \u00e0 sua reclama\u00e7\u00e3o. Pode anexar at\u00e9 3 documentos. Cada ficheiro deve ter  um tamanho m\u00e1ximo de: 2 MB. Tipo de ficheiros aceite: pdf, jpg, jpeg,  png, doc, docx, xls, xlsx, ppt, pptx, odb, odf, odg, odp, ods, odt.\u00a0 &#8211; Por \u00faltimo, deve confirmar se todos os dados est\u00e3o corretos e \u201csubmeter\u201d. <\/li><\/ol>\n\n\n\n<p>Depois  de percorrer estes 4 passos, receber\u00e1 no seu endere\u00e7o de  correio eletr\u00f3nico o comprovativo da sua reclama\u00e7\u00e3o que poder\u00e1 imprimir.<\/p>\n\n\n\n<p>A resposta \u00e0 reclama\u00e7\u00e3o apresentada \u00e9, por parte da F\u00e1brica das Pe\u00fagas,  dada em prazo n\u00e3o superior a 20 dias contados da data da sua rece\u00e7\u00e3o.<\/p>\n\n\n<p><!--EndFragment--><\/p>","protected":false},"excerpt":{"rendered":"<p>Quais os passos que devo seguir para submeter uma reclama\u00e7\u00e3o? Em primeiro lugar, deve certificar-se de que contem toda a informa\u00e7\u00e3o e documenta\u00e7\u00e3o necess\u00e1ria para preencher a reclama\u00e7\u00e3o. Na posse de todos os elementos, deve: Ir ao website Livro de Reclama\u00e7\u00f5es e clicar no\u00a0\u00edcone\u00a0\u201cFazer Reclama\u00e7\u00e3o\u201d \u2013 de seguida ser-lhe-\u00e1 solicitado o endere\u00e7o de correio eletr\u00f3nico; [&hellip;]<\/p>\n","protected":false},"author":1,"featured_media":0,"parent":0,"menu_order":0,"comment_status":"closed","ping_status":"closed","template":"","meta":{"footnotes":""},"class_list":["post-6507","page","type-page","status-publish","hentry"],"yoast_head":"<!-- This site is optimized with the Yoast SEO plugin v27.4 - https:\/\/yoast.com\/product\/yoast-seo-wordpress\/ -->\n<title>Livro de Reclama\u00e7\u00f5es &#8211; F\u00e1brica das Pe\u00fagas\u00ae - N\u00e3o s\u00e3o s\u00f3 pe\u00fagas!<\/title>\n<meta name=\"robots\" content=\"index, follow, max-snippet:-1, max-image-preview:large, max-video-preview:-1\" \/>\n<link rel=\"canonical\" href=\"https:\/\/fabricadaspeugas.com\/es\/livro-de-reclamacoes\/\" \/>\n<meta property=\"og:locale\" content=\"es_ES\" \/>\n<meta property=\"og:type\" content=\"article\" \/>\n<meta property=\"og:title\" content=\"Livro de Reclama\u00e7\u00f5es &#8211; F\u00e1brica das Pe\u00fagas\u00ae - N\u00e3o s\u00e3o s\u00f3 pe\u00fagas!\" \/>\n<meta property=\"og:description\" content=\"Quais os passos que devo seguir para submeter uma reclama\u00e7\u00e3o? Em primeiro lugar, deve certificar-se de que contem toda a informa\u00e7\u00e3o e documenta\u00e7\u00e3o necess\u00e1ria para preencher a reclama\u00e7\u00e3o. Na posse de todos os elementos, deve: Ir ao website Livro de Reclama\u00e7\u00f5es e clicar no\u00a0\u00edcone\u00a0\u201cFazer Reclama\u00e7\u00e3o\u201d \u2013 de seguida ser-lhe-\u00e1 solicitado o endere\u00e7o de correio eletr\u00f3nico; [&hellip;]\" \/>\n<meta property=\"og:url\" content=\"https:\/\/fabricadaspeugas.com\/es\/livro-de-reclamacoes\/\" \/>\n<meta property=\"og:site_name\" content=\"F\u00e1brica das Pe\u00fagas\u00ae - N\u00e3o s\u00e3o s\u00f3 pe\u00fagas!\" \/>\n<meta property=\"article:publisher\" content=\"https:\/\/www.facebook.com\/fabricadaspeugas\" \/>\n<meta property=\"article:modified_time\" content=\"2019-11-16T22:18:30+00:00\" \/>\n<meta name=\"twitter:card\" content=\"summary_large_image\" \/>\n<meta name=\"twitter:label1\" content=\"Tiempo de lectura\" \/>\n\t<meta name=\"twitter:data1\" content=\"2 minutos\" \/>\n<script type=\"application\/ld+json\" class=\"yoast-schema-graph\">{\"@context\":\"https:\\\/\\\/schema.org\",\"@graph\":[{\"@type\":\"WebPage\",\"@id\":\"https:\\\/\\\/fabricadaspeugas.com\\\/livro-de-reclamacoes\\\/\",\"url\":\"https:\\\/\\\/fabricadaspeugas.com\\\/livro-de-reclamacoes\\\/\",\"name\":\"Livro de Reclama\u00e7\u00f5es &#8211; F\u00e1brica das Pe\u00fagas\u00ae - N\u00e3o s\u00e3o s\u00f3 pe\u00fagas!\",\"isPartOf\":{\"@id\":\"https:\\\/\\\/fabricadaspeugas.com\\\/#website\"},\"datePublished\":\"2019-11-11T22:48:05+00:00\",\"dateModified\":\"2019-11-16T22:18:30+00:00\",\"breadcrumb\":{\"@id\":\"https:\\\/\\\/fabricadaspeugas.com\\\/livro-de-reclamacoes\\\/#breadcrumb\"},\"inLanguage\":\"es\",\"potentialAction\":[{\"@type\":\"ReadAction\",\"target\":[\"https:\\\/\\\/fabricadaspeugas.com\\\/livro-de-reclamacoes\\\/\"]}]},{\"@type\":\"BreadcrumbList\",\"@id\":\"https:\\\/\\\/fabricadaspeugas.com\\\/livro-de-reclamacoes\\\/#breadcrumb\",\"itemListElement\":[{\"@type\":\"ListItem\",\"position\":1,\"name\":\"In\u00edcio\",\"item\":\"https:\\\/\\\/fabricadaspeugas.com\\\/\"},{\"@type\":\"ListItem\",\"position\":2,\"name\":\"Livro de Reclama\u00e7\u00f5es\"}]},{\"@type\":\"WebSite\",\"@id\":\"https:\\\/\\\/fabricadaspeugas.com\\\/#website\",\"url\":\"https:\\\/\\\/fabricadaspeugas.com\\\/\",\"name\":\"F\u00e1brica das Pe\u00fagas\u00ae - N\u00e3o s\u00e3o s\u00f3 pe\u00fagas!\",\"description\":\"Pe\u00fagas divertidas, casuais, desportivas e confort\u00e1veis. Desfrute de conforto e qualidade incompar\u00e1veis \u200b\u200ba cada passo.\",\"publisher\":{\"@id\":\"https:\\\/\\\/fabricadaspeugas.com\\\/#organization\"},\"potentialAction\":[{\"@type\":\"SearchAction\",\"target\":{\"@type\":\"EntryPoint\",\"urlTemplate\":\"https:\\\/\\\/fabricadaspeugas.com\\\/?s={search_term_string}\"},\"query-input\":{\"@type\":\"PropertyValueSpecification\",\"valueRequired\":true,\"valueName\":\"search_term_string\"}}],\"inLanguage\":\"es\"},{\"@type\":\"Organization\",\"@id\":\"https:\\\/\\\/fabricadaspeugas.com\\\/#organization\",\"name\":\"F\u00e1brica das Pe\u00fagas\u00ae\",\"url\":\"https:\\\/\\\/fabricadaspeugas.com\\\/\",\"logo\":{\"@type\":\"ImageObject\",\"inLanguage\":\"es\",\"@id\":\"https:\\\/\\\/fabricadaspeugas.com\\\/#\\\/schema\\\/logo\\\/image\\\/\",\"url\":\"https:\\\/\\\/fabricadaspeugas.com\\\/wp-content\\\/uploads\\\/2025\\\/05\\\/fabrica_das_peugas_logov3.png\",\"contentUrl\":\"https:\\\/\\\/fabricadaspeugas.com\\\/wp-content\\\/uploads\\\/2025\\\/05\\\/fabrica_das_peugas_logov3.png\",\"width\":200,\"height\":121,\"caption\":\"F\u00e1brica das Pe\u00fagas\u00ae\"},\"image\":{\"@id\":\"https:\\\/\\\/fabricadaspeugas.com\\\/#\\\/schema\\\/logo\\\/image\\\/\"},\"sameAs\":[\"https:\\\/\\\/www.facebook.com\\\/fabricadaspeugas\",\"https:\\\/\\\/www.instagram.com\\\/fabrica.das.peugas\\\/\"]}]}<\/script>\n<!-- \/ Yoast SEO plugin. -->","yoast_head_json":{"title":"Livro de Reclama\u00e7\u00f5es &#8211; F\u00e1brica das Pe\u00fagas\u00ae - N\u00e3o s\u00e3o s\u00f3 pe\u00fagas!","robots":{"index":"index","follow":"follow","max-snippet":"max-snippet:-1","max-image-preview":"max-image-preview:large","max-video-preview":"max-video-preview:-1"},"canonical":"https:\/\/fabricadaspeugas.com\/es\/livro-de-reclamacoes\/","og_locale":"es_ES","og_type":"article","og_title":"Livro de Reclama\u00e7\u00f5es &#8211; F\u00e1brica das Pe\u00fagas\u00ae - N\u00e3o s\u00e3o s\u00f3 pe\u00fagas!","og_description":"Quais os passos que devo seguir para submeter uma reclama\u00e7\u00e3o? Em primeiro lugar, deve certificar-se de que contem toda a informa\u00e7\u00e3o e documenta\u00e7\u00e3o necess\u00e1ria para preencher a reclama\u00e7\u00e3o. Na posse de todos os elementos, deve: Ir ao website Livro de Reclama\u00e7\u00f5es e clicar no\u00a0\u00edcone\u00a0\u201cFazer Reclama\u00e7\u00e3o\u201d \u2013 de seguida ser-lhe-\u00e1 solicitado o endere\u00e7o de correio eletr\u00f3nico; [&hellip;]","og_url":"https:\/\/fabricadaspeugas.com\/es\/livro-de-reclamacoes\/","og_site_name":"F\u00e1brica das Pe\u00fagas\u00ae - N\u00e3o s\u00e3o s\u00f3 pe\u00fagas!","article_publisher":"https:\/\/www.facebook.com\/fabricadaspeugas","article_modified_time":"2019-11-16T22:18:30+00:00","twitter_card":"summary_large_image","twitter_misc":{"Tiempo de lectura":"2 minutos"},"schema":{"@context":"https:\/\/schema.org","@graph":[{"@type":"WebPage","@id":"https:\/\/fabricadaspeugas.com\/livro-de-reclamacoes\/","url":"https:\/\/fabricadaspeugas.com\/livro-de-reclamacoes\/","name":"Livro de Reclama\u00e7\u00f5es &#8211; F\u00e1brica das Pe\u00fagas\u00ae - N\u00e3o s\u00e3o s\u00f3 pe\u00fagas!","isPartOf":{"@id":"https:\/\/fabricadaspeugas.com\/#website"},"datePublished":"2019-11-11T22:48:05+00:00","dateModified":"2019-11-16T22:18:30+00:00","breadcrumb":{"@id":"https:\/\/fabricadaspeugas.com\/livro-de-reclamacoes\/#breadcrumb"},"inLanguage":"es","potentialAction":[{"@type":"ReadAction","target":["https:\/\/fabricadaspeugas.com\/livro-de-reclamacoes\/"]}]},{"@type":"BreadcrumbList","@id":"https:\/\/fabricadaspeugas.com\/livro-de-reclamacoes\/#breadcrumb","itemListElement":[{"@type":"ListItem","position":1,"name":"In\u00edcio","item":"https:\/\/fabricadaspeugas.com\/"},{"@type":"ListItem","position":2,"name":"Livro de Reclama\u00e7\u00f5es"}]},{"@type":"WebSite","@id":"https:\/\/fabricadaspeugas.com\/#website","url":"https:\/\/fabricadaspeugas.com\/","name":"F\u00e1brica das Pe\u00fagas\u00ae - \u00a1No s\u00f3lo calcetines!","description":"Calcetines divertidos, informales, deportivos y c\u00f3modos. Disfruta de un confort y una calidad inigualables a cada paso.","publisher":{"@id":"https:\/\/fabricadaspeugas.com\/#organization"},"potentialAction":[{"@type":"SearchAction","target":{"@type":"EntryPoint","urlTemplate":"https:\/\/fabricadaspeugas.com\/?s={search_term_string}"},"query-input":{"@type":"PropertyValueSpecification","valueRequired":true,"valueName":"search_term_string"}}],"inLanguage":"es"},{"@type":"Organization","@id":"https:\/\/fabricadaspeugas.com\/#organization","name":"F\u00e1brica de calcetines","url":"https:\/\/fabricadaspeugas.com\/","logo":{"@type":"ImageObject","inLanguage":"es","@id":"https:\/\/fabricadaspeugas.com\/#\/schema\/logo\/image\/","url":"https:\/\/fabricadaspeugas.com\/wp-content\/uploads\/2025\/05\/fabrica_das_peugas_logov3.png","contentUrl":"https:\/\/fabricadaspeugas.com\/wp-content\/uploads\/2025\/05\/fabrica_das_peugas_logov3.png","width":200,"height":121,"caption":"F\u00e1brica das Pe\u00fagas\u00ae"},"image":{"@id":"https:\/\/fabricadaspeugas.com\/#\/schema\/logo\/image\/"},"sameAs":["https:\/\/www.facebook.com\/fabricadaspeugas","https:\/\/www.instagram.com\/fabrica.das.peugas\/"]}]}},"_links":{"self":[{"href":"https:\/\/fabricadaspeugas.com\/es\/wp-json\/wp\/v2\/pages\/6507","targetHints":{"allow":["GET"]}}],"collection":[{"href":"https:\/\/fabricadaspeugas.com\/es\/wp-json\/wp\/v2\/pages"}],"about":[{"href":"https:\/\/fabricadaspeugas.com\/es\/wp-json\/wp\/v2\/types\/page"}],"author":[{"embeddable":true,"href":"https:\/\/fabricadaspeugas.com\/es\/wp-json\/wp\/v2\/users\/1"}],"replies":[{"embeddable":true,"href":"https:\/\/fabricadaspeugas.com\/es\/wp-json\/wp\/v2\/comments?post=6507"}],"version-history":[{"count":0,"href":"https:\/\/fabricadaspeugas.com\/es\/wp-json\/wp\/v2\/pages\/6507\/revisions"}],"wp:attachment":[{"href":"https:\/\/fabricadaspeugas.com\/es\/wp-json\/wp\/v2\/media?parent=6507"}],"curies":[{"name":"wp","href":"https:\/\/api.w.org\/{rel}","templated":true}]}}