{"id":722,"date":"2018-03-26T09:44:23","date_gmt":"2018-03-26T09:44:23","guid":{"rendered":"https:\/\/demo.themegrill.com\/estore\/?page_id=687"},"modified":"2019-01-26T01:15:14","modified_gmt":"2019-01-26T01:15:14","slug":"hable-con-nosotros","status":"publish","type":"page","link":"https:\/\/fabricadaspeugas.com\/es\/fale-connosco\/","title":{"rendered":"Env\u00edenos un e-mail"},"content":{"rendered":"<div class=\"everest-forms\"><div class=\"evf-container default\" id=\"evf-16\"><form id=\"evf-form-16\" class=\"everest-form\" data-formid=\"16\" data-ajax_submission=\"0\" data-keyboard_friendly_form=\"0\" data-form_state_type=\"\" method=\"post\" enctype=\"multipart\/form-data\" action=\"\/es\/wp-json\/wp\/v2\/pages\/722\"><div class=\"evf-field-container\"><input type=\"hidden\" id=\"_wpnonce16\" name=\"_wpnonce16\" value=\"cffca75be4\" \/><input type=\"hidden\" name=\"_wp_http_referer\" value=\"\/es\/wp-json\/wp\/v2\/pages\/722\" \/><div class=\"evf-frontend-row\" data-row=\"row_1\" conditional_rules=\"[]\"><div class=\"evf-frontend-grid evf-grid-1\" data-grid=\"grid_1\"><div id=\"evf-16-field_fullname-container\" class=\"evf-field evf-field-text form-row validate-required\" data-required-field-message=\"Campo obrigat\u00f3rio.\" data-field-id=\"fullname\"><label class=\"evf-field-label\" for=\"evf-16-field_fullname\"><span class=\"evf-label\">Nome<\/span> <abbr class=\"required\" title=\"Obligatorio\">*<\/abbr><\/label><input type=\"text\" id=\"evf-16-field_fullname\" class=\"input-text\" name=\"everest_forms[form_fields][fullname]\" required><\/div><div id=\"evf-16-field_email-container\" class=\"evf-field evf-field-email form-row validate-required validate-email\" data-required-field-message=\"Por favor introduza um e-mail v\u00e1lido.\" data-field-id=\"email\"><label class=\"evf-field-label\" for=\"evf-16-field_email\"><span class=\"evf-label\">E-mail<\/span> <abbr class=\"required\" title=\"Obligatorio\">*<\/abbr><\/label><input type=\"email\" id=\"evf-16-field_email\" class=\"input-text\" name=\"everest_forms[form_fields][email]\" required ><\/div><div id=\"evf-16-field_subject-container\" class=\"evf-field evf-field-text form-row validate-required\" data-required-field-message=\"Campo obrigat\u00f3rio.\" data-field-id=\"subject\"><label class=\"evf-field-label\" for=\"evf-16-field_subject\"><span class=\"evf-label\">Assunto<\/span> <abbr class=\"required\" title=\"Obligatorio\">*<\/abbr><\/label><input type=\"text\" id=\"evf-16-field_subject\" class=\"input-text\" name=\"everest_forms[form_fields][subject]\" required><\/div><div id=\"evf-16-field_message-container\" class=\"evf-field evf-field-textarea form-row validate-required\" data-required-field-message=\"Campo obrigat\u00f3rio.\" data-field-id=\"message\"><label class=\"evf-field-label\" for=\"evf-16-field_message\"><span class=\"evf-label\">Mensagem<\/span> <abbr class=\"required\" title=\"Obligatorio\">*<\/abbr><\/label><textarea id=\"evf-16-field_message\" class=\"input-text\" name=\"everest_forms[form_fields][message]\" required ><\/textarea><\/div><div id=\"evf-16-field_tqLgbDeXaQ-1-container\" class=\"evf-field evf-field-checkbox form-row validate-required\" data-required-field-message=\"Campo obrigat\u00f3rio.\" data-field-id=\"tqLgbDeXaQ-1\"><ul id=\"evf-16-field_tqLgbDeXaQ-1\" class=\" evf-field-required\"><li class=\"choice-3 depth-1\"><input type=\"checkbox\" id=\"evf-16-field_tqLgbDeXaQ-1_3\" class=\"input-text\" name=\"everest_forms[form_fields][tqLgbDeXaQ-1][]\" value=\"Aceito os &lt;a href=&quot;https:\/\/fabricadaspeugas.com\/termos-condicoes\/&quot;&gt;Termos e Condi\u00e7\u00f5es de Uso&lt;\/a&gt; e &lt;a href=&quot;https:\/\/fabricadaspeugas.com\/politica-privacidade\/&quot;&gt;Politica de Privacidade e Cookies&lt;\/a&gt;.\" required ><label class=\"everest-forms-field-label-inline\" for=\"evf-16-field_tqLgbDeXaQ-1_3\">Aceito os <a href=\"https:\/\/fabricadaspeugas.com\/termos-condicoes\/\">Termos e Condi\u00e7\u00f5es de Uso<\/a> e <a href=\"https:\/\/fabricadaspeugas.com\/politica-privacidade\/\">Politica de Privacidade e Cookies<\/a>.<\/label><\/li><\/ul><\/div><\/div><\/div><\/div><div class=\"evf-honeypot-container evf-field-hp\"><label for=\"evf-16-field-hp\" class=\"evf-field-label\">Comment<\/label><input type=\"text\" name=\"everest_forms[hp]\" id=\"evf-16-field-hp\" class=\"input-text\"><\/div><div class=\"evf-recaptcha-container \" style=\"display:block\"><div class=\"g-recaptcha\" data-sitekey=\"6Lcy14wUAAAAAMeIpflF0DwTvNDPMQlMiw-5vhJ1\"><\/div><\/div><div class=\"evf-submit-container \" ><input type=\"hidden\" name=\"everest_forms[id]\" value=\"16\"><input type=\"hidden\" name=\"everest_forms[author]\" value=\"1\"><button type='submit' name='everest_forms[submit]' class='everest-forms-submit-button button evf-submit ' id='evf-submit-16' value='evf-submit' data-process-text=\"Processing\u2026\" conditional_rules='&quot;&quot;' conditional_id='evf-submit-16'  id=\"evf-submit-16\" aria-live=\"assertive\">Enviar<\/button><\/div><\/form><\/div><!-- .evf-container --><\/div>\n","protected":false},"excerpt":{"rendered":"","protected":false},"author":1,"featured_media":0,"parent":0,"menu_order":0,"comment_status":"closed","ping_status":"closed","template":"","meta":{"footnotes":""},"class_list":["post-722","page","type-page","status-publish","hentry"],"yoast_head":"<!-- This site is optimized with the Yoast SEO plugin v27.5 - https:\/\/yoast.com\/product\/yoast-seo-wordpress\/ -->\n<title>Envie-nos um E-mail &#8211; F\u00e1brica das Pe\u00fagas\u00ae - N\u00e3o s\u00e3o s\u00f3 pe\u00fagas!<\/title>\n<meta name=\"robots\" content=\"index, follow, max-snippet:-1, max-image-preview:large, max-video-preview:-1\" \/>\n<link rel=\"canonical\" href=\"https:\/\/fabricadaspeugas.com\/es\/hable-con-nosotros\/\" \/>\n<meta property=\"og:locale\" content=\"es_ES\" \/>\n<meta property=\"og:type\" content=\"article\" \/>\n<meta property=\"og:title\" content=\"Envie-nos um E-mail &#8211; F\u00e1brica das Pe\u00fagas\u00ae - N\u00e3o s\u00e3o s\u00f3 pe\u00fagas!\" \/>\n<meta property=\"og:url\" content=\"https:\/\/fabricadaspeugas.com\/es\/hable-con-nosotros\/\" \/>\n<meta property=\"og:site_name\" content=\"F\u00e1brica das Pe\u00fagas\u00ae - N\u00e3o s\u00e3o s\u00f3 pe\u00fagas!\" \/>\n<meta property=\"article:publisher\" content=\"https:\/\/www.facebook.com\/fabricadaspeugas\" \/>\n<meta property=\"article:modified_time\" content=\"2019-01-26T01:15:14+00:00\" \/>\n<meta name=\"twitter:card\" content=\"summary_large_image\" \/>\n<script type=\"application\/ld+json\" class=\"yoast-schema-graph\">{\"@context\":\"https:\\\/\\\/schema.org\",\"@graph\":[{\"@type\":\"WebPage\",\"@id\":\"https:\\\/\\\/fabricadaspeugas.com\\\/fale-connosco\\\/\",\"url\":\"https:\\\/\\\/fabricadaspeugas.com\\\/fale-connosco\\\/\",\"name\":\"Envie-nos um E-mail &#8211; F\u00e1brica das Pe\u00fagas\u00ae - N\u00e3o s\u00e3o s\u00f3 pe\u00fagas!\",\"isPartOf\":{\"@id\":\"https:\\\/\\\/fabricadaspeugas.com\\\/#website\"},\"datePublished\":\"2018-03-26T09:44:23+00:00\",\"dateModified\":\"2019-01-26T01:15:14+00:00\",\"breadcrumb\":{\"@id\":\"https:\\\/\\\/fabricadaspeugas.com\\\/fale-connosco\\\/#breadcrumb\"},\"inLanguage\":\"es\",\"potentialAction\":[{\"@type\":\"ReadAction\",\"target\":[\"https:\\\/\\\/fabricadaspeugas.com\\\/fale-connosco\\\/\"]}]},{\"@type\":\"BreadcrumbList\",\"@id\":\"https:\\\/\\\/fabricadaspeugas.com\\\/fale-connosco\\\/#breadcrumb\",\"itemListElement\":[{\"@type\":\"ListItem\",\"position\":1,\"name\":\"In\u00edcio\",\"item\":\"https:\\\/\\\/fabricadaspeugas.com\\\/\"},{\"@type\":\"ListItem\",\"position\":2,\"name\":\"Envie-nos um E-mail\"}]},{\"@type\":\"WebSite\",\"@id\":\"https:\\\/\\\/fabricadaspeugas.com\\\/#website\",\"url\":\"https:\\\/\\\/fabricadaspeugas.com\\\/\",\"name\":\"F\u00e1brica das Pe\u00fagas\u00ae - N\u00e3o s\u00e3o s\u00f3 pe\u00fagas!\",\"description\":\"Pe\u00fagas divertidas, casuais, desportivas e confort\u00e1veis. Desfrute de conforto e qualidade incompar\u00e1veis \u200b\u200ba cada passo.\",\"publisher\":{\"@id\":\"https:\\\/\\\/fabricadaspeugas.com\\\/#organization\"},\"potentialAction\":[{\"@type\":\"SearchAction\",\"target\":{\"@type\":\"EntryPoint\",\"urlTemplate\":\"https:\\\/\\\/fabricadaspeugas.com\\\/?s={search_term_string}\"},\"query-input\":{\"@type\":\"PropertyValueSpecification\",\"valueRequired\":true,\"valueName\":\"search_term_string\"}}],\"inLanguage\":\"es\"},{\"@type\":\"Organization\",\"@id\":\"https:\\\/\\\/fabricadaspeugas.com\\\/#organization\",\"name\":\"F\u00e1brica das Pe\u00fagas\u00ae\",\"url\":\"https:\\\/\\\/fabricadaspeugas.com\\\/\",\"logo\":{\"@type\":\"ImageObject\",\"inLanguage\":\"es\",\"@id\":\"https:\\\/\\\/fabricadaspeugas.com\\\/#\\\/schema\\\/logo\\\/image\\\/\",\"url\":\"https:\\\/\\\/fabricadaspeugas.com\\\/wp-content\\\/uploads\\\/2025\\\/05\\\/fabrica_das_peugas_logov3.png\",\"contentUrl\":\"https:\\\/\\\/fabricadaspeugas.com\\\/wp-content\\\/uploads\\\/2025\\\/05\\\/fabrica_das_peugas_logov3.png\",\"width\":200,\"height\":121,\"caption\":\"F\u00e1brica das Pe\u00fagas\u00ae\"},\"image\":{\"@id\":\"https:\\\/\\\/fabricadaspeugas.com\\\/#\\\/schema\\\/logo\\\/image\\\/\"},\"sameAs\":[\"https:\\\/\\\/www.facebook.com\\\/fabricadaspeugas\",\"https:\\\/\\\/www.instagram.com\\\/fabrica.das.peugas\\\/\"]}]}<\/script>\n<!-- \/ Yoast SEO plugin. -->","yoast_head_json":{"title":"Env\u00edenos un e-mail - F\u00e1brica das Pe\u00fagas\u00ae - \u00a1No son s\u00f3lo calcetines!","robots":{"index":"index","follow":"follow","max-snippet":"max-snippet:-1","max-image-preview":"max-image-preview:large","max-video-preview":"max-video-preview:-1"},"canonical":"https:\/\/fabricadaspeugas.com\/es\/hable-con-nosotros\/","og_locale":"es_ES","og_type":"article","og_title":"Envie-nos um E-mail &#8211; F\u00e1brica das Pe\u00fagas\u00ae - N\u00e3o s\u00e3o s\u00f3 pe\u00fagas!","og_url":"https:\/\/fabricadaspeugas.com\/es\/hable-con-nosotros\/","og_site_name":"F\u00e1brica das Pe\u00fagas\u00ae - N\u00e3o s\u00e3o s\u00f3 pe\u00fagas!","article_publisher":"https:\/\/www.facebook.com\/fabricadaspeugas","article_modified_time":"2019-01-26T01:15:14+00:00","twitter_card":"summary_large_image","schema":{"@context":"https:\/\/schema.org","@graph":[{"@type":"WebPage","@id":"https:\/\/fabricadaspeugas.com\/fale-connosco\/","url":"https:\/\/fabricadaspeugas.com\/fale-connosco\/","name":"Env\u00edenos un e-mail - F\u00e1brica das Pe\u00fagas\u00ae - \u00a1No son s\u00f3lo calcetines!","isPartOf":{"@id":"https:\/\/fabricadaspeugas.com\/#website"},"datePublished":"2018-03-26T09:44:23+00:00","dateModified":"2019-01-26T01:15:14+00:00","breadcrumb":{"@id":"https:\/\/fabricadaspeugas.com\/fale-connosco\/#breadcrumb"},"inLanguage":"es","potentialAction":[{"@type":"ReadAction","target":["https:\/\/fabricadaspeugas.com\/fale-connosco\/"]}]},{"@type":"BreadcrumbList","@id":"https:\/\/fabricadaspeugas.com\/fale-connosco\/#breadcrumb","itemListElement":[{"@type":"ListItem","position":1,"name":"In\u00edcio","item":"https:\/\/fabricadaspeugas.com\/"},{"@type":"ListItem","position":2,"name":"Envie-nos um E-mail"}]},{"@type":"WebSite","@id":"https:\/\/fabricadaspeugas.com\/#website","url":"https:\/\/fabricadaspeugas.com\/","name":"F\u00e1brica das Pe\u00fagas\u00ae - \u00a1No s\u00f3lo calcetines!","description":"Calcetines divertidos, informales, deportivos y c\u00f3modos. Disfruta de un confort y una calidad inigualables a cada paso.","publisher":{"@id":"https:\/\/fabricadaspeugas.com\/#organization"},"potentialAction":[{"@type":"SearchAction","target":{"@type":"EntryPoint","urlTemplate":"https:\/\/fabricadaspeugas.com\/?s={search_term_string}"},"query-input":{"@type":"PropertyValueSpecification","valueRequired":true,"valueName":"search_term_string"}}],"inLanguage":"es"},{"@type":"Organization","@id":"https:\/\/fabricadaspeugas.com\/#organization","name":"F\u00e1brica de calcetines","url":"https:\/\/fabricadaspeugas.com\/","logo":{"@type":"ImageObject","inLanguage":"es","@id":"https:\/\/fabricadaspeugas.com\/#\/schema\/logo\/image\/","url":"https:\/\/fabricadaspeugas.com\/wp-content\/uploads\/2025\/05\/fabrica_das_peugas_logov3.png","contentUrl":"https:\/\/fabricadaspeugas.com\/wp-content\/uploads\/2025\/05\/fabrica_das_peugas_logov3.png","width":200,"height":121,"caption":"F\u00e1brica das Pe\u00fagas\u00ae"},"image":{"@id":"https:\/\/fabricadaspeugas.com\/#\/schema\/logo\/image\/"},"sameAs":["https:\/\/www.facebook.com\/fabricadaspeugas","https:\/\/www.instagram.com\/fabrica.das.peugas\/"]}]}},"_links":{"self":[{"href":"https:\/\/fabricadaspeugas.com\/es\/wp-json\/wp\/v2\/pages\/722","targetHints":{"allow":["GET"]}}],"collection":[{"href":"https:\/\/fabricadaspeugas.com\/es\/wp-json\/wp\/v2\/pages"}],"about":[{"href":"https:\/\/fabricadaspeugas.com\/es\/wp-json\/wp\/v2\/types\/page"}],"author":[{"embeddable":true,"href":"https:\/\/fabricadaspeugas.com\/es\/wp-json\/wp\/v2\/users\/1"}],"replies":[{"embeddable":true,"href":"https:\/\/fabricadaspeugas.com\/es\/wp-json\/wp\/v2\/comments?post=722"}],"version-history":[{"count":0,"href":"https:\/\/fabricadaspeugas.com\/es\/wp-json\/wp\/v2\/pages\/722\/revisions"}],"wp:attachment":[{"href":"https:\/\/fabricadaspeugas.com\/es\/wp-json\/wp\/v2\/media?parent=722"}],"curies":[{"name":"wp","href":"https:\/\/api.w.org\/{rel}","templated":true}]}}