{"id":942,"date":"2019-01-25T22:43:53","date_gmt":"2019-01-25T22:43:53","guid":{"rendered":"https:\/\/fabricadaspeugas.com\/?page_id=942"},"modified":"2019-12-14T17:06:23","modified_gmt":"2019-12-14T17:06:23","slug":"resolucao-conflitos-online","status":"publish","type":"page","link":"https:\/\/fabricadaspeugas.com\/es\/resolucao-conflitos-online\/","title":{"rendered":"Resoluci\u00f3n de conflictos en l\u00ednea"},"content":{"rendered":"<p>De acordo com a Lei n.144\/2015, de 8 de Setembro de 2015, divulg\u00e1mos todas as\u00a0Entidades para Resolu\u00e7\u00e3o Alternativa de Lit\u00edgios\u00a0que podem ser contactadas em caso de conflito, na compra de um produto referenciado neste website.<br>De salientar, que quando necess\u00e1ria, esta solu\u00e7\u00e3o comparada com a via judicial \u00e9, normalmente, mais r\u00e1pida, menos protocolar e menos dispendiosa. Desta forma, se ficou insatisfeito e pretende expor a sua situa\u00e7\u00e3o poder\u00e1 faz\u00ea-lo contactando uma Entidade de Resolu\u00e7\u00e3o Alternativa de Lit\u00edgios.<\/p>\n\n\n\n<p><strong>Entidades de Resolu\u00e7\u00e3o Alternativa em caso de Lit\u00edgios:<\/strong><\/p>\n\n\n\n<p>&#8211; CNIACC &#8211; Centro Nacional de Informa\u00e7\u00e3o e\nArbitragem de Conflitos de Consumo<\/p>\n\n\n\n<p><a href=\"http:\/\/www.arbitragemdeconsumo.org\/\">www.arbitragemdeconsumo.org<\/a><\/p>\n\n\n\n<p>&#8211; Centro de Arbitragem de Consumo do\nAlgarve<\/p>\n\n\n\n<p><a href=\"http:\/\/www.consumidoronline.pt\/pt\/\">www.consumidoronline.pt<\/a><\/p>\n\n\n\n<p>&#8211; CACCDC &#8211; Centro de Arbitragem de\nConflitos de Consumo do Distrito de Coimbra<\/p>\n\n\n\n<p><a href=\"http:\/\/www.centrodearbitragemdecoimbra.com\/\">www.centrodearbitragemdecoimbra.com<\/a><\/p>\n\n\n\n<p>&#8211; CACCL &#8211; Centro de Arbitragem de\nConflitos de Consumo de Lisboa<\/p>\n\n\n\n<p><a href=\"http:\/\/www.centroarbitragemlisboa.pt\/\">www.centroarbitragemlisboa.pt<\/a><\/p>\n\n\n\n<p>&#8211; CICAP \u2013 Centro de Informa\u00e7\u00e3o de Consumo\ne Arbitragem do Porto<\/p>\n\n\n\n<p><a href=\"http:\/\/www.cicap.pt\/\">www.cicap.pt<\/a><\/p>\n\n\n\n<p>&#8211; TRIAVE<strong> &#8211; <\/strong>Centro de Arbitragem de\nConflitos de Consumo do Vale do Ave\/Tribunal Arbitral<\/p>\n\n\n\n<p><a href=\"http:\/\/www.triave.pt\/\">www.triave.pt<\/a><\/p>\n\n\n\n<p>&#8211; CIAB &#8211; Centro de Informa\u00e7\u00e3o, Media\u00e7\u00e3o e\nArbitragem de Consumo (Tribunal Arbitral de Consumo)<\/p>\n\n\n\n<p><a href=\"http:\/\/www.ciab.pt\">www.ciab.pt<\/a><\/p>\n\n\n\n<p>&#8211; CACC-RAM \u2013 Centro de Arbitragem de\nConflitos de Consumo da RAM<\/p>\n\n\n\n<p>www.srrh.gov-madeira.pt\/In%C3%ADcio\/tabid\/292\/Default.aspxPlataforma <\/p>\n\n\n\n<p>-Europeia de Resolu\u00e7\u00e3o de Lit\u00edgios em Linha<\/p>\n\n\n\n<p><a href=\"http:\/\/ec.europa.eu\/consumers\/odr\">http:\/\/ec.europa.eu\/consumers\/odr<\/a><\/p>\n\n\n\n<p>Mais informa\u00e7\u00f5es em Portal do consumidor\n\u2013&nbsp;<a href=\"http:\/\/www.consumidor.pt\/\">www.consumidor.pt<\/a><\/p>","protected":false},"excerpt":{"rendered":"<p>De acordo com a Lei n.144\/2015, de 8 de Setembro de 2015, divulg\u00e1mos todas as\u00a0Entidades para Resolu\u00e7\u00e3o Alternativa de Lit\u00edgios\u00a0que podem ser contactadas em caso de conflito, na compra de um produto referenciado neste website.De salientar, que quando necess\u00e1ria, esta solu\u00e7\u00e3o comparada com a via judicial \u00e9, normalmente, mais r\u00e1pida, menos protocolar e menos dispendiosa. [&hellip;]<\/p>\n","protected":false},"author":1,"featured_media":0,"parent":0,"menu_order":0,"comment_status":"closed","ping_status":"closed","template":"","meta":{"footnotes":""},"class_list":["post-942","page","type-page","status-publish","hentry"],"yoast_head":"<!-- This site is optimized with the Yoast SEO plugin v27.4 - https:\/\/yoast.com\/product\/yoast-seo-wordpress\/ -->\n<title>Resolu\u00e7\u00e3o de Conflitos Online &#8211; F\u00e1brica das Pe\u00fagas\u00ae - N\u00e3o s\u00e3o s\u00f3 pe\u00fagas!<\/title>\n<meta name=\"robots\" content=\"index, follow, max-snippet:-1, max-image-preview:large, max-video-preview:-1\" \/>\n<link rel=\"canonical\" href=\"https:\/\/fabricadaspeugas.com\/es\/resolucao-conflitos-online\/\" \/>\n<meta property=\"og:locale\" content=\"es_ES\" \/>\n<meta property=\"og:type\" content=\"article\" \/>\n<meta property=\"og:title\" content=\"Resolu\u00e7\u00e3o de Conflitos Online &#8211; F\u00e1brica das Pe\u00fagas\u00ae - N\u00e3o s\u00e3o s\u00f3 pe\u00fagas!\" \/>\n<meta property=\"og:description\" content=\"De acordo com a Lei n.144\/2015, de 8 de Setembro de 2015, divulg\u00e1mos todas as\u00a0Entidades para Resolu\u00e7\u00e3o Alternativa de Lit\u00edgios\u00a0que podem ser contactadas em caso de conflito, na compra de um produto referenciado neste website.De salientar, que quando necess\u00e1ria, esta solu\u00e7\u00e3o comparada com a via judicial \u00e9, normalmente, mais r\u00e1pida, menos protocolar e menos dispendiosa. [&hellip;]\" \/>\n<meta property=\"og:url\" content=\"https:\/\/fabricadaspeugas.com\/es\/resolucao-conflitos-online\/\" \/>\n<meta property=\"og:site_name\" content=\"F\u00e1brica das Pe\u00fagas\u00ae - N\u00e3o s\u00e3o s\u00f3 pe\u00fagas!\" \/>\n<meta property=\"article:publisher\" content=\"https:\/\/www.facebook.com\/fabricadaspeugas\" \/>\n<meta property=\"article:modified_time\" content=\"2019-12-14T17:06:23+00:00\" \/>\n<meta name=\"twitter:card\" content=\"summary_large_image\" \/>\n<meta name=\"twitter:label1\" content=\"Tiempo de lectura\" \/>\n\t<meta name=\"twitter:data1\" content=\"1 minuto\" \/>\n<script type=\"application\/ld+json\" class=\"yoast-schema-graph\">{\"@context\":\"https:\\\/\\\/schema.org\",\"@graph\":[{\"@type\":\"WebPage\",\"@id\":\"https:\\\/\\\/fabricadaspeugas.com\\\/resolucao-conflitos-online\\\/\",\"url\":\"https:\\\/\\\/fabricadaspeugas.com\\\/resolucao-conflitos-online\\\/\",\"name\":\"Resolu\u00e7\u00e3o de Conflitos Online &#8211; F\u00e1brica das Pe\u00fagas\u00ae - N\u00e3o s\u00e3o s\u00f3 pe\u00fagas!\",\"isPartOf\":{\"@id\":\"https:\\\/\\\/fabricadaspeugas.com\\\/#website\"},\"datePublished\":\"2019-01-25T22:43:53+00:00\",\"dateModified\":\"2019-12-14T17:06:23+00:00\",\"breadcrumb\":{\"@id\":\"https:\\\/\\\/fabricadaspeugas.com\\\/resolucao-conflitos-online\\\/#breadcrumb\"},\"inLanguage\":\"es\",\"potentialAction\":[{\"@type\":\"ReadAction\",\"target\":[\"https:\\\/\\\/fabricadaspeugas.com\\\/resolucao-conflitos-online\\\/\"]}]},{\"@type\":\"BreadcrumbList\",\"@id\":\"https:\\\/\\\/fabricadaspeugas.com\\\/resolucao-conflitos-online\\\/#breadcrumb\",\"itemListElement\":[{\"@type\":\"ListItem\",\"position\":1,\"name\":\"In\u00edcio\",\"item\":\"https:\\\/\\\/fabricadaspeugas.com\\\/\"},{\"@type\":\"ListItem\",\"position\":2,\"name\":\"Resolu\u00e7\u00e3o de Conflitos Online\"}]},{\"@type\":\"WebSite\",\"@id\":\"https:\\\/\\\/fabricadaspeugas.com\\\/#website\",\"url\":\"https:\\\/\\\/fabricadaspeugas.com\\\/\",\"name\":\"F\u00e1brica das Pe\u00fagas\u00ae - N\u00e3o s\u00e3o s\u00f3 pe\u00fagas!\",\"description\":\"Pe\u00fagas divertidas, casuais, desportivas e confort\u00e1veis. Desfrute de conforto e qualidade incompar\u00e1veis \u200b\u200ba cada passo.\",\"publisher\":{\"@id\":\"https:\\\/\\\/fabricadaspeugas.com\\\/#organization\"},\"potentialAction\":[{\"@type\":\"SearchAction\",\"target\":{\"@type\":\"EntryPoint\",\"urlTemplate\":\"https:\\\/\\\/fabricadaspeugas.com\\\/?s={search_term_string}\"},\"query-input\":{\"@type\":\"PropertyValueSpecification\",\"valueRequired\":true,\"valueName\":\"search_term_string\"}}],\"inLanguage\":\"es\"},{\"@type\":\"Organization\",\"@id\":\"https:\\\/\\\/fabricadaspeugas.com\\\/#organization\",\"name\":\"F\u00e1brica das Pe\u00fagas\u00ae\",\"url\":\"https:\\\/\\\/fabricadaspeugas.com\\\/\",\"logo\":{\"@type\":\"ImageObject\",\"inLanguage\":\"es\",\"@id\":\"https:\\\/\\\/fabricadaspeugas.com\\\/#\\\/schema\\\/logo\\\/image\\\/\",\"url\":\"https:\\\/\\\/fabricadaspeugas.com\\\/wp-content\\\/uploads\\\/2025\\\/05\\\/fabrica_das_peugas_logov3.png\",\"contentUrl\":\"https:\\\/\\\/fabricadaspeugas.com\\\/wp-content\\\/uploads\\\/2025\\\/05\\\/fabrica_das_peugas_logov3.png\",\"width\":200,\"height\":121,\"caption\":\"F\u00e1brica das Pe\u00fagas\u00ae\"},\"image\":{\"@id\":\"https:\\\/\\\/fabricadaspeugas.com\\\/#\\\/schema\\\/logo\\\/image\\\/\"},\"sameAs\":[\"https:\\\/\\\/www.facebook.com\\\/fabricadaspeugas\",\"https:\\\/\\\/www.instagram.com\\\/fabrica.das.peugas\\\/\"]}]}<\/script>\n<!-- \/ Yoast SEO plugin. -->","yoast_head_json":{"title":"Resolu\u00e7\u00e3o de Conflitos Online &#8211; F\u00e1brica das Pe\u00fagas\u00ae - N\u00e3o s\u00e3o s\u00f3 pe\u00fagas!","robots":{"index":"index","follow":"follow","max-snippet":"max-snippet:-1","max-image-preview":"max-image-preview:large","max-video-preview":"max-video-preview:-1"},"canonical":"https:\/\/fabricadaspeugas.com\/es\/resolucao-conflitos-online\/","og_locale":"es_ES","og_type":"article","og_title":"Resolu\u00e7\u00e3o de Conflitos Online &#8211; F\u00e1brica das Pe\u00fagas\u00ae - N\u00e3o s\u00e3o s\u00f3 pe\u00fagas!","og_description":"De acordo com a Lei n.144\/2015, de 8 de Setembro de 2015, divulg\u00e1mos todas as\u00a0Entidades para Resolu\u00e7\u00e3o Alternativa de Lit\u00edgios\u00a0que podem ser contactadas em caso de conflito, na compra de um produto referenciado neste website.De salientar, que quando necess\u00e1ria, esta solu\u00e7\u00e3o comparada com a via judicial \u00e9, normalmente, mais r\u00e1pida, menos protocolar e menos dispendiosa. [&hellip;]","og_url":"https:\/\/fabricadaspeugas.com\/es\/resolucao-conflitos-online\/","og_site_name":"F\u00e1brica das Pe\u00fagas\u00ae - N\u00e3o s\u00e3o s\u00f3 pe\u00fagas!","article_publisher":"https:\/\/www.facebook.com\/fabricadaspeugas","article_modified_time":"2019-12-14T17:06:23+00:00","twitter_card":"summary_large_image","twitter_misc":{"Tiempo de lectura":"1 minuto"},"schema":{"@context":"https:\/\/schema.org","@graph":[{"@type":"WebPage","@id":"https:\/\/fabricadaspeugas.com\/resolucao-conflitos-online\/","url":"https:\/\/fabricadaspeugas.com\/resolucao-conflitos-online\/","name":"Resolu\u00e7\u00e3o de Conflitos Online &#8211; F\u00e1brica das Pe\u00fagas\u00ae - N\u00e3o s\u00e3o s\u00f3 pe\u00fagas!","isPartOf":{"@id":"https:\/\/fabricadaspeugas.com\/#website"},"datePublished":"2019-01-25T22:43:53+00:00","dateModified":"2019-12-14T17:06:23+00:00","breadcrumb":{"@id":"https:\/\/fabricadaspeugas.com\/resolucao-conflitos-online\/#breadcrumb"},"inLanguage":"es","potentialAction":[{"@type":"ReadAction","target":["https:\/\/fabricadaspeugas.com\/resolucao-conflitos-online\/"]}]},{"@type":"BreadcrumbList","@id":"https:\/\/fabricadaspeugas.com\/resolucao-conflitos-online\/#breadcrumb","itemListElement":[{"@type":"ListItem","position":1,"name":"In\u00edcio","item":"https:\/\/fabricadaspeugas.com\/"},{"@type":"ListItem","position":2,"name":"Resolu\u00e7\u00e3o de Conflitos Online"}]},{"@type":"WebSite","@id":"https:\/\/fabricadaspeugas.com\/#website","url":"https:\/\/fabricadaspeugas.com\/","name":"F\u00e1brica das Pe\u00fagas\u00ae - \u00a1No s\u00f3lo calcetines!","description":"Calcetines divertidos, informales, deportivos y c\u00f3modos. Disfruta de un confort y una calidad inigualables a cada paso.","publisher":{"@id":"https:\/\/fabricadaspeugas.com\/#organization"},"potentialAction":[{"@type":"SearchAction","target":{"@type":"EntryPoint","urlTemplate":"https:\/\/fabricadaspeugas.com\/?s={search_term_string}"},"query-input":{"@type":"PropertyValueSpecification","valueRequired":true,"valueName":"search_term_string"}}],"inLanguage":"es"},{"@type":"Organization","@id":"https:\/\/fabricadaspeugas.com\/#organization","name":"F\u00e1brica de calcetines","url":"https:\/\/fabricadaspeugas.com\/","logo":{"@type":"ImageObject","inLanguage":"es","@id":"https:\/\/fabricadaspeugas.com\/#\/schema\/logo\/image\/","url":"https:\/\/fabricadaspeugas.com\/wp-content\/uploads\/2025\/05\/fabrica_das_peugas_logov3.png","contentUrl":"https:\/\/fabricadaspeugas.com\/wp-content\/uploads\/2025\/05\/fabrica_das_peugas_logov3.png","width":200,"height":121,"caption":"F\u00e1brica das Pe\u00fagas\u00ae"},"image":{"@id":"https:\/\/fabricadaspeugas.com\/#\/schema\/logo\/image\/"},"sameAs":["https:\/\/www.facebook.com\/fabricadaspeugas","https:\/\/www.instagram.com\/fabrica.das.peugas\/"]}]}},"_links":{"self":[{"href":"https:\/\/fabricadaspeugas.com\/es\/wp-json\/wp\/v2\/pages\/942","targetHints":{"allow":["GET"]}}],"collection":[{"href":"https:\/\/fabricadaspeugas.com\/es\/wp-json\/wp\/v2\/pages"}],"about":[{"href":"https:\/\/fabricadaspeugas.com\/es\/wp-json\/wp\/v2\/types\/page"}],"author":[{"embeddable":true,"href":"https:\/\/fabricadaspeugas.com\/es\/wp-json\/wp\/v2\/users\/1"}],"replies":[{"embeddable":true,"href":"https:\/\/fabricadaspeugas.com\/es\/wp-json\/wp\/v2\/comments?post=942"}],"version-history":[{"count":0,"href":"https:\/\/fabricadaspeugas.com\/es\/wp-json\/wp\/v2\/pages\/942\/revisions"}],"wp:attachment":[{"href":"https:\/\/fabricadaspeugas.com\/es\/wp-json\/wp\/v2\/media?parent=942"}],"curies":[{"name":"wp","href":"https:\/\/api.w.org\/{rel}","templated":true}]}}