{"id":12286,"date":"2022-05-19T14:14:41","date_gmt":"2022-05-19T14:14:41","guid":{"rendered":"https:\/\/fabricadaspeugas.com\/?post_type=product&#038;p=12286"},"modified":"2025-04-19T12:02:25","modified_gmt":"2025-04-19T11:02:25","slug":"collants-descanso-gravidez-40den","status":"publish","type":"product","link":"https:\/\/fabricadaspeugas.com\/es\/product\/collants-descanso-gravidez-40den\/","title":{"rendered":"COLLANTS DESCANSO GRAVIDEZ 40 DEN"},"content":{"rendered":"<p><strong>CARACTER\u00cdSTICAS DEL PRODUCTO<\/strong><br \/>\nCollants de descanso 40 den para gr\u00e1vidas de 3 a 9 meses de gesta\u00e7\u00e3o.<br \/>\nFacilita la circulaci\u00f3n sangu\u00ednea y previene la fatiga.<br \/>\nMalha resistente e de excelente qualidade.<br \/>\nBoa ader\u00eancia do collant \u00e0 pele (n\u00e3o descai).<br \/>\n<br \/>\n<strong>COMPOSICI\u00d3N<\/strong><br \/>\n84% Poliamida e 16% Elastano<br \/>\n<br \/>\n<strong>TRATAMIENTOS Y CUIDADOS<\/strong><br \/>\n<img loading=\"lazy\" decoding=\"async\" src=\"https:\/\/fabricadaspeugas.com\/wp-content\/uploads\/2019\/02\/simbologia_lavagem1_white.png\" alt=\"\" width=\"295\" height=\"35\" class=\"alignnone size-full wp-image-1149\" \/><br \/>\nLavado a m\u00e1quina a 30\u00ba.<br \/>\nNo planchar<br \/>\nNo blanquear<br \/>\nNo limpiar en seco<br \/>\nNo centrifugar<br \/>\nSecado en la cuerda<br \/>\nLimpieza suave en h\u00famedo<br \/>\n<br \/>\n<strong>ENV\u00cdO<\/strong><br \/>\nEl plazo de entrega es de 1 a 3 d\u00edas laborables tras la confirmaci\u00f3n del pago.<br \/>\n<br \/>\n<strong>CAMBIOS Y DEVOLUCIONES<\/strong><br \/>\nDispone de 14 d\u00edas para realizar su solicitud de cambio o devoluci\u00f3n.<\/p>","protected":false},"excerpt":{"rendered":"<p>Collants de descanso para gr\u00e1vidas de 3 a 9 meses de gesta\u00e7\u00e3o.<br \/>\nMalha resistente e de excelente qualidade.<\/p>","protected":false},"featured_media":12290,"template":"","meta":[],"product_brand":[],"product_cat":[26,72],"product_tag":[],"class_list":{"0":"post-12286","1":"product","2":"type-product","3":"status-publish","4":"has-post-thumbnail","6":"product_cat-meias-compressao-descanso","7":"product_cat-meias-compressao-descanso-mulher","9":"first","10":"outofstock","11":"taxable","12":"shipping-taxable","13":"product-type-variable","14":"has-default-attributes"},"yoast_head":"<!-- This site is optimized with the Yoast SEO plugin v27.3 - https:\/\/yoast.com\/product\/yoast-seo-wordpress\/ -->\n<title>COLLANTS DESCANSO GRAVIDEZ 40 DEN &#8211; F\u00e1brica das Pe\u00fagas\u00ae - N\u00e3o s\u00e3o s\u00f3 pe\u00fagas!<\/title>\n<meta name=\"description\" content=\"Collants de descanso 40 den para gr\u00e1vidas de 3 a 9 meses de gesta\u00e7\u00e3o. Facilita a circula\u00e7\u00e3o sangu\u00ednea e evita a fadiga.\" \/>\n<meta name=\"robots\" content=\"index, follow, max-snippet:-1, max-image-preview:large, max-video-preview:-1\" \/>\n<link rel=\"canonical\" href=\"https:\/\/fabricadaspeugas.com\/es\/producto-2\/collants-descanso-gravidez-40den\/\" \/>\n<meta property=\"og:locale\" content=\"es_ES\" \/>\n<meta property=\"og:type\" content=\"article\" \/>\n<meta property=\"og:title\" content=\"COLLANTS DESCANSO GRAVIDEZ 40 DEN &#8211; F\u00e1brica das Pe\u00fagas\u00ae - N\u00e3o s\u00e3o s\u00f3 pe\u00fagas!\" \/>\n<meta property=\"og:description\" content=\"Collants de descanso 40 den para gr\u00e1vidas de 3 a 9 meses de gesta\u00e7\u00e3o. Facilita a circula\u00e7\u00e3o sangu\u00ednea e evita a fadiga.\" \/>\n<meta property=\"og:url\" content=\"https:\/\/fabricadaspeugas.com\/es\/producto-2\/collants-descanso-gravidez-40den\/\" \/>\n<meta property=\"og:site_name\" content=\"F\u00e1brica das Pe\u00fagas\u00ae - N\u00e3o s\u00e3o s\u00f3 pe\u00fagas!\" \/>\n<meta property=\"article:publisher\" content=\"https:\/\/www.facebook.com\/fabricadaspeugas\" \/>\n<meta property=\"article:modified_time\" content=\"2025-04-19T11:02:25+00:00\" \/>\n<meta property=\"og:image\" content=\"https:\/\/fabricadaspeugas.com\/wp-content\/uploads\/2022\/05\/collant-descanso-para-gravidas-40den-fabrica_das_peugas.jpg\" \/>\n\t<meta property=\"og:image:width\" content=\"800\" \/>\n\t<meta property=\"og:image:height\" content=\"520\" \/>\n\t<meta property=\"og:image:type\" content=\"image\/jpeg\" \/>\n<meta name=\"twitter:card\" content=\"summary_large_image\" \/>\n<meta name=\"twitter:label1\" content=\"Tiempo de lectura\" \/>\n\t<meta name=\"twitter:data1\" content=\"1 minuto\" \/>\n<script type=\"application\/ld+json\" class=\"yoast-schema-graph\">{\"@context\":\"https:\\\/\\\/schema.org\",\"@graph\":[{\"@type\":\"WebPage\",\"@id\":\"https:\\\/\\\/fabricadaspeugas.com\\\/product\\\/collants-descanso-gravidez-40den\\\/\",\"url\":\"https:\\\/\\\/fabricadaspeugas.com\\\/product\\\/collants-descanso-gravidez-40den\\\/\",\"name\":\"COLLANTS DESCANSO GRAVIDEZ 40 DEN &#8211; F\u00e1brica das Pe\u00fagas\u00ae - N\u00e3o s\u00e3o s\u00f3 pe\u00fagas!\",\"isPartOf\":{\"@id\":\"https:\\\/\\\/fabricadaspeugas.com\\\/#website\"},\"primaryImageOfPage\":{\"@id\":\"https:\\\/\\\/fabricadaspeugas.com\\\/product\\\/collants-descanso-gravidez-40den\\\/#primaryimage\"},\"image\":{\"@id\":\"https:\\\/\\\/fabricadaspeugas.com\\\/product\\\/collants-descanso-gravidez-40den\\\/#primaryimage\"},\"thumbnailUrl\":\"https:\\\/\\\/fabricadaspeugas.com\\\/wp-content\\\/uploads\\\/2022\\\/05\\\/collant-descanso-para-gravidas-40den-fabrica_das_peugas.jpg\",\"datePublished\":\"2022-05-19T14:14:41+00:00\",\"dateModified\":\"2025-04-19T11:02:25+00:00\",\"description\":\"Collants de descanso 40 den para gr\u00e1vidas de 3 a 9 meses de gesta\u00e7\u00e3o. Facilita a circula\u00e7\u00e3o sangu\u00ednea e evita a fadiga.\",\"breadcrumb\":{\"@id\":\"https:\\\/\\\/fabricadaspeugas.com\\\/product\\\/collants-descanso-gravidez-40den\\\/#breadcrumb\"},\"inLanguage\":\"es\",\"potentialAction\":[{\"@type\":\"ReadAction\",\"target\":[\"https:\\\/\\\/fabricadaspeugas.com\\\/product\\\/collants-descanso-gravidez-40den\\\/\"]}]},{\"@type\":\"ImageObject\",\"inLanguage\":\"es\",\"@id\":\"https:\\\/\\\/fabricadaspeugas.com\\\/product\\\/collants-descanso-gravidez-40den\\\/#primaryimage\",\"url\":\"https:\\\/\\\/fabricadaspeugas.com\\\/wp-content\\\/uploads\\\/2022\\\/05\\\/collant-descanso-para-gravidas-40den-fabrica_das_peugas.jpg\",\"contentUrl\":\"https:\\\/\\\/fabricadaspeugas.com\\\/wp-content\\\/uploads\\\/2022\\\/05\\\/collant-descanso-para-gravidas-40den-fabrica_das_peugas.jpg\",\"width\":800,\"height\":520,\"caption\":\"collant-descanso-para-gravidas-40den-fabrica_das_peugas\"},{\"@type\":\"BreadcrumbList\",\"@id\":\"https:\\\/\\\/fabricadaspeugas.com\\\/product\\\/collants-descanso-gravidez-40den\\\/#breadcrumb\",\"itemListElement\":[{\"@type\":\"ListItem\",\"position\":1,\"name\":\"In\u00edcio\",\"item\":\"https:\\\/\\\/fabricadaspeugas.com\\\/\"},{\"@type\":\"ListItem\",\"position\":2,\"name\":\"Loja\",\"item\":\"https:\\\/\\\/fabricadaspeugas.com\\\/loja\\\/\"},{\"@type\":\"ListItem\",\"position\":3,\"name\":\"COLLANTS DESCANSO GRAVIDEZ 40 DEN\"}]},{\"@type\":\"WebSite\",\"@id\":\"https:\\\/\\\/fabricadaspeugas.com\\\/#website\",\"url\":\"https:\\\/\\\/fabricadaspeugas.com\\\/\",\"name\":\"F\u00e1brica das Pe\u00fagas\u00ae - N\u00e3o s\u00e3o s\u00f3 pe\u00fagas!\",\"description\":\"Pe\u00fagas divertidas, casuais, desportivas e confort\u00e1veis. Desfrute de conforto e qualidade incompar\u00e1veis \u200b\u200ba cada passo.\",\"publisher\":{\"@id\":\"https:\\\/\\\/fabricadaspeugas.com\\\/#organization\"},\"potentialAction\":[{\"@type\":\"SearchAction\",\"target\":{\"@type\":\"EntryPoint\",\"urlTemplate\":\"https:\\\/\\\/fabricadaspeugas.com\\\/?s={search_term_string}\"},\"query-input\":{\"@type\":\"PropertyValueSpecification\",\"valueRequired\":true,\"valueName\":\"search_term_string\"}}],\"inLanguage\":\"es\"},{\"@type\":\"Organization\",\"@id\":\"https:\\\/\\\/fabricadaspeugas.com\\\/#organization\",\"name\":\"F\u00e1brica das Pe\u00fagas\u00ae\",\"url\":\"https:\\\/\\\/fabricadaspeugas.com\\\/\",\"logo\":{\"@type\":\"ImageObject\",\"inLanguage\":\"es\",\"@id\":\"https:\\\/\\\/fabricadaspeugas.com\\\/#\\\/schema\\\/logo\\\/image\\\/\",\"url\":\"https:\\\/\\\/fabricadaspeugas.com\\\/wp-content\\\/uploads\\\/2025\\\/05\\\/fabrica_das_peugas_logov3.png\",\"contentUrl\":\"https:\\\/\\\/fabricadaspeugas.com\\\/wp-content\\\/uploads\\\/2025\\\/05\\\/fabrica_das_peugas_logov3.png\",\"width\":200,\"height\":121,\"caption\":\"F\u00e1brica das Pe\u00fagas\u00ae\"},\"image\":{\"@id\":\"https:\\\/\\\/fabricadaspeugas.com\\\/#\\\/schema\\\/logo\\\/image\\\/\"},\"sameAs\":[\"https:\\\/\\\/www.facebook.com\\\/fabricadaspeugas\",\"https:\\\/\\\/www.instagram.com\\\/fabrica.das.peugas\\\/\"]}]}<\/script>\n<!-- \/ Yoast SEO plugin. -->","yoast_head_json":{"title":"COLLANTS DESCANSO GRAVIDEZ 40 DEN &#8211; F\u00e1brica das Pe\u00fagas\u00ae - N\u00e3o s\u00e3o s\u00f3 pe\u00fagas!","description":"Collants de descanso 40 den para gr\u00e1vidas de 3 a 9 meses de gesta\u00e7\u00e3o. Facilita a circula\u00e7\u00e3o sangu\u00ednea e evita a fadiga.","robots":{"index":"index","follow":"follow","max-snippet":"max-snippet:-1","max-image-preview":"max-image-preview:large","max-video-preview":"max-video-preview:-1"},"canonical":"https:\/\/fabricadaspeugas.com\/es\/producto-2\/collants-descanso-gravidez-40den\/","og_locale":"es_ES","og_type":"article","og_title":"COLLANTS DESCANSO GRAVIDEZ 40 DEN &#8211; F\u00e1brica das Pe\u00fagas\u00ae - N\u00e3o s\u00e3o s\u00f3 pe\u00fagas!","og_description":"Collants de descanso 40 den para gr\u00e1vidas de 3 a 9 meses de gesta\u00e7\u00e3o. Facilita a circula\u00e7\u00e3o sangu\u00ednea e evita a fadiga.","og_url":"https:\/\/fabricadaspeugas.com\/es\/producto-2\/collants-descanso-gravidez-40den\/","og_site_name":"F\u00e1brica das Pe\u00fagas\u00ae - N\u00e3o s\u00e3o s\u00f3 pe\u00fagas!","article_publisher":"https:\/\/www.facebook.com\/fabricadaspeugas","article_modified_time":"2025-04-19T11:02:25+00:00","og_image":[{"width":800,"height":520,"url":"https:\/\/fabricadaspeugas.com\/wp-content\/uploads\/2022\/05\/collant-descanso-para-gravidas-40den-fabrica_das_peugas.jpg","type":"image\/jpeg"}],"twitter_card":"summary_large_image","twitter_misc":{"Tiempo de lectura":"1 minuto"},"schema":{"@context":"https:\/\/schema.org","@graph":[{"@type":"WebPage","@id":"https:\/\/fabricadaspeugas.com\/product\/collants-descanso-gravidez-40den\/","url":"https:\/\/fabricadaspeugas.com\/product\/collants-descanso-gravidez-40den\/","name":"COLLANTS DESCANSO GRAVIDEZ 40 DEN &#8211; F\u00e1brica das Pe\u00fagas\u00ae - N\u00e3o s\u00e3o s\u00f3 pe\u00fagas!","isPartOf":{"@id":"https:\/\/fabricadaspeugas.com\/#website"},"primaryImageOfPage":{"@id":"https:\/\/fabricadaspeugas.com\/product\/collants-descanso-gravidez-40den\/#primaryimage"},"image":{"@id":"https:\/\/fabricadaspeugas.com\/product\/collants-descanso-gravidez-40den\/#primaryimage"},"thumbnailUrl":"https:\/\/fabricadaspeugas.com\/wp-content\/uploads\/2022\/05\/collant-descanso-para-gravidas-40den-fabrica_das_peugas.jpg","datePublished":"2022-05-19T14:14:41+00:00","dateModified":"2025-04-19T11:02:25+00:00","description":"Collants de descanso 40 den para gr\u00e1vidas de 3 a 9 meses de gesta\u00e7\u00e3o. Facilita a circula\u00e7\u00e3o sangu\u00ednea e evita a fadiga.","breadcrumb":{"@id":"https:\/\/fabricadaspeugas.com\/product\/collants-descanso-gravidez-40den\/#breadcrumb"},"inLanguage":"es","potentialAction":[{"@type":"ReadAction","target":["https:\/\/fabricadaspeugas.com\/product\/collants-descanso-gravidez-40den\/"]}]},{"@type":"ImageObject","inLanguage":"es","@id":"https:\/\/fabricadaspeugas.com\/product\/collants-descanso-gravidez-40den\/#primaryimage","url":"https:\/\/fabricadaspeugas.com\/wp-content\/uploads\/2022\/05\/collant-descanso-para-gravidas-40den-fabrica_das_peugas.jpg","contentUrl":"https:\/\/fabricadaspeugas.com\/wp-content\/uploads\/2022\/05\/collant-descanso-para-gravidas-40den-fabrica_das_peugas.jpg","width":800,"height":520,"caption":"collant-descanso-para-gravidas-40den-fabrica_das_peugas"},{"@type":"BreadcrumbList","@id":"https:\/\/fabricadaspeugas.com\/product\/collants-descanso-gravidez-40den\/#breadcrumb","itemListElement":[{"@type":"ListItem","position":1,"name":"In\u00edcio","item":"https:\/\/fabricadaspeugas.com\/"},{"@type":"ListItem","position":2,"name":"Loja","item":"https:\/\/fabricadaspeugas.com\/loja\/"},{"@type":"ListItem","position":3,"name":"COLLANTS DESCANSO GRAVIDEZ 40 DEN"}]},{"@type":"WebSite","@id":"https:\/\/fabricadaspeugas.com\/#website","url":"https:\/\/fabricadaspeugas.com\/","name":"F\u00e1brica das Pe\u00fagas\u00ae - \u00a1No s\u00f3lo calcetines!","description":"Calcetines divertidos, informales, deportivos y c\u00f3modos. Disfruta de un confort y una calidad inigualables a cada paso.","publisher":{"@id":"https:\/\/fabricadaspeugas.com\/#organization"},"potentialAction":[{"@type":"SearchAction","target":{"@type":"EntryPoint","urlTemplate":"https:\/\/fabricadaspeugas.com\/?s={search_term_string}"},"query-input":{"@type":"PropertyValueSpecification","valueRequired":true,"valueName":"search_term_string"}}],"inLanguage":"es"},{"@type":"Organization","@id":"https:\/\/fabricadaspeugas.com\/#organization","name":"F\u00e1brica de calcetines","url":"https:\/\/fabricadaspeugas.com\/","logo":{"@type":"ImageObject","inLanguage":"es","@id":"https:\/\/fabricadaspeugas.com\/#\/schema\/logo\/image\/","url":"https:\/\/fabricadaspeugas.com\/wp-content\/uploads\/2025\/05\/fabrica_das_peugas_logov3.png","contentUrl":"https:\/\/fabricadaspeugas.com\/wp-content\/uploads\/2025\/05\/fabrica_das_peugas_logov3.png","width":200,"height":121,"caption":"F\u00e1brica das Pe\u00fagas\u00ae"},"image":{"@id":"https:\/\/fabricadaspeugas.com\/#\/schema\/logo\/image\/"},"sameAs":["https:\/\/www.facebook.com\/fabricadaspeugas","https:\/\/www.instagram.com\/fabrica.das.peugas\/"]}]}},"_links":{"self":[{"href":"https:\/\/fabricadaspeugas.com\/es\/wp-json\/wp\/v2\/product\/12286","targetHints":{"allow":["GET"]}}],"collection":[{"href":"https:\/\/fabricadaspeugas.com\/es\/wp-json\/wp\/v2\/product"}],"about":[{"href":"https:\/\/fabricadaspeugas.com\/es\/wp-json\/wp\/v2\/types\/product"}],"wp:featuredmedia":[{"embeddable":true,"href":"https:\/\/fabricadaspeugas.com\/es\/wp-json\/wp\/v2\/media\/12290"}],"wp:attachment":[{"href":"https:\/\/fabricadaspeugas.com\/es\/wp-json\/wp\/v2\/media?parent=12286"}],"wp:term":[{"taxonomy":"product_brand","embeddable":true,"href":"https:\/\/fabricadaspeugas.com\/es\/wp-json\/wp\/v2\/product_brand?post=12286"},{"taxonomy":"product_cat","embeddable":true,"href":"https:\/\/fabricadaspeugas.com\/es\/wp-json\/wp\/v2\/product_cat?post=12286"},{"taxonomy":"product_tag","embeddable":true,"href":"https:\/\/fabricadaspeugas.com\/es\/wp-json\/wp\/v2\/product_tag?post=12286"}],"curies":[{"name":"wp","href":"https:\/\/api.w.org\/{rel}","templated":true}]}}