{"id":12848,"date":"2022-09-17T23:24:28","date_gmt":"2022-09-17T23:24:28","guid":{"rendered":"https:\/\/fabricadaspeugas.com\/?post_type=product&#038;p=12848"},"modified":"2023-11-08T00:46:00","modified_gmt":"2023-11-07T23:46:00","slug":"meias-natal-antiderrapantes-rena-redolfo","status":"publish","type":"product","link":"https:\/\/fabricadaspeugas.com\/es\/product\/meias-natal-antiderrapantes-rena-redolfo\/","title":{"rendered":"MEIAS NATAL ANTIDERRAPANTES RENA RUDOLPH"},"content":{"rendered":"<p><strong>CARACTER\u00cdSTICAS DEL PRODUCTO<\/strong><br \/>\nRegalar calcetines en Navidad es ya una tradici\u00f3n y estos son los que todos querr\u00e1n.<br \/>\nCalcetines t\u00e9rmicos antideslizantes de Navidad.<br \/>\nConfort y suavidad garantizados.<br \/>\n<br \/>\n<strong>COMPOSICI\u00d3N<\/strong><br \/>\n80% Acr\u00edlico 20% Poli\u00e9ster<br \/>\n<br \/>\n<strong>TRATAMIENTOS Y CUIDADOS<\/strong><br \/>\n<img loading=\"lazy\" decoding=\"async\" src=\"https:\/\/fabricadaspeugas.com\/wp-content\/uploads\/2019\/02\/simbologia_lavagem1_white.png\" alt=\"\" width=\"295\" height=\"35\" class=\"alignnone size-full wp-image-1149\" \/><br \/>\nLavado a m\u00e1quina a 30\u00ba.<br \/>\nNo planchar<br \/>\nNo blanquear<br \/>\nNo limpiar en seco<br \/>\nNo centrifugar<br \/>\nSecado en la cuerda<br \/>\nLimpieza suave en h\u00famedo<br \/>\n<br \/>\n<strong>ENV\u00cdO<\/strong><br \/>\nEl plazo de entrega es de 1 a 3 d\u00edas laborables tras la confirmaci\u00f3n del pago.<br \/>\n<br \/>\n<strong>CAMBIOS Y DEVOLUCIONES<\/strong><br \/>\nDispone de 14 d\u00edas para realizar su solicitud de cambio o devoluci\u00f3n.<\/p>","protected":false},"excerpt":{"rendered":"<p>Regalar calcetines en Navidad es ya una tradici\u00f3n y estos son los que todos querr\u00e1n.<br \/>\nCalcetines t\u00e9rmicos antideslizantes de Navidad.<\/p>","protected":false},"featured_media":12847,"template":"","meta":[],"product_brand":[],"product_cat":[409,407,408],"product_tag":[],"class_list":{"0":"post-12848","1":"product","2":"type-product","3":"status-publish","4":"has-post-thumbnail","6":"product_cat-meias-peugas-natal","7":"product_cat-meias-termicas-inverno-mulher","8":"product_cat-meias-termicas-inverno-homem","9":"pa_cor-padrao-18g-2-202210176","11":"first","12":"outofstock","13":"taxable","14":"shipping-taxable","15":"product-type-variable","16":"has-default-attributes"},"yoast_head":"<!-- This site is optimized with the Yoast SEO plugin v27.3 - https:\/\/yoast.com\/product\/yoast-seo-wordpress\/ -->\n<title>MEIAS NATAL ANTIDERRAPANTES RENA RUDOLPH &#8211; F\u00e1brica das Pe\u00fagas\u00ae - N\u00e3o s\u00e3o s\u00f3 pe\u00fagas!<\/title>\n<meta name=\"description\" content=\"Loja Online de collants, pe\u00fagas, meias compress\u00e3o, descanso, desporto, coloridas, divertidas, antiderrapantes e t\u00e9rmicas. Homem, senhora e crian\u00e7a.\" \/>\n<meta name=\"robots\" content=\"index, follow, max-snippet:-1, max-image-preview:large, max-video-preview:-1\" \/>\n<link rel=\"canonical\" href=\"https:\/\/fabricadaspeugas.com\/es\/producto-2\/meias-natal-antiderrapantes-rena-redolfo\/\" \/>\n<meta property=\"og:locale\" content=\"es_ES\" \/>\n<meta property=\"og:type\" content=\"article\" \/>\n<meta property=\"og:title\" content=\"MEIAS NATAL ANTIDERRAPANTES RENA RUDOLPH &#8211; F\u00e1brica das Pe\u00fagas\u00ae - N\u00e3o s\u00e3o s\u00f3 pe\u00fagas!\" \/>\n<meta property=\"og:description\" content=\"Loja Online de collants, pe\u00fagas, meias compress\u00e3o, descanso, desporto, coloridas, divertidas, antiderrapantes e t\u00e9rmicas. Homem, senhora e crian\u00e7a.\" \/>\n<meta property=\"og:url\" content=\"https:\/\/fabricadaspeugas.com\/es\/producto-2\/meias-natal-antiderrapantes-rena-redolfo\/\" \/>\n<meta property=\"og:site_name\" content=\"F\u00e1brica das Pe\u00fagas\u00ae - N\u00e3o s\u00e3o s\u00f3 pe\u00fagas!\" \/>\n<meta property=\"article:publisher\" content=\"https:\/\/www.facebook.com\/fabricadaspeugas\" \/>\n<meta property=\"article:modified_time\" content=\"2023-11-07T23:46:00+00:00\" \/>\n<meta property=\"og:image\" content=\"https:\/\/fabricadaspeugas.com\/wp-content\/uploads\/2022\/10\/meias_natal_antiderrapantes_rena_redolfo.jpg\" \/>\n\t<meta property=\"og:image:width\" content=\"800\" \/>\n\t<meta property=\"og:image:height\" content=\"800\" \/>\n\t<meta property=\"og:image:type\" content=\"image\/jpeg\" \/>\n<meta name=\"twitter:card\" content=\"summary_large_image\" \/>\n<meta name=\"twitter:label1\" content=\"Tiempo de lectura\" \/>\n\t<meta name=\"twitter:data1\" content=\"1 minuto\" \/>\n<script type=\"application\/ld+json\" class=\"yoast-schema-graph\">{\"@context\":\"https:\\\/\\\/schema.org\",\"@graph\":[{\"@type\":\"WebPage\",\"@id\":\"https:\\\/\\\/fabricadaspeugas.com\\\/product\\\/meias-natal-antiderrapantes-rena-redolfo\\\/\",\"url\":\"https:\\\/\\\/fabricadaspeugas.com\\\/product\\\/meias-natal-antiderrapantes-rena-redolfo\\\/\",\"name\":\"MEIAS NATAL ANTIDERRAPANTES RENA RUDOLPH &#8211; F\u00e1brica das Pe\u00fagas\u00ae - N\u00e3o s\u00e3o s\u00f3 pe\u00fagas!\",\"isPartOf\":{\"@id\":\"https:\\\/\\\/fabricadaspeugas.com\\\/#website\"},\"primaryImageOfPage\":{\"@id\":\"https:\\\/\\\/fabricadaspeugas.com\\\/product\\\/meias-natal-antiderrapantes-rena-redolfo\\\/#primaryimage\"},\"image\":{\"@id\":\"https:\\\/\\\/fabricadaspeugas.com\\\/product\\\/meias-natal-antiderrapantes-rena-redolfo\\\/#primaryimage\"},\"thumbnailUrl\":\"https:\\\/\\\/fabricadaspeugas.com\\\/wp-content\\\/uploads\\\/2022\\\/10\\\/meias_natal_antiderrapantes_rena_redolfo.jpg\",\"datePublished\":\"2022-09-17T23:24:28+00:00\",\"dateModified\":\"2023-11-07T23:46:00+00:00\",\"description\":\"Loja Online de collants, pe\u00fagas, meias compress\u00e3o, descanso, desporto, coloridas, divertidas, antiderrapantes e t\u00e9rmicas. Homem, senhora e crian\u00e7a.\",\"breadcrumb\":{\"@id\":\"https:\\\/\\\/fabricadaspeugas.com\\\/product\\\/meias-natal-antiderrapantes-rena-redolfo\\\/#breadcrumb\"},\"inLanguage\":\"es\",\"potentialAction\":[{\"@type\":\"ReadAction\",\"target\":[\"https:\\\/\\\/fabricadaspeugas.com\\\/product\\\/meias-natal-antiderrapantes-rena-redolfo\\\/\"]}]},{\"@type\":\"ImageObject\",\"inLanguage\":\"es\",\"@id\":\"https:\\\/\\\/fabricadaspeugas.com\\\/product\\\/meias-natal-antiderrapantes-rena-redolfo\\\/#primaryimage\",\"url\":\"https:\\\/\\\/fabricadaspeugas.com\\\/wp-content\\\/uploads\\\/2022\\\/10\\\/meias_natal_antiderrapantes_rena_redolfo.jpg\",\"contentUrl\":\"https:\\\/\\\/fabricadaspeugas.com\\\/wp-content\\\/uploads\\\/2022\\\/10\\\/meias_natal_antiderrapantes_rena_redolfo.jpg\",\"width\":800,\"height\":800,\"caption\":\"meias_natal_antiderrapantes_rena_redolfo\"},{\"@type\":\"BreadcrumbList\",\"@id\":\"https:\\\/\\\/fabricadaspeugas.com\\\/product\\\/meias-natal-antiderrapantes-rena-redolfo\\\/#breadcrumb\",\"itemListElement\":[{\"@type\":\"ListItem\",\"position\":1,\"name\":\"In\u00edcio\",\"item\":\"https:\\\/\\\/fabricadaspeugas.com\\\/\"},{\"@type\":\"ListItem\",\"position\":2,\"name\":\"Loja\",\"item\":\"https:\\\/\\\/fabricadaspeugas.com\\\/loja\\\/\"},{\"@type\":\"ListItem\",\"position\":3,\"name\":\"MEIAS NATAL ANTIDERRAPANTES RENA RUDOLPH\"}]},{\"@type\":\"WebSite\",\"@id\":\"https:\\\/\\\/fabricadaspeugas.com\\\/#website\",\"url\":\"https:\\\/\\\/fabricadaspeugas.com\\\/\",\"name\":\"F\u00e1brica das Pe\u00fagas\u00ae - N\u00e3o s\u00e3o s\u00f3 pe\u00fagas!\",\"description\":\"Pe\u00fagas divertidas, casuais, desportivas e confort\u00e1veis. Desfrute de conforto e qualidade incompar\u00e1veis \u200b\u200ba cada passo.\",\"publisher\":{\"@id\":\"https:\\\/\\\/fabricadaspeugas.com\\\/#organization\"},\"potentialAction\":[{\"@type\":\"SearchAction\",\"target\":{\"@type\":\"EntryPoint\",\"urlTemplate\":\"https:\\\/\\\/fabricadaspeugas.com\\\/?s={search_term_string}\"},\"query-input\":{\"@type\":\"PropertyValueSpecification\",\"valueRequired\":true,\"valueName\":\"search_term_string\"}}],\"inLanguage\":\"es\"},{\"@type\":\"Organization\",\"@id\":\"https:\\\/\\\/fabricadaspeugas.com\\\/#organization\",\"name\":\"F\u00e1brica das Pe\u00fagas\u00ae\",\"url\":\"https:\\\/\\\/fabricadaspeugas.com\\\/\",\"logo\":{\"@type\":\"ImageObject\",\"inLanguage\":\"es\",\"@id\":\"https:\\\/\\\/fabricadaspeugas.com\\\/#\\\/schema\\\/logo\\\/image\\\/\",\"url\":\"https:\\\/\\\/fabricadaspeugas.com\\\/wp-content\\\/uploads\\\/2025\\\/05\\\/fabrica_das_peugas_logov3.png\",\"contentUrl\":\"https:\\\/\\\/fabricadaspeugas.com\\\/wp-content\\\/uploads\\\/2025\\\/05\\\/fabrica_das_peugas_logov3.png\",\"width\":200,\"height\":121,\"caption\":\"F\u00e1brica das Pe\u00fagas\u00ae\"},\"image\":{\"@id\":\"https:\\\/\\\/fabricadaspeugas.com\\\/#\\\/schema\\\/logo\\\/image\\\/\"},\"sameAs\":[\"https:\\\/\\\/www.facebook.com\\\/fabricadaspeugas\",\"https:\\\/\\\/www.instagram.com\\\/fabrica.das.peugas\\\/\"]}]}<\/script>\n<!-- \/ Yoast SEO plugin. -->","yoast_head_json":{"title":"MEIAS NATAL ANTIDERRAPANTES RENA RUDOLPH &#8211; F\u00e1brica das Pe\u00fagas\u00ae - N\u00e3o s\u00e3o s\u00f3 pe\u00fagas!","description":"Tienda online de medias, calcetines, de compresi\u00f3n, de descanso, deportivos, de colores, divertidos, antideslizantes y t\u00e9rmicos. Para hombres, mujeres y ni\u00f1os.","robots":{"index":"index","follow":"follow","max-snippet":"max-snippet:-1","max-image-preview":"max-image-preview:large","max-video-preview":"max-video-preview:-1"},"canonical":"https:\/\/fabricadaspeugas.com\/es\/producto-2\/meias-natal-antiderrapantes-rena-redolfo\/","og_locale":"es_ES","og_type":"article","og_title":"MEIAS NATAL ANTIDERRAPANTES RENA RUDOLPH &#8211; F\u00e1brica das Pe\u00fagas\u00ae - N\u00e3o s\u00e3o s\u00f3 pe\u00fagas!","og_description":"Loja Online de collants, pe\u00fagas, meias compress\u00e3o, descanso, desporto, coloridas, divertidas, antiderrapantes e t\u00e9rmicas. Homem, senhora e crian\u00e7a.","og_url":"https:\/\/fabricadaspeugas.com\/es\/producto-2\/meias-natal-antiderrapantes-rena-redolfo\/","og_site_name":"F\u00e1brica das Pe\u00fagas\u00ae - N\u00e3o s\u00e3o s\u00f3 pe\u00fagas!","article_publisher":"https:\/\/www.facebook.com\/fabricadaspeugas","article_modified_time":"2023-11-07T23:46:00+00:00","og_image":[{"width":800,"height":800,"url":"https:\/\/fabricadaspeugas.com\/wp-content\/uploads\/2022\/10\/meias_natal_antiderrapantes_rena_redolfo.jpg","type":"image\/jpeg"}],"twitter_card":"summary_large_image","twitter_misc":{"Tiempo de lectura":"1 minuto"},"schema":{"@context":"https:\/\/schema.org","@graph":[{"@type":"WebPage","@id":"https:\/\/fabricadaspeugas.com\/product\/meias-natal-antiderrapantes-rena-redolfo\/","url":"https:\/\/fabricadaspeugas.com\/product\/meias-natal-antiderrapantes-rena-redolfo\/","name":"MEIAS NATAL ANTIDERRAPANTES RENA RUDOLPH &#8211; F\u00e1brica das Pe\u00fagas\u00ae - N\u00e3o s\u00e3o s\u00f3 pe\u00fagas!","isPartOf":{"@id":"https:\/\/fabricadaspeugas.com\/#website"},"primaryImageOfPage":{"@id":"https:\/\/fabricadaspeugas.com\/product\/meias-natal-antiderrapantes-rena-redolfo\/#primaryimage"},"image":{"@id":"https:\/\/fabricadaspeugas.com\/product\/meias-natal-antiderrapantes-rena-redolfo\/#primaryimage"},"thumbnailUrl":"https:\/\/fabricadaspeugas.com\/wp-content\/uploads\/2022\/10\/meias_natal_antiderrapantes_rena_redolfo.jpg","datePublished":"2022-09-17T23:24:28+00:00","dateModified":"2023-11-07T23:46:00+00:00","description":"Tienda online de medias, calcetines, de compresi\u00f3n, de descanso, deportivos, de colores, divertidos, antideslizantes y t\u00e9rmicos. Para hombres, mujeres y ni\u00f1os.","breadcrumb":{"@id":"https:\/\/fabricadaspeugas.com\/product\/meias-natal-antiderrapantes-rena-redolfo\/#breadcrumb"},"inLanguage":"es","potentialAction":[{"@type":"ReadAction","target":["https:\/\/fabricadaspeugas.com\/product\/meias-natal-antiderrapantes-rena-redolfo\/"]}]},{"@type":"ImageObject","inLanguage":"es","@id":"https:\/\/fabricadaspeugas.com\/product\/meias-natal-antiderrapantes-rena-redolfo\/#primaryimage","url":"https:\/\/fabricadaspeugas.com\/wp-content\/uploads\/2022\/10\/meias_natal_antiderrapantes_rena_redolfo.jpg","contentUrl":"https:\/\/fabricadaspeugas.com\/wp-content\/uploads\/2022\/10\/meias_natal_antiderrapantes_rena_redolfo.jpg","width":800,"height":800,"caption":"meias_natal_antiderrapantes_rena_redolfo"},{"@type":"BreadcrumbList","@id":"https:\/\/fabricadaspeugas.com\/product\/meias-natal-antiderrapantes-rena-redolfo\/#breadcrumb","itemListElement":[{"@type":"ListItem","position":1,"name":"In\u00edcio","item":"https:\/\/fabricadaspeugas.com\/"},{"@type":"ListItem","position":2,"name":"Loja","item":"https:\/\/fabricadaspeugas.com\/loja\/"},{"@type":"ListItem","position":3,"name":"MEIAS NATAL ANTIDERRAPANTES RENA RUDOLPH"}]},{"@type":"WebSite","@id":"https:\/\/fabricadaspeugas.com\/#website","url":"https:\/\/fabricadaspeugas.com\/","name":"F\u00e1brica das Pe\u00fagas\u00ae - \u00a1No s\u00f3lo calcetines!","description":"Calcetines divertidos, informales, deportivos y c\u00f3modos. Disfruta de un confort y una calidad inigualables a cada paso.","publisher":{"@id":"https:\/\/fabricadaspeugas.com\/#organization"},"potentialAction":[{"@type":"SearchAction","target":{"@type":"EntryPoint","urlTemplate":"https:\/\/fabricadaspeugas.com\/?s={search_term_string}"},"query-input":{"@type":"PropertyValueSpecification","valueRequired":true,"valueName":"search_term_string"}}],"inLanguage":"es"},{"@type":"Organization","@id":"https:\/\/fabricadaspeugas.com\/#organization","name":"F\u00e1brica de calcetines","url":"https:\/\/fabricadaspeugas.com\/","logo":{"@type":"ImageObject","inLanguage":"es","@id":"https:\/\/fabricadaspeugas.com\/#\/schema\/logo\/image\/","url":"https:\/\/fabricadaspeugas.com\/wp-content\/uploads\/2025\/05\/fabrica_das_peugas_logov3.png","contentUrl":"https:\/\/fabricadaspeugas.com\/wp-content\/uploads\/2025\/05\/fabrica_das_peugas_logov3.png","width":200,"height":121,"caption":"F\u00e1brica das Pe\u00fagas\u00ae"},"image":{"@id":"https:\/\/fabricadaspeugas.com\/#\/schema\/logo\/image\/"},"sameAs":["https:\/\/www.facebook.com\/fabricadaspeugas","https:\/\/www.instagram.com\/fabrica.das.peugas\/"]}]}},"_links":{"self":[{"href":"https:\/\/fabricadaspeugas.com\/es\/wp-json\/wp\/v2\/product\/12848","targetHints":{"allow":["GET"]}}],"collection":[{"href":"https:\/\/fabricadaspeugas.com\/es\/wp-json\/wp\/v2\/product"}],"about":[{"href":"https:\/\/fabricadaspeugas.com\/es\/wp-json\/wp\/v2\/types\/product"}],"wp:featuredmedia":[{"embeddable":true,"href":"https:\/\/fabricadaspeugas.com\/es\/wp-json\/wp\/v2\/media\/12847"}],"wp:attachment":[{"href":"https:\/\/fabricadaspeugas.com\/es\/wp-json\/wp\/v2\/media?parent=12848"}],"wp:term":[{"taxonomy":"product_brand","embeddable":true,"href":"https:\/\/fabricadaspeugas.com\/es\/wp-json\/wp\/v2\/product_brand?post=12848"},{"taxonomy":"product_cat","embeddable":true,"href":"https:\/\/fabricadaspeugas.com\/es\/wp-json\/wp\/v2\/product_cat?post=12848"},{"taxonomy":"product_tag","embeddable":true,"href":"https:\/\/fabricadaspeugas.com\/es\/wp-json\/wp\/v2\/product_tag?post=12848"}],"curies":[{"name":"wp","href":"https:\/\/api.w.org\/{rel}","templated":true}]}}