{"id":13216,"date":"2023-01-23T10:17:43","date_gmt":"2023-01-23T09:17:43","guid":{"rendered":"https:\/\/fabricadaspeugas.com\/?post_type=product&#038;p=13216"},"modified":"2024-01-28T10:30:47","modified_gmt":"2024-01-28T10:30:47","slug":"chinelos-de-quarto-doutora-brinquedos","status":"publish","type":"product","link":"https:\/\/fabricadaspeugas.com\/es\/product\/chinelos-de-quarto-doutora-brinquedos\/","title":{"rendered":"DRA JUGUETES ZAPATILLAS NI\u00d1A"},"content":{"rendered":"<p><strong>CARACTER\u00cdSTICAS DEL PRODUCTO<\/strong><br \/>\nAs crian\u00e7as mal podem esperar para entrar no mundo m\u00e1gico e ajudar a Dottie a curar os Brinquedos e os Animais de Peluche!<br \/>\nEstes chinelos s\u00e3o t\u00e3o macios e confort\u00e1veis que as crian\u00e7as v\u00e3o us\u00e1-los o dia todo!<\/p>\n<p><strong>COMPOSICI\u00d3N<\/strong><br \/>\nMaterial exterior - Parte superior: Textil<br \/>\nMaterial interior - forro: Textil<br \/>\nSuela: 100% poli\u00e9ster con inserciones de PVC<\/p>\n<p><strong>TRATAMIENTOS Y CUIDADOS<\/strong><br \/>\n<img loading=\"lazy\" decoding=\"async\" class=\"alignnone size-full wp-image-1149\" src=\"https:\/\/fabricadaspeugas.com\/wp-content\/uploads\/2023\/01\/simbologia_tratamentos_cuidados_FC.jpg\" alt=\"\" width=\"295\" height=\"35\" \/><br \/>\nLavar a mano<br \/>\nNo planchar<br \/>\nNo blanquear<br \/>\nNo limpiar en seco<br \/>\nNo centrifugar<br \/>\nSecado en la cuerda<br \/>\nLimpieza suave en h\u00famedo<\/p>\n<p><strong>ENV\u00cdO<\/strong><br \/>\nEl plazo de entrega es de 1 a 3 d\u00edas laborables tras la confirmaci\u00f3n del pago.<\/p>\n<p><strong>CAMBIOS Y DEVOLUCIONES<\/strong><br \/>\nDispone de 14 d\u00edas para realizar su solicitud de cambio o devoluci\u00f3n.<\/p>","protected":false},"excerpt":{"rendered":"<p>T\u00e3o macios e confort\u00e1veis que as crian\u00e7as v\u00e3o us\u00e1-los o dia todo!<\/p>","protected":false},"featured_media":13234,"template":"","meta":[],"product_brand":[],"product_cat":[1018,1021],"product_tag":[],"class_list":{"0":"post-13216","1":"product","2":"type-product","3":"status-publish","4":"has-post-thumbnail","6":"product_cat-chinelos-e-pantufas","7":"product_cat-chinelos-e-pantufas-para-crianca","8":"pa_cor-padrao-azul-302005az","9":"pa_cor-padrao-rosa-302005rs","11":"first","12":"instock","13":"taxable","14":"shipping-taxable","15":"purchasable","16":"product-type-variable"},"yoast_head":"<!-- This site is optimized with the Yoast SEO plugin v27.5 - https:\/\/yoast.com\/product\/yoast-seo-wordpress\/ -->\n<title>Chinelos de Quarto DR\u00aa Brinquedos &#8211; F\u00e1brica das Pe\u00fagas\u00ae - N\u00e3o s\u00e3o s\u00f3 pe\u00fagas!<\/title>\n<meta name=\"description\" content=\"Chinelos e Pantufas Infantis. Conhe\u00e7a toda a nossa cole\u00e7\u00e3o de chinelos e pantufas para homem, senhora e crian\u00e7a. Aos melhores pre\u00e7os!\" \/>\n<meta name=\"robots\" content=\"index, follow, max-snippet:-1, max-image-preview:large, max-video-preview:-1\" \/>\n<link rel=\"canonical\" href=\"https:\/\/fabricadaspeugas.com\/es\/producto-2\/chinelos-de-quarto-doutora-brinquedos\/\" \/>\n<meta property=\"og:locale\" content=\"es_ES\" \/>\n<meta property=\"og:type\" content=\"article\" \/>\n<meta property=\"og:title\" content=\"Chinelos de Quarto DR\u00aa Brinquedos &#8211; F\u00e1brica das Pe\u00fagas\u00ae - N\u00e3o s\u00e3o s\u00f3 pe\u00fagas!\" \/>\n<meta property=\"og:description\" content=\"Chinelos e Pantufas Infantis. Conhe\u00e7a toda a nossa cole\u00e7\u00e3o de chinelos e pantufas para homem, senhora e crian\u00e7a. Aos melhores pre\u00e7os!\" \/>\n<meta property=\"og:url\" content=\"https:\/\/fabricadaspeugas.com\/es\/producto-2\/chinelos-de-quarto-doutora-brinquedos\/\" \/>\n<meta property=\"og:site_name\" content=\"F\u00e1brica das Pe\u00fagas\u00ae - N\u00e3o s\u00e3o s\u00f3 pe\u00fagas!\" \/>\n<meta property=\"article:publisher\" content=\"https:\/\/www.facebook.com\/fabricadaspeugas\" \/>\n<meta property=\"article:modified_time\" content=\"2024-01-28T10:30:47+00:00\" \/>\n<meta property=\"og:image\" content=\"https:\/\/fabricadaspeugas.com\/wp-content\/uploads\/2023\/01\/Chinelos_quarto_dr_brinquedos_rosa_fabrica_das_peugas2.jpg\" \/>\n\t<meta property=\"og:image:width\" content=\"1000\" \/>\n\t<meta property=\"og:image:height\" content=\"1000\" \/>\n\t<meta property=\"og:image:type\" content=\"image\/jpeg\" \/>\n<meta name=\"twitter:card\" content=\"summary_large_image\" \/>\n<meta name=\"twitter:label1\" content=\"Tiempo de lectura\" \/>\n\t<meta name=\"twitter:data1\" content=\"1 minuto\" \/>\n<script type=\"application\/ld+json\" class=\"yoast-schema-graph\">{\"@context\":\"https:\\\/\\\/schema.org\",\"@graph\":[{\"@type\":\"WebPage\",\"@id\":\"https:\\\/\\\/fabricadaspeugas.com\\\/product\\\/chinelos-de-quarto-doutora-brinquedos\\\/\",\"url\":\"https:\\\/\\\/fabricadaspeugas.com\\\/product\\\/chinelos-de-quarto-doutora-brinquedos\\\/\",\"name\":\"Chinelos de Quarto DR\u00aa Brinquedos &#8211; F\u00e1brica das Pe\u00fagas\u00ae - N\u00e3o s\u00e3o s\u00f3 pe\u00fagas!\",\"isPartOf\":{\"@id\":\"https:\\\/\\\/fabricadaspeugas.com\\\/#website\"},\"primaryImageOfPage\":{\"@id\":\"https:\\\/\\\/fabricadaspeugas.com\\\/product\\\/chinelos-de-quarto-doutora-brinquedos\\\/#primaryimage\"},\"image\":{\"@id\":\"https:\\\/\\\/fabricadaspeugas.com\\\/product\\\/chinelos-de-quarto-doutora-brinquedos\\\/#primaryimage\"},\"thumbnailUrl\":\"https:\\\/\\\/fabricadaspeugas.com\\\/wp-content\\\/uploads\\\/2023\\\/01\\\/Chinelos_quarto_dr_brinquedos_rosa_fabrica_das_peugas2.jpg\",\"datePublished\":\"2023-01-23T09:17:43+00:00\",\"dateModified\":\"2024-01-28T10:30:47+00:00\",\"description\":\"Chinelos e Pantufas Infantis. Conhe\u00e7a toda a nossa cole\u00e7\u00e3o de chinelos e pantufas para homem, senhora e crian\u00e7a. Aos melhores pre\u00e7os!\",\"breadcrumb\":{\"@id\":\"https:\\\/\\\/fabricadaspeugas.com\\\/product\\\/chinelos-de-quarto-doutora-brinquedos\\\/#breadcrumb\"},\"inLanguage\":\"es\",\"potentialAction\":[{\"@type\":\"ReadAction\",\"target\":[\"https:\\\/\\\/fabricadaspeugas.com\\\/product\\\/chinelos-de-quarto-doutora-brinquedos\\\/\"]}]},{\"@type\":\"ImageObject\",\"inLanguage\":\"es\",\"@id\":\"https:\\\/\\\/fabricadaspeugas.com\\\/product\\\/chinelos-de-quarto-doutora-brinquedos\\\/#primaryimage\",\"url\":\"https:\\\/\\\/fabricadaspeugas.com\\\/wp-content\\\/uploads\\\/2023\\\/01\\\/Chinelos_quarto_dr_brinquedos_rosa_fabrica_das_peugas2.jpg\",\"contentUrl\":\"https:\\\/\\\/fabricadaspeugas.com\\\/wp-content\\\/uploads\\\/2023\\\/01\\\/Chinelos_quarto_dr_brinquedos_rosa_fabrica_das_peugas2.jpg\",\"width\":1000,\"height\":1000,\"caption\":\"Chinelos de Quarto para Meninas Doutora Brinquedos muito coloridas, com sola antiderrapante, muito divertidos na sua F\u00e1brica das Pe\u00fagas.\"},{\"@type\":\"BreadcrumbList\",\"@id\":\"https:\\\/\\\/fabricadaspeugas.com\\\/product\\\/chinelos-de-quarto-doutora-brinquedos\\\/#breadcrumb\",\"itemListElement\":[{\"@type\":\"ListItem\",\"position\":1,\"name\":\"In\u00edcio\",\"item\":\"https:\\\/\\\/fabricadaspeugas.com\\\/\"},{\"@type\":\"ListItem\",\"position\":2,\"name\":\"Loja\",\"item\":\"https:\\\/\\\/fabricadaspeugas.com\\\/loja\\\/\"},{\"@type\":\"ListItem\",\"position\":3,\"name\":\"CHINELOS MENINA DRA BRINQUEDOS\"}]},{\"@type\":\"WebSite\",\"@id\":\"https:\\\/\\\/fabricadaspeugas.com\\\/#website\",\"url\":\"https:\\\/\\\/fabricadaspeugas.com\\\/\",\"name\":\"F\u00e1brica das Pe\u00fagas\u00ae - N\u00e3o s\u00e3o s\u00f3 pe\u00fagas!\",\"description\":\"Pe\u00fagas divertidas, casuais, desportivas e confort\u00e1veis. Desfrute de conforto e qualidade incompar\u00e1veis \u200b\u200ba cada passo.\",\"publisher\":{\"@id\":\"https:\\\/\\\/fabricadaspeugas.com\\\/#organization\"},\"potentialAction\":[{\"@type\":\"SearchAction\",\"target\":{\"@type\":\"EntryPoint\",\"urlTemplate\":\"https:\\\/\\\/fabricadaspeugas.com\\\/?s={search_term_string}\"},\"query-input\":{\"@type\":\"PropertyValueSpecification\",\"valueRequired\":true,\"valueName\":\"search_term_string\"}}],\"inLanguage\":\"es\"},{\"@type\":\"Organization\",\"@id\":\"https:\\\/\\\/fabricadaspeugas.com\\\/#organization\",\"name\":\"F\u00e1brica das Pe\u00fagas\u00ae\",\"url\":\"https:\\\/\\\/fabricadaspeugas.com\\\/\",\"logo\":{\"@type\":\"ImageObject\",\"inLanguage\":\"es\",\"@id\":\"https:\\\/\\\/fabricadaspeugas.com\\\/#\\\/schema\\\/logo\\\/image\\\/\",\"url\":\"https:\\\/\\\/fabricadaspeugas.com\\\/wp-content\\\/uploads\\\/2025\\\/05\\\/fabrica_das_peugas_logov3.png\",\"contentUrl\":\"https:\\\/\\\/fabricadaspeugas.com\\\/wp-content\\\/uploads\\\/2025\\\/05\\\/fabrica_das_peugas_logov3.png\",\"width\":200,\"height\":121,\"caption\":\"F\u00e1brica das Pe\u00fagas\u00ae\"},\"image\":{\"@id\":\"https:\\\/\\\/fabricadaspeugas.com\\\/#\\\/schema\\\/logo\\\/image\\\/\"},\"sameAs\":[\"https:\\\/\\\/www.facebook.com\\\/fabricadaspeugas\",\"https:\\\/\\\/www.instagram.com\\\/fabrica.das.peugas\\\/\"]}]}<\/script>\n<!-- \/ Yoast SEO plugin. -->","yoast_head_json":{"title":"Chinelos de Quarto DR\u00aa Brinquedos &#8211; F\u00e1brica das Pe\u00fagas\u00ae - N\u00e3o s\u00e3o s\u00f3 pe\u00fagas!","description":"Chinelos e Pantufas Infantis. Conhe\u00e7a toda a nossa cole\u00e7\u00e3o de chinelos e pantufas para homem, senhora e crian\u00e7a. Aos melhores pre\u00e7os!","robots":{"index":"index","follow":"follow","max-snippet":"max-snippet:-1","max-image-preview":"max-image-preview:large","max-video-preview":"max-video-preview:-1"},"canonical":"https:\/\/fabricadaspeugas.com\/es\/producto-2\/chinelos-de-quarto-doutora-brinquedos\/","og_locale":"es_ES","og_type":"article","og_title":"Chinelos de Quarto DR\u00aa Brinquedos &#8211; F\u00e1brica das Pe\u00fagas\u00ae - N\u00e3o s\u00e3o s\u00f3 pe\u00fagas!","og_description":"Chinelos e Pantufas Infantis. Conhe\u00e7a toda a nossa cole\u00e7\u00e3o de chinelos e pantufas para homem, senhora e crian\u00e7a. Aos melhores pre\u00e7os!","og_url":"https:\/\/fabricadaspeugas.com\/es\/producto-2\/chinelos-de-quarto-doutora-brinquedos\/","og_site_name":"F\u00e1brica das Pe\u00fagas\u00ae - N\u00e3o s\u00e3o s\u00f3 pe\u00fagas!","article_publisher":"https:\/\/www.facebook.com\/fabricadaspeugas","article_modified_time":"2024-01-28T10:30:47+00:00","og_image":[{"width":1000,"height":1000,"url":"https:\/\/fabricadaspeugas.com\/wp-content\/uploads\/2023\/01\/Chinelos_quarto_dr_brinquedos_rosa_fabrica_das_peugas2.jpg","type":"image\/jpeg"}],"twitter_card":"summary_large_image","twitter_misc":{"Tiempo de lectura":"1 minuto"},"schema":{"@context":"https:\/\/schema.org","@graph":[{"@type":"WebPage","@id":"https:\/\/fabricadaspeugas.com\/product\/chinelos-de-quarto-doutora-brinquedos\/","url":"https:\/\/fabricadaspeugas.com\/product\/chinelos-de-quarto-doutora-brinquedos\/","name":"Chinelos de Quarto DR\u00aa Brinquedos &#8211; F\u00e1brica das Pe\u00fagas\u00ae - N\u00e3o s\u00e3o s\u00f3 pe\u00fagas!","isPartOf":{"@id":"https:\/\/fabricadaspeugas.com\/#website"},"primaryImageOfPage":{"@id":"https:\/\/fabricadaspeugas.com\/product\/chinelos-de-quarto-doutora-brinquedos\/#primaryimage"},"image":{"@id":"https:\/\/fabricadaspeugas.com\/product\/chinelos-de-quarto-doutora-brinquedos\/#primaryimage"},"thumbnailUrl":"https:\/\/fabricadaspeugas.com\/wp-content\/uploads\/2023\/01\/Chinelos_quarto_dr_brinquedos_rosa_fabrica_das_peugas2.jpg","datePublished":"2023-01-23T09:17:43+00:00","dateModified":"2024-01-28T10:30:47+00:00","description":"Chinelos e Pantufas Infantis. Conhe\u00e7a toda a nossa cole\u00e7\u00e3o de chinelos e pantufas para homem, senhora e crian\u00e7a. Aos melhores pre\u00e7os!","breadcrumb":{"@id":"https:\/\/fabricadaspeugas.com\/product\/chinelos-de-quarto-doutora-brinquedos\/#breadcrumb"},"inLanguage":"es","potentialAction":[{"@type":"ReadAction","target":["https:\/\/fabricadaspeugas.com\/product\/chinelos-de-quarto-doutora-brinquedos\/"]}]},{"@type":"ImageObject","inLanguage":"es","@id":"https:\/\/fabricadaspeugas.com\/product\/chinelos-de-quarto-doutora-brinquedos\/#primaryimage","url":"https:\/\/fabricadaspeugas.com\/wp-content\/uploads\/2023\/01\/Chinelos_quarto_dr_brinquedos_rosa_fabrica_das_peugas2.jpg","contentUrl":"https:\/\/fabricadaspeugas.com\/wp-content\/uploads\/2023\/01\/Chinelos_quarto_dr_brinquedos_rosa_fabrica_das_peugas2.jpg","width":1000,"height":1000,"caption":"Chinelos de Quarto para Meninas Doutora Brinquedos muito coloridas, com sola antiderrapante, muito divertidos na sua F\u00e1brica das Pe\u00fagas."},{"@type":"BreadcrumbList","@id":"https:\/\/fabricadaspeugas.com\/product\/chinelos-de-quarto-doutora-brinquedos\/#breadcrumb","itemListElement":[{"@type":"ListItem","position":1,"name":"In\u00edcio","item":"https:\/\/fabricadaspeugas.com\/"},{"@type":"ListItem","position":2,"name":"Loja","item":"https:\/\/fabricadaspeugas.com\/loja\/"},{"@type":"ListItem","position":3,"name":"CHINELOS MENINA DRA BRINQUEDOS"}]},{"@type":"WebSite","@id":"https:\/\/fabricadaspeugas.com\/#website","url":"https:\/\/fabricadaspeugas.com\/","name":"F\u00e1brica das Pe\u00fagas\u00ae - \u00a1No s\u00f3lo calcetines!","description":"Calcetines divertidos, informales, deportivos y c\u00f3modos. Disfruta de un confort y una calidad inigualables a cada paso.","publisher":{"@id":"https:\/\/fabricadaspeugas.com\/#organization"},"potentialAction":[{"@type":"SearchAction","target":{"@type":"EntryPoint","urlTemplate":"https:\/\/fabricadaspeugas.com\/?s={search_term_string}"},"query-input":{"@type":"PropertyValueSpecification","valueRequired":true,"valueName":"search_term_string"}}],"inLanguage":"es"},{"@type":"Organization","@id":"https:\/\/fabricadaspeugas.com\/#organization","name":"F\u00e1brica de calcetines","url":"https:\/\/fabricadaspeugas.com\/","logo":{"@type":"ImageObject","inLanguage":"es","@id":"https:\/\/fabricadaspeugas.com\/#\/schema\/logo\/image\/","url":"https:\/\/fabricadaspeugas.com\/wp-content\/uploads\/2025\/05\/fabrica_das_peugas_logov3.png","contentUrl":"https:\/\/fabricadaspeugas.com\/wp-content\/uploads\/2025\/05\/fabrica_das_peugas_logov3.png","width":200,"height":121,"caption":"F\u00e1brica das Pe\u00fagas\u00ae"},"image":{"@id":"https:\/\/fabricadaspeugas.com\/#\/schema\/logo\/image\/"},"sameAs":["https:\/\/www.facebook.com\/fabricadaspeugas","https:\/\/www.instagram.com\/fabrica.das.peugas\/"]}]}},"_links":{"self":[{"href":"https:\/\/fabricadaspeugas.com\/es\/wp-json\/wp\/v2\/product\/13216","targetHints":{"allow":["GET"]}}],"collection":[{"href":"https:\/\/fabricadaspeugas.com\/es\/wp-json\/wp\/v2\/product"}],"about":[{"href":"https:\/\/fabricadaspeugas.com\/es\/wp-json\/wp\/v2\/types\/product"}],"wp:featuredmedia":[{"embeddable":true,"href":"https:\/\/fabricadaspeugas.com\/es\/wp-json\/wp\/v2\/media\/13234"}],"wp:attachment":[{"href":"https:\/\/fabricadaspeugas.com\/es\/wp-json\/wp\/v2\/media?parent=13216"}],"wp:term":[{"taxonomy":"product_brand","embeddable":true,"href":"https:\/\/fabricadaspeugas.com\/es\/wp-json\/wp\/v2\/product_brand?post=13216"},{"taxonomy":"product_cat","embeddable":true,"href":"https:\/\/fabricadaspeugas.com\/es\/wp-json\/wp\/v2\/product_cat?post=13216"},{"taxonomy":"product_tag","embeddable":true,"href":"https:\/\/fabricadaspeugas.com\/es\/wp-json\/wp\/v2\/product_tag?post=13216"}],"curies":[{"name":"wp","href":"https:\/\/api.w.org\/{rel}","templated":true}]}}