{"id":13240,"date":"2023-01-23T10:12:09","date_gmt":"2023-01-23T09:12:09","guid":{"rendered":"https:\/\/fabricadaspeugas.com\/?post_type=product&#038;p=13240"},"modified":"2024-05-07T20:41:15","modified_gmt":"2024-05-07T20:41:15","slug":"sandalias-para-ninos-marshmallows","status":"publish","type":"product","link":"https:\/\/fabricadaspeugas.com\/es\/product\/sandalias-crianca-marshmallows\/","title":{"rendered":"SANDALIAS PARA NI\u00d1OS MARSHMALLOWS"},"content":{"rendered":"<p><strong>CARACTER\u00cdSTICAS DEL PRODUCTO<\/strong><br \/>\nEstos fant\u00e1sticos <em>diapositivas junior<\/em> son un <em>debe tener<\/em> \u00a1en esta colecci\u00f3n Primavera-Verano!<br \/>\nExcelente calidad y un dise\u00f1o incre\u00edble para reflejar su gusto por la comodidad.<br \/>\nSandalias infantiles duraderas, muy ligeras y resistentes, antideslizantes e impermeables.<br \/>\nPerfecta para llevar en casa, en la calle, de excursi\u00f3n a la playa o a la piscina.<\/p>\n<p><strong>MARCA Y CALIDAD<\/strong><br \/>\nEGO<\/p>\n<p><strong>COMPOSICI\u00d3N<\/strong><br \/>\n100% Caucho sint\u00e9tico<\/p>\n<p><strong>TRATAMIENTOS Y CUIDADOS<\/strong><br \/>\n<img loading=\"lazy\" decoding=\"async\" class=\"alignnone size-full wp-image-1149\" src=\"https:\/\/fabricadaspeugas.com\/wp-content\/uploads\/2023\/01\/simbologia_tratamentos_cuidados_FC.jpg\" alt=\"\" width=\"295\" height=\"35\" \/><br \/>\nLavar a mano<br \/>\nNo planchar<br \/>\nNo blanquear<br \/>\nNo limpiar en seco<br \/>\nNo centrifugar<br \/>\nSecado en la cuerda<br \/>\nLimpieza suave en h\u00famedo<\/p>\n<p><strong>ENV\u00cdO<\/strong><br \/>\nEl plazo de entrega es de 1 a 3 d\u00edas laborables tras la confirmaci\u00f3n del pago.<\/p>\n<p><strong>CAMBIOS Y DEVOLUCIONES<\/strong><br \/>\nDispone de 14 d\u00edas para realizar su solicitud de cambio o devoluci\u00f3n.<\/p>","protected":false},"excerpt":{"rendered":"<p>Estos fant\u00e1sticos <em>diapositivas junior<\/em> son un <em>debe tener<\/em> \u00a1en esta colecci\u00f3n Primavera-Verano!<\/p>","protected":false},"featured_media":13338,"template":"","meta":[],"product_brand":[],"product_cat":[1018,1021],"product_tag":[],"class_list":{"0":"post-13240","1":"product","2":"type-product","3":"status-publish","4":"has-post-thumbnail","6":"product_cat-chinelos-e-pantufas","7":"product_cat-chinelos-e-pantufas-para-crianca","8":"pa_cor-padrao-bege-303001bg","9":"pa_cor-padrao-cinza-303001cn","11":"first","12":"instock","13":"taxable","14":"shipping-taxable","15":"purchasable","16":"product-type-variable"},"yoast_head":"<!-- This site is optimized with the Yoast SEO plugin v27.5 - https:\/\/yoast.com\/product\/yoast-seo-wordpress\/ -->\n<title>Sand\u00e1lias Slides Marshmallows &#8211; F\u00e1brica das Pe\u00fagas\u00ae - N\u00e3o s\u00e3o s\u00f3 pe\u00fagas!<\/title>\n<meta name=\"description\" content=\"Sand\u00e1lias Rasas de Ver\u00e3o Crian\u00e7a. Conhe\u00e7a toda a nossa cole\u00e7\u00e3o de sand\u00e1lias e chinelos para homem, senhora e crian\u00e7a. Aos melhores pre\u00e7os!\" \/>\n<meta name=\"robots\" content=\"index, follow, max-snippet:-1, max-image-preview:large, max-video-preview:-1\" \/>\n<link rel=\"canonical\" href=\"https:\/\/fabricadaspeugas.com\/es\/producto-2\/sandalias-para-ninos-marshmallows\/\" \/>\n<meta property=\"og:locale\" content=\"es_ES\" \/>\n<meta property=\"og:type\" content=\"article\" \/>\n<meta property=\"og:title\" content=\"Sand\u00e1lias Slides Marshmallows &#8211; F\u00e1brica das Pe\u00fagas\u00ae - N\u00e3o s\u00e3o s\u00f3 pe\u00fagas!\" \/>\n<meta property=\"og:description\" content=\"Sand\u00e1lias Rasas de Ver\u00e3o Crian\u00e7a. Conhe\u00e7a toda a nossa cole\u00e7\u00e3o de sand\u00e1lias e chinelos para homem, senhora e crian\u00e7a. Aos melhores pre\u00e7os!\" \/>\n<meta property=\"og:url\" content=\"https:\/\/fabricadaspeugas.com\/es\/producto-2\/sandalias-para-ninos-marshmallows\/\" \/>\n<meta property=\"og:site_name\" content=\"F\u00e1brica das Pe\u00fagas\u00ae - N\u00e3o s\u00e3o s\u00f3 pe\u00fagas!\" \/>\n<meta property=\"article:publisher\" content=\"https:\/\/www.facebook.com\/fabricadaspeugas\" \/>\n<meta property=\"article:modified_time\" content=\"2024-05-07T20:41:15+00:00\" \/>\n<meta property=\"og:image\" content=\"https:\/\/fabricadaspeugas.com\/wp-content\/uploads\/2023\/01\/Sandalias_Play_Slider_rosa1-1.jpg\" \/>\n\t<meta property=\"og:image:width\" content=\"500\" \/>\n\t<meta property=\"og:image:height\" content=\"500\" \/>\n\t<meta property=\"og:image:type\" content=\"image\/jpeg\" \/>\n<meta name=\"twitter:card\" content=\"summary_large_image\" \/>\n<meta name=\"twitter:label1\" content=\"Tiempo de lectura\" \/>\n\t<meta name=\"twitter:data1\" content=\"1 minuto\" \/>\n<script type=\"application\/ld+json\" class=\"yoast-schema-graph\">{\"@context\":\"https:\\\/\\\/schema.org\",\"@graph\":[{\"@type\":\"WebPage\",\"@id\":\"https:\\\/\\\/fabricadaspeugas.com\\\/product\\\/sandalias-crianca-marshmallows\\\/\",\"url\":\"https:\\\/\\\/fabricadaspeugas.com\\\/product\\\/sandalias-crianca-marshmallows\\\/\",\"name\":\"Sand\u00e1lias Slides Marshmallows &#8211; F\u00e1brica das Pe\u00fagas\u00ae - N\u00e3o s\u00e3o s\u00f3 pe\u00fagas!\",\"isPartOf\":{\"@id\":\"https:\\\/\\\/fabricadaspeugas.com\\\/#website\"},\"primaryImageOfPage\":{\"@id\":\"https:\\\/\\\/fabricadaspeugas.com\\\/product\\\/sandalias-crianca-marshmallows\\\/#primaryimage\"},\"image\":{\"@id\":\"https:\\\/\\\/fabricadaspeugas.com\\\/product\\\/sandalias-crianca-marshmallows\\\/#primaryimage\"},\"thumbnailUrl\":\"https:\\\/\\\/fabricadaspeugas.com\\\/wp-content\\\/uploads\\\/2023\\\/01\\\/Sandalias_Play_Slider_rosa1-1.jpg\",\"datePublished\":\"2023-01-23T09:12:09+00:00\",\"dateModified\":\"2024-05-07T20:41:15+00:00\",\"description\":\"Sand\u00e1lias Rasas de Ver\u00e3o Crian\u00e7a. Conhe\u00e7a toda a nossa cole\u00e7\u00e3o de sand\u00e1lias e chinelos para homem, senhora e crian\u00e7a. Aos melhores pre\u00e7os!\",\"breadcrumb\":{\"@id\":\"https:\\\/\\\/fabricadaspeugas.com\\\/product\\\/sandalias-crianca-marshmallows\\\/#breadcrumb\"},\"inLanguage\":\"es\",\"potentialAction\":[{\"@type\":\"ReadAction\",\"target\":[\"https:\\\/\\\/fabricadaspeugas.com\\\/product\\\/sandalias-crianca-marshmallows\\\/\"]}]},{\"@type\":\"ImageObject\",\"inLanguage\":\"es\",\"@id\":\"https:\\\/\\\/fabricadaspeugas.com\\\/product\\\/sandalias-crianca-marshmallows\\\/#primaryimage\",\"url\":\"https:\\\/\\\/fabricadaspeugas.com\\\/wp-content\\\/uploads\\\/2023\\\/01\\\/Sandalias_Play_Slider_rosa1-1.jpg\",\"contentUrl\":\"https:\\\/\\\/fabricadaspeugas.com\\\/wp-content\\\/uploads\\\/2023\\\/01\\\/Sandalias_Play_Slider_rosa1-1.jpg\",\"width\":500,\"height\":500,\"caption\":\"Sandalias_Play_Slider_rosa1-1\"},{\"@type\":\"BreadcrumbList\",\"@id\":\"https:\\\/\\\/fabricadaspeugas.com\\\/product\\\/sandalias-crianca-marshmallows\\\/#breadcrumb\",\"itemListElement\":[{\"@type\":\"ListItem\",\"position\":1,\"name\":\"In\u00edcio\",\"item\":\"https:\\\/\\\/fabricadaspeugas.com\\\/\"},{\"@type\":\"ListItem\",\"position\":2,\"name\":\"Loja\",\"item\":\"https:\\\/\\\/fabricadaspeugas.com\\\/loja\\\/\"},{\"@type\":\"ListItem\",\"position\":3,\"name\":\"SAND\u00c1LIAS CRIAN\u00c7A MARSHMALLOWS\"}]},{\"@type\":\"WebSite\",\"@id\":\"https:\\\/\\\/fabricadaspeugas.com\\\/#website\",\"url\":\"https:\\\/\\\/fabricadaspeugas.com\\\/\",\"name\":\"F\u00e1brica das Pe\u00fagas\u00ae - N\u00e3o s\u00e3o s\u00f3 pe\u00fagas!\",\"description\":\"Pe\u00fagas divertidas, casuais, desportivas e confort\u00e1veis. Desfrute de conforto e qualidade incompar\u00e1veis \u200b\u200ba cada passo.\",\"publisher\":{\"@id\":\"https:\\\/\\\/fabricadaspeugas.com\\\/#organization\"},\"potentialAction\":[{\"@type\":\"SearchAction\",\"target\":{\"@type\":\"EntryPoint\",\"urlTemplate\":\"https:\\\/\\\/fabricadaspeugas.com\\\/?s={search_term_string}\"},\"query-input\":{\"@type\":\"PropertyValueSpecification\",\"valueRequired\":true,\"valueName\":\"search_term_string\"}}],\"inLanguage\":\"es\"},{\"@type\":\"Organization\",\"@id\":\"https:\\\/\\\/fabricadaspeugas.com\\\/#organization\",\"name\":\"F\u00e1brica das Pe\u00fagas\u00ae\",\"url\":\"https:\\\/\\\/fabricadaspeugas.com\\\/\",\"logo\":{\"@type\":\"ImageObject\",\"inLanguage\":\"es\",\"@id\":\"https:\\\/\\\/fabricadaspeugas.com\\\/#\\\/schema\\\/logo\\\/image\\\/\",\"url\":\"https:\\\/\\\/fabricadaspeugas.com\\\/wp-content\\\/uploads\\\/2025\\\/05\\\/fabrica_das_peugas_logov3.png\",\"contentUrl\":\"https:\\\/\\\/fabricadaspeugas.com\\\/wp-content\\\/uploads\\\/2025\\\/05\\\/fabrica_das_peugas_logov3.png\",\"width\":200,\"height\":121,\"caption\":\"F\u00e1brica das Pe\u00fagas\u00ae\"},\"image\":{\"@id\":\"https:\\\/\\\/fabricadaspeugas.com\\\/#\\\/schema\\\/logo\\\/image\\\/\"},\"sameAs\":[\"https:\\\/\\\/www.facebook.com\\\/fabricadaspeugas\",\"https:\\\/\\\/www.instagram.com\\\/fabrica.das.peugas\\\/\"]}]}<\/script>\n<!-- \/ Yoast SEO plugin. -->","yoast_head_json":{"title":"Sandalias Marshmallows Slide - F\u00e1brica das Pe\u00fagas\u00ae - \u00a1No son s\u00f3lo calcetines!","description":"Sandalias planas de verano para ni\u00f1os. Descubre toda nuestra colecci\u00f3n de sandalias y chanclas para hombre, mujer y ni\u00f1o. \u00a1A los mejores precios!","robots":{"index":"index","follow":"follow","max-snippet":"max-snippet:-1","max-image-preview":"max-image-preview:large","max-video-preview":"max-video-preview:-1"},"canonical":"https:\/\/fabricadaspeugas.com\/es\/producto-2\/sandalias-para-ninos-marshmallows\/","og_locale":"es_ES","og_type":"article","og_title":"Sand\u00e1lias Slides Marshmallows &#8211; F\u00e1brica das Pe\u00fagas\u00ae - N\u00e3o s\u00e3o s\u00f3 pe\u00fagas!","og_description":"Sand\u00e1lias Rasas de Ver\u00e3o Crian\u00e7a. Conhe\u00e7a toda a nossa cole\u00e7\u00e3o de sand\u00e1lias e chinelos para homem, senhora e crian\u00e7a. Aos melhores pre\u00e7os!","og_url":"https:\/\/fabricadaspeugas.com\/es\/producto-2\/sandalias-para-ninos-marshmallows\/","og_site_name":"F\u00e1brica das Pe\u00fagas\u00ae - N\u00e3o s\u00e3o s\u00f3 pe\u00fagas!","article_publisher":"https:\/\/www.facebook.com\/fabricadaspeugas","article_modified_time":"2024-05-07T20:41:15+00:00","og_image":[{"width":500,"height":500,"url":"https:\/\/fabricadaspeugas.com\/wp-content\/uploads\/2023\/01\/Sandalias_Play_Slider_rosa1-1.jpg","type":"image\/jpeg"}],"twitter_card":"summary_large_image","twitter_misc":{"Tiempo de lectura":"1 minuto"},"schema":{"@context":"https:\/\/schema.org","@graph":[{"@type":"WebPage","@id":"https:\/\/fabricadaspeugas.com\/product\/sandalias-crianca-marshmallows\/","url":"https:\/\/fabricadaspeugas.com\/product\/sandalias-crianca-marshmallows\/","name":"Sandalias Marshmallows Slide - F\u00e1brica das Pe\u00fagas\u00ae - \u00a1No son s\u00f3lo calcetines!","isPartOf":{"@id":"https:\/\/fabricadaspeugas.com\/#website"},"primaryImageOfPage":{"@id":"https:\/\/fabricadaspeugas.com\/product\/sandalias-crianca-marshmallows\/#primaryimage"},"image":{"@id":"https:\/\/fabricadaspeugas.com\/product\/sandalias-crianca-marshmallows\/#primaryimage"},"thumbnailUrl":"https:\/\/fabricadaspeugas.com\/wp-content\/uploads\/2023\/01\/Sandalias_Play_Slider_rosa1-1.jpg","datePublished":"2023-01-23T09:12:09+00:00","dateModified":"2024-05-07T20:41:15+00:00","description":"Sandalias planas de verano para ni\u00f1os. Descubre toda nuestra colecci\u00f3n de sandalias y chanclas para hombre, mujer y ni\u00f1o. \u00a1A los mejores precios!","breadcrumb":{"@id":"https:\/\/fabricadaspeugas.com\/product\/sandalias-crianca-marshmallows\/#breadcrumb"},"inLanguage":"es","potentialAction":[{"@type":"ReadAction","target":["https:\/\/fabricadaspeugas.com\/product\/sandalias-crianca-marshmallows\/"]}]},{"@type":"ImageObject","inLanguage":"es","@id":"https:\/\/fabricadaspeugas.com\/product\/sandalias-crianca-marshmallows\/#primaryimage","url":"https:\/\/fabricadaspeugas.com\/wp-content\/uploads\/2023\/01\/Sandalias_Play_Slider_rosa1-1.jpg","contentUrl":"https:\/\/fabricadaspeugas.com\/wp-content\/uploads\/2023\/01\/Sandalias_Play_Slider_rosa1-1.jpg","width":500,"height":500,"caption":"Sandalias_Play_Slider_rosa1-1"},{"@type":"BreadcrumbList","@id":"https:\/\/fabricadaspeugas.com\/product\/sandalias-crianca-marshmallows\/#breadcrumb","itemListElement":[{"@type":"ListItem","position":1,"name":"In\u00edcio","item":"https:\/\/fabricadaspeugas.com\/"},{"@type":"ListItem","position":2,"name":"Loja","item":"https:\/\/fabricadaspeugas.com\/loja\/"},{"@type":"ListItem","position":3,"name":"SAND\u00c1LIAS CRIAN\u00c7A MARSHMALLOWS"}]},{"@type":"WebSite","@id":"https:\/\/fabricadaspeugas.com\/#website","url":"https:\/\/fabricadaspeugas.com\/","name":"F\u00e1brica das Pe\u00fagas\u00ae - \u00a1No s\u00f3lo calcetines!","description":"Calcetines divertidos, informales, deportivos y c\u00f3modos. Disfruta de un confort y una calidad inigualables a cada paso.","publisher":{"@id":"https:\/\/fabricadaspeugas.com\/#organization"},"potentialAction":[{"@type":"SearchAction","target":{"@type":"EntryPoint","urlTemplate":"https:\/\/fabricadaspeugas.com\/?s={search_term_string}"},"query-input":{"@type":"PropertyValueSpecification","valueRequired":true,"valueName":"search_term_string"}}],"inLanguage":"es"},{"@type":"Organization","@id":"https:\/\/fabricadaspeugas.com\/#organization","name":"F\u00e1brica de calcetines","url":"https:\/\/fabricadaspeugas.com\/","logo":{"@type":"ImageObject","inLanguage":"es","@id":"https:\/\/fabricadaspeugas.com\/#\/schema\/logo\/image\/","url":"https:\/\/fabricadaspeugas.com\/wp-content\/uploads\/2025\/05\/fabrica_das_peugas_logov3.png","contentUrl":"https:\/\/fabricadaspeugas.com\/wp-content\/uploads\/2025\/05\/fabrica_das_peugas_logov3.png","width":200,"height":121,"caption":"F\u00e1brica das Pe\u00fagas\u00ae"},"image":{"@id":"https:\/\/fabricadaspeugas.com\/#\/schema\/logo\/image\/"},"sameAs":["https:\/\/www.facebook.com\/fabricadaspeugas","https:\/\/www.instagram.com\/fabrica.das.peugas\/"]}]}},"_links":{"self":[{"href":"https:\/\/fabricadaspeugas.com\/es\/wp-json\/wp\/v2\/product\/13240","targetHints":{"allow":["GET"]}}],"collection":[{"href":"https:\/\/fabricadaspeugas.com\/es\/wp-json\/wp\/v2\/product"}],"about":[{"href":"https:\/\/fabricadaspeugas.com\/es\/wp-json\/wp\/v2\/types\/product"}],"wp:featuredmedia":[{"embeddable":true,"href":"https:\/\/fabricadaspeugas.com\/es\/wp-json\/wp\/v2\/media\/13338"}],"wp:attachment":[{"href":"https:\/\/fabricadaspeugas.com\/es\/wp-json\/wp\/v2\/media?parent=13240"}],"wp:term":[{"taxonomy":"product_brand","embeddable":true,"href":"https:\/\/fabricadaspeugas.com\/es\/wp-json\/wp\/v2\/product_brand?post=13240"},{"taxonomy":"product_cat","embeddable":true,"href":"https:\/\/fabricadaspeugas.com\/es\/wp-json\/wp\/v2\/product_cat?post=13240"},{"taxonomy":"product_tag","embeddable":true,"href":"https:\/\/fabricadaspeugas.com\/es\/wp-json\/wp\/v2\/product_tag?post=13240"}],"curies":[{"name":"wp","href":"https:\/\/api.w.org\/{rel}","templated":true}]}}