{"id":13503,"date":"2023-10-16T09:45:47","date_gmt":"2023-10-16T08:45:47","guid":{"rendered":"https:\/\/fabricadaspeugas.com\/?post_type=product&#038;p=13503"},"modified":"2025-12-18T15:42:17","modified_gmt":"2025-12-18T14:42:17","slug":"zapatillas-de-cuadros-con-pompones","status":"publish","type":"product","link":"https:\/\/fabricadaspeugas.com\/es\/product\/pantufas-xadrez-com-pompom\/","title":{"rendered":"ZAPATILLAS DE CUADROS PASTEL CON POMP\u00d3N"},"content":{"rendered":"<p><strong>CARACTER\u00cdSTICAS DEL PRODUCTO<\/strong><br \/>\nDale a tus pies un poco de amor y envu\u00e9lvelos con las Pantuflas de colores pastel. Abrazar\u00e1n tu piel como algod\u00f3n de az\u00facar, calent\u00e1ndote agradablemente durante todo el d\u00eda.<br \/>\nV\u00edstelos con sus pijamas favoritos, pantalones de ch\u00e1ndal, albornoces, pero tambi\u00e9n con su ropa habitual de diario.<br \/>\nLa suela es flexible y antideslizante.<br \/>\n<br \/>\n<strong>MARCA Y CALIDAD<\/strong><br \/>\nYSABEL MORA<br \/>\n<br \/>\n<strong>COMPOSICI\u00d3N<\/strong><br \/>\nTejido exterior: poli\u00e9ster 100%<br \/>\nTejido interior: poli\u00e9ster 100%<br \/>\nSuela: caucho<br \/>\n<br \/>\n<strong>TRATAMIENTOS Y CUIDADOS<\/strong><br \/>\n<img loading=\"lazy\" decoding=\"async\" src=\"https:\/\/fabricadaspeugas.com\/wp-content\/uploads\/2023\/01\/simbologia_tratamentos_cuidados_FC.jpg\" alt=\"\" width=\"295\" height=\"35\" class=\"alignnone size-full wp-image-1149\" \/><br \/>\nLavar a mano<br \/>\nNo planchar<br \/>\nNo blanquear<br \/>\nNo limpiar en seco<br \/>\nNo centrifugar<br \/>\nSecado en la cuerda<br \/>\nLimpieza suave en h\u00famedo<br \/>\n<br \/>\n<strong>ENV\u00cdO<\/strong><br \/>\nEl plazo de entrega es de 1 a 3 d\u00edas laborables tras la confirmaci\u00f3n del pago.<br \/>\n<br \/>\n<strong>CAMBIOS Y DEVOLUCIONES<\/strong><br \/>\nDispone de 14 d\u00edas para realizar su solicitud de cambio o devoluci\u00f3n.<\/p>","protected":false},"excerpt":{"rendered":"<p>Con un tacto extra suave en el interior.<br \/>\nSuela flexible y antideslizante.<\/p>","protected":false},"featured_media":13500,"template":"","meta":[],"product_brand":[],"product_cat":[1018,1020],"product_tag":[],"class_list":{"0":"post-13503","1":"product","2":"type-product","3":"status-publish","4":"has-post-thumbnail","6":"product_cat-chinelos-e-pantufas","7":"product_cat-chinelos-e-pantufas-para-mulher","8":"pa_cor-padrao-101003ps","10":"first","11":"instock","12":"taxable","13":"shipping-taxable","14":"purchasable","15":"product-type-variable","16":"has-default-attributes"},"yoast_head":"<!-- This site is optimized with the Yoast SEO plugin v27.5 - https:\/\/yoast.com\/product\/yoast-seo-wordpress\/ -->\n<title>PANTUFAS XADREZ COM POMPOM &#8211; F\u00e1brica das Pe\u00fagas\u00ae - N\u00e3o s\u00e3o s\u00f3 pe\u00fagas!<\/title>\n<meta name=\"description\" content=\"Pantufas de quarto confort\u00e1veis para mulher. Conhe\u00e7a toda a nossa cole\u00e7\u00e3o de chinelos para homem, senhora e crian\u00e7a. Aos melhores pre\u00e7os!\" \/>\n<meta name=\"robots\" content=\"index, follow, max-snippet:-1, max-image-preview:large, max-video-preview:-1\" \/>\n<link rel=\"canonical\" href=\"https:\/\/fabricadaspeugas.com\/es\/producto-2\/zapatillas-de-cuadros-con-pompones\/\" \/>\n<meta property=\"og:locale\" content=\"es_ES\" \/>\n<meta property=\"og:type\" content=\"article\" \/>\n<meta property=\"og:title\" content=\"PANTUFAS XADREZ COM POMPOM &#8211; F\u00e1brica das Pe\u00fagas\u00ae - N\u00e3o s\u00e3o s\u00f3 pe\u00fagas!\" \/>\n<meta property=\"og:description\" content=\"Pantufas de quarto confort\u00e1veis para mulher. Conhe\u00e7a toda a nossa cole\u00e7\u00e3o de chinelos para homem, senhora e crian\u00e7a. Aos melhores pre\u00e7os!\" \/>\n<meta property=\"og:url\" content=\"https:\/\/fabricadaspeugas.com\/es\/producto-2\/zapatillas-de-cuadros-con-pompones\/\" \/>\n<meta property=\"og:site_name\" content=\"F\u00e1brica das Pe\u00fagas\u00ae - N\u00e3o s\u00e3o s\u00f3 pe\u00fagas!\" \/>\n<meta property=\"article:publisher\" content=\"https:\/\/www.facebook.com\/fabricadaspeugas\" \/>\n<meta property=\"article:modified_time\" content=\"2025-12-18T14:42:17+00:00\" \/>\n<meta property=\"og:image\" content=\"https:\/\/fabricadaspeugas.com\/wp-content\/uploads\/2023\/01\/chinelos_pantufas_de_quarto_mulher_xadrez_pompom_frente.jpg\" \/>\n\t<meta property=\"og:image:width\" content=\"500\" \/>\n\t<meta property=\"og:image:height\" content=\"500\" \/>\n\t<meta property=\"og:image:type\" content=\"image\/jpeg\" \/>\n<meta name=\"twitter:card\" content=\"summary_large_image\" \/>\n<meta name=\"twitter:label1\" content=\"Tiempo de lectura\" \/>\n\t<meta name=\"twitter:data1\" content=\"2 minutos\" \/>\n<script type=\"application\/ld+json\" class=\"yoast-schema-graph\">{\"@context\":\"https:\\\/\\\/schema.org\",\"@graph\":[{\"@type\":\"WebPage\",\"@id\":\"https:\\\/\\\/fabricadaspeugas.com\\\/product\\\/pantufas-xadrez-com-pompom\\\/\",\"url\":\"https:\\\/\\\/fabricadaspeugas.com\\\/product\\\/pantufas-xadrez-com-pompom\\\/\",\"name\":\"PANTUFAS XADREZ COM POMPOM &#8211; F\u00e1brica das Pe\u00fagas\u00ae - N\u00e3o s\u00e3o s\u00f3 pe\u00fagas!\",\"isPartOf\":{\"@id\":\"https:\\\/\\\/fabricadaspeugas.com\\\/#website\"},\"primaryImageOfPage\":{\"@id\":\"https:\\\/\\\/fabricadaspeugas.com\\\/product\\\/pantufas-xadrez-com-pompom\\\/#primaryimage\"},\"image\":{\"@id\":\"https:\\\/\\\/fabricadaspeugas.com\\\/product\\\/pantufas-xadrez-com-pompom\\\/#primaryimage\"},\"thumbnailUrl\":\"https:\\\/\\\/fabricadaspeugas.com\\\/wp-content\\\/uploads\\\/2023\\\/01\\\/chinelos_pantufas_de_quarto_mulher_xadrez_pompom_frente.jpg\",\"datePublished\":\"2023-10-16T08:45:47+00:00\",\"dateModified\":\"2025-12-18T14:42:17+00:00\",\"description\":\"Pantufas de quarto confort\u00e1veis para mulher. Conhe\u00e7a toda a nossa cole\u00e7\u00e3o de chinelos para homem, senhora e crian\u00e7a. Aos melhores pre\u00e7os!\",\"breadcrumb\":{\"@id\":\"https:\\\/\\\/fabricadaspeugas.com\\\/product\\\/pantufas-xadrez-com-pompom\\\/#breadcrumb\"},\"inLanguage\":\"es\",\"potentialAction\":[{\"@type\":\"ReadAction\",\"target\":[\"https:\\\/\\\/fabricadaspeugas.com\\\/product\\\/pantufas-xadrez-com-pompom\\\/\"]}]},{\"@type\":\"ImageObject\",\"inLanguage\":\"es\",\"@id\":\"https:\\\/\\\/fabricadaspeugas.com\\\/product\\\/pantufas-xadrez-com-pompom\\\/#primaryimage\",\"url\":\"https:\\\/\\\/fabricadaspeugas.com\\\/wp-content\\\/uploads\\\/2023\\\/01\\\/chinelos_pantufas_de_quarto_mulher_xadrez_pompom_frente.jpg\",\"contentUrl\":\"https:\\\/\\\/fabricadaspeugas.com\\\/wp-content\\\/uploads\\\/2023\\\/01\\\/chinelos_pantufas_de_quarto_mulher_xadrez_pompom_frente.jpg\",\"width\":500,\"height\":500},{\"@type\":\"BreadcrumbList\",\"@id\":\"https:\\\/\\\/fabricadaspeugas.com\\\/product\\\/pantufas-xadrez-com-pompom\\\/#breadcrumb\",\"itemListElement\":[{\"@type\":\"ListItem\",\"position\":1,\"name\":\"In\u00edcio\",\"item\":\"https:\\\/\\\/fabricadaspeugas.com\\\/\"},{\"@type\":\"ListItem\",\"position\":2,\"name\":\"Loja\",\"item\":\"https:\\\/\\\/fabricadaspeugas.com\\\/loja\\\/\"},{\"@type\":\"ListItem\",\"position\":3,\"name\":\"PANTUFAS XADREZ PASTEL COM POMPOM\"}]},{\"@type\":\"WebSite\",\"@id\":\"https:\\\/\\\/fabricadaspeugas.com\\\/#website\",\"url\":\"https:\\\/\\\/fabricadaspeugas.com\\\/\",\"name\":\"F\u00e1brica das Pe\u00fagas\u00ae - N\u00e3o s\u00e3o s\u00f3 pe\u00fagas!\",\"description\":\"Pe\u00fagas divertidas, casuais, desportivas e confort\u00e1veis. Desfrute de conforto e qualidade incompar\u00e1veis \u200b\u200ba cada passo.\",\"publisher\":{\"@id\":\"https:\\\/\\\/fabricadaspeugas.com\\\/#organization\"},\"potentialAction\":[{\"@type\":\"SearchAction\",\"target\":{\"@type\":\"EntryPoint\",\"urlTemplate\":\"https:\\\/\\\/fabricadaspeugas.com\\\/?s={search_term_string}\"},\"query-input\":{\"@type\":\"PropertyValueSpecification\",\"valueRequired\":true,\"valueName\":\"search_term_string\"}}],\"inLanguage\":\"es\"},{\"@type\":\"Organization\",\"@id\":\"https:\\\/\\\/fabricadaspeugas.com\\\/#organization\",\"name\":\"F\u00e1brica das Pe\u00fagas\u00ae\",\"url\":\"https:\\\/\\\/fabricadaspeugas.com\\\/\",\"logo\":{\"@type\":\"ImageObject\",\"inLanguage\":\"es\",\"@id\":\"https:\\\/\\\/fabricadaspeugas.com\\\/#\\\/schema\\\/logo\\\/image\\\/\",\"url\":\"https:\\\/\\\/fabricadaspeugas.com\\\/wp-content\\\/uploads\\\/2025\\\/05\\\/fabrica_das_peugas_logov3.png\",\"contentUrl\":\"https:\\\/\\\/fabricadaspeugas.com\\\/wp-content\\\/uploads\\\/2025\\\/05\\\/fabrica_das_peugas_logov3.png\",\"width\":200,\"height\":121,\"caption\":\"F\u00e1brica das Pe\u00fagas\u00ae\"},\"image\":{\"@id\":\"https:\\\/\\\/fabricadaspeugas.com\\\/#\\\/schema\\\/logo\\\/image\\\/\"},\"sameAs\":[\"https:\\\/\\\/www.facebook.com\\\/fabricadaspeugas\",\"https:\\\/\\\/www.instagram.com\\\/fabrica.das.peugas\\\/\"]}]}<\/script>\n<!-- \/ Yoast SEO plugin. -->","yoast_head_json":{"title":"CALCETINES CON POMPOM - F\u00e1brica das Pe\u00fagas\u00ae - \u00a1No son s\u00f3lo calcetines!","description":"C\u00f3modas zapatillas de casa para mujer. Descubre toda nuestra colecci\u00f3n de zapatillas para hombre, mujer y ni\u00f1o. \u00a1A los mejores precios!","robots":{"index":"index","follow":"follow","max-snippet":"max-snippet:-1","max-image-preview":"max-image-preview:large","max-video-preview":"max-video-preview:-1"},"canonical":"https:\/\/fabricadaspeugas.com\/es\/producto-2\/zapatillas-de-cuadros-con-pompones\/","og_locale":"es_ES","og_type":"article","og_title":"PANTUFAS XADREZ COM POMPOM &#8211; F\u00e1brica das Pe\u00fagas\u00ae - N\u00e3o s\u00e3o s\u00f3 pe\u00fagas!","og_description":"Pantufas de quarto confort\u00e1veis para mulher. Conhe\u00e7a toda a nossa cole\u00e7\u00e3o de chinelos para homem, senhora e crian\u00e7a. Aos melhores pre\u00e7os!","og_url":"https:\/\/fabricadaspeugas.com\/es\/producto-2\/zapatillas-de-cuadros-con-pompones\/","og_site_name":"F\u00e1brica das Pe\u00fagas\u00ae - N\u00e3o s\u00e3o s\u00f3 pe\u00fagas!","article_publisher":"https:\/\/www.facebook.com\/fabricadaspeugas","article_modified_time":"2025-12-18T14:42:17+00:00","og_image":[{"width":500,"height":500,"url":"https:\/\/fabricadaspeugas.com\/wp-content\/uploads\/2023\/01\/chinelos_pantufas_de_quarto_mulher_xadrez_pompom_frente.jpg","type":"image\/jpeg"}],"twitter_card":"summary_large_image","twitter_misc":{"Tiempo de lectura":"2 minutos"},"schema":{"@context":"https:\/\/schema.org","@graph":[{"@type":"WebPage","@id":"https:\/\/fabricadaspeugas.com\/product\/pantufas-xadrez-com-pompom\/","url":"https:\/\/fabricadaspeugas.com\/product\/pantufas-xadrez-com-pompom\/","name":"CALCETINES CON POMPOM - F\u00e1brica das Pe\u00fagas\u00ae - \u00a1No son s\u00f3lo calcetines!","isPartOf":{"@id":"https:\/\/fabricadaspeugas.com\/#website"},"primaryImageOfPage":{"@id":"https:\/\/fabricadaspeugas.com\/product\/pantufas-xadrez-com-pompom\/#primaryimage"},"image":{"@id":"https:\/\/fabricadaspeugas.com\/product\/pantufas-xadrez-com-pompom\/#primaryimage"},"thumbnailUrl":"https:\/\/fabricadaspeugas.com\/wp-content\/uploads\/2023\/01\/chinelos_pantufas_de_quarto_mulher_xadrez_pompom_frente.jpg","datePublished":"2023-10-16T08:45:47+00:00","dateModified":"2025-12-18T14:42:17+00:00","description":"C\u00f3modas zapatillas de casa para mujer. Descubre toda nuestra colecci\u00f3n de zapatillas para hombre, mujer y ni\u00f1o. \u00a1A los mejores precios!","breadcrumb":{"@id":"https:\/\/fabricadaspeugas.com\/product\/pantufas-xadrez-com-pompom\/#breadcrumb"},"inLanguage":"es","potentialAction":[{"@type":"ReadAction","target":["https:\/\/fabricadaspeugas.com\/product\/pantufas-xadrez-com-pompom\/"]}]},{"@type":"ImageObject","inLanguage":"es","@id":"https:\/\/fabricadaspeugas.com\/product\/pantufas-xadrez-com-pompom\/#primaryimage","url":"https:\/\/fabricadaspeugas.com\/wp-content\/uploads\/2023\/01\/chinelos_pantufas_de_quarto_mulher_xadrez_pompom_frente.jpg","contentUrl":"https:\/\/fabricadaspeugas.com\/wp-content\/uploads\/2023\/01\/chinelos_pantufas_de_quarto_mulher_xadrez_pompom_frente.jpg","width":500,"height":500},{"@type":"BreadcrumbList","@id":"https:\/\/fabricadaspeugas.com\/product\/pantufas-xadrez-com-pompom\/#breadcrumb","itemListElement":[{"@type":"ListItem","position":1,"name":"In\u00edcio","item":"https:\/\/fabricadaspeugas.com\/"},{"@type":"ListItem","position":2,"name":"Loja","item":"https:\/\/fabricadaspeugas.com\/loja\/"},{"@type":"ListItem","position":3,"name":"PANTUFAS XADREZ PASTEL COM POMPOM"}]},{"@type":"WebSite","@id":"https:\/\/fabricadaspeugas.com\/#website","url":"https:\/\/fabricadaspeugas.com\/","name":"F\u00e1brica das Pe\u00fagas\u00ae - \u00a1No s\u00f3lo calcetines!","description":"Calcetines divertidos, informales, deportivos y c\u00f3modos. Disfruta de un confort y una calidad inigualables a cada paso.","publisher":{"@id":"https:\/\/fabricadaspeugas.com\/#organization"},"potentialAction":[{"@type":"SearchAction","target":{"@type":"EntryPoint","urlTemplate":"https:\/\/fabricadaspeugas.com\/?s={search_term_string}"},"query-input":{"@type":"PropertyValueSpecification","valueRequired":true,"valueName":"search_term_string"}}],"inLanguage":"es"},{"@type":"Organization","@id":"https:\/\/fabricadaspeugas.com\/#organization","name":"F\u00e1brica de calcetines","url":"https:\/\/fabricadaspeugas.com\/","logo":{"@type":"ImageObject","inLanguage":"es","@id":"https:\/\/fabricadaspeugas.com\/#\/schema\/logo\/image\/","url":"https:\/\/fabricadaspeugas.com\/wp-content\/uploads\/2025\/05\/fabrica_das_peugas_logov3.png","contentUrl":"https:\/\/fabricadaspeugas.com\/wp-content\/uploads\/2025\/05\/fabrica_das_peugas_logov3.png","width":200,"height":121,"caption":"F\u00e1brica das Pe\u00fagas\u00ae"},"image":{"@id":"https:\/\/fabricadaspeugas.com\/#\/schema\/logo\/image\/"},"sameAs":["https:\/\/www.facebook.com\/fabricadaspeugas","https:\/\/www.instagram.com\/fabrica.das.peugas\/"]}]}},"_links":{"self":[{"href":"https:\/\/fabricadaspeugas.com\/es\/wp-json\/wp\/v2\/product\/13503","targetHints":{"allow":["GET"]}}],"collection":[{"href":"https:\/\/fabricadaspeugas.com\/es\/wp-json\/wp\/v2\/product"}],"about":[{"href":"https:\/\/fabricadaspeugas.com\/es\/wp-json\/wp\/v2\/types\/product"}],"wp:featuredmedia":[{"embeddable":true,"href":"https:\/\/fabricadaspeugas.com\/es\/wp-json\/wp\/v2\/media\/13500"}],"wp:attachment":[{"href":"https:\/\/fabricadaspeugas.com\/es\/wp-json\/wp\/v2\/media?parent=13503"}],"wp:term":[{"taxonomy":"product_brand","embeddable":true,"href":"https:\/\/fabricadaspeugas.com\/es\/wp-json\/wp\/v2\/product_brand?post=13503"},{"taxonomy":"product_cat","embeddable":true,"href":"https:\/\/fabricadaspeugas.com\/es\/wp-json\/wp\/v2\/product_cat?post=13503"},{"taxonomy":"product_tag","embeddable":true,"href":"https:\/\/fabricadaspeugas.com\/es\/wp-json\/wp\/v2\/product_tag?post=13503"}],"curies":[{"name":"wp","href":"https:\/\/api.w.org\/{rel}","templated":true}]}}