{"id":1627,"date":"2019-05-27T22:27:14","date_gmt":"2019-05-27T22:27:14","guid":{"rendered":"https:\/\/fabricadaspeugas.com\/?post_type=product&#038;p=1627"},"modified":"2026-04-05T13:33:34","modified_gmt":"2026-04-05T12:33:34","slug":"muelles-para-lavar-secar-y-guardar-calcetines","status":"publish","type":"product","link":"https:\/\/fabricadaspeugas.com\/es\/product\/molas-para-lavar-secar-e-arrumar-meias\/","title":{"rendered":"MUELLES PARA CALCETINES (PAQUETE DE 12)"},"content":{"rendered":"<p><strong>CARACTER\u00cdSTICAS DEL PRODUCTO<\/strong><br \/>\n\u00bfLavar los calcetines y encontrar el par adecuado es una pesadilla en su casa?<br \/>\nHaga m\u00e1s f\u00e1cil su vida en casa con nuestro <strong>Muelles de calcet\u00edn<\/strong>tambi\u00e9n conocido como <strong>Percha para calcetines<\/strong>!<br \/>\nCuando laves y seques los calcetines, hazlo siempre por pares.<br \/>\n<br \/>\n- Dise\u00f1ado para la lavadora y la secadora (m\u00e1x. 90\u00baC);<br \/>\n- El dise\u00f1o redondeado no da\u00f1ar\u00e1 ninguna prenda;<br \/>\n- Listo para colocar todo tipo de calcetines;<br \/>\n- 4 colores (3x azul, 3x rosa, 3x verde y 3x amarillo) un color para cada miembro de tu familia.<br \/>\n<br \/>\n<strong>COMPOSICI\u00d3N<\/strong><br \/>\n100% ABS<br \/>\n<br \/>\n<strong>TRATAMIENTOS Y CUIDADOS<\/strong><br \/>\n<img loading=\"lazy\" decoding=\"async\" src=\"https:\/\/fabricadaspeugas.com\/wp-content\/uploads\/2019\/05\/molas_meias.png\" alt=\"\" width=\"415\" height=\"80\" class=\"alignnone size-full wp-image-1628\" srcset=\"https:\/\/fabricadaspeugas.com\/wp-content\/uploads\/2019\/05\/molas_meias.png 415w, https:\/\/fabricadaspeugas.com\/wp-content\/uploads\/2019\/05\/molas_meias-300x58.png 300w\" sizes=\"auto, (max-width: 415px) 100vw, 415px\" \/><br \/>\n- Coloca el muelle en el par de calcetines;<br \/>\n- Mete el par de calcetines con el muelle en la lavadora;<br \/>\n- Mete el par de calcetines con el muelle en la secadora o en el tendedero;<br \/>\n- Pon el par de calcetines en el caj\u00f3n.<br \/>\n<br \/>\n<strong>ENV\u00cdO<\/strong><br \/>\nEl plazo de entrega es de 1 a 3 d\u00edas laborables tras la confirmaci\u00f3n del pago.<br \/>\n<br \/>\n<strong>CAMBIOS Y DEVOLUCIONES<\/strong><br \/>\nDispone de 14 d\u00edas para realizar su solicitud de cambio o devoluci\u00f3n.<\/p>","protected":false},"excerpt":{"rendered":"<p>\u00bfLavar los calcetines y encontrar el par adecuado es una pesadilla en su casa?<br \/>\nHaga m\u00e1s f\u00e1cil su vida en casa con nuestro <strong>Muelles de calcet\u00edn<\/strong>tambi\u00e9n conocido como <strong>Percha para calcetines<\/strong>!<br \/>\nCuando laves y seques los calcetines, hazlo siempre por pares. \u00a1Ahora es f\u00e1cil, r\u00e1pido y divertido!<br \/>\n<br \/>\n<img decoding=\"async\" src=\"https:\/\/fabricadaspeugas.com\/wp-content\/uploads\/2021\/04\/mais_vendidos.jpg\"><\/p>","protected":false},"featured_media":11111,"template":"","meta":[],"product_brand":[],"product_cat":[159],"product_tag":[1144,948],"class_list":{"0":"post-1627","1":"product","2":"type-product","3":"status-publish","4":"has-post-thumbnail","6":"product_cat-acessorios-meias","7":"product_tag-cabide-para-molas","8":"product_tag-socks-clip","10":"first","11":"instock","12":"taxable","13":"shipping-taxable","14":"purchasable","15":"product-type-simple"},"yoast_head":"<!-- This site is optimized with the Yoast SEO plugin v27.5 - https:\/\/yoast.com\/product\/yoast-seo-wordpress\/ -->\n<title>MOLAS PARA MEIAS &#8211; F\u00e1brica das Pe\u00fagas\u00ae - N\u00e3o s\u00e3o s\u00f3 pe\u00fagas!<\/title>\n<meta name=\"description\" content=\"Lavar meias e encontrar os pares \u00e9 um pesadelo em sua casa? Facilite a sua vida dom\u00e9stica com as Molas para Meias (Cabide para Meias)! Pack 12 Unidades 5\u20ac\" \/>\n<meta name=\"robots\" content=\"index, follow, max-snippet:-1, max-image-preview:large, max-video-preview:-1\" \/>\n<link rel=\"canonical\" href=\"https:\/\/fabricadaspeugas.com\/es\/producto-2\/muelles-para-lavar-secar-y-guardar-calcetines\/\" \/>\n<meta property=\"og:locale\" content=\"es_ES\" \/>\n<meta property=\"og:type\" content=\"article\" \/>\n<meta property=\"og:title\" content=\"MOLAS PARA MEIAS &#8211; F\u00e1brica das Pe\u00fagas\u00ae - N\u00e3o s\u00e3o s\u00f3 pe\u00fagas!\" \/>\n<meta property=\"og:description\" content=\"Lavar meias e encontrar os pares \u00e9 um pesadelo em sua casa? Facilite a sua vida dom\u00e9stica com as Molas para Meias (Cabide para Meias)! Pack 12 Unidades 5\u20ac\" \/>\n<meta property=\"og:url\" content=\"https:\/\/fabricadaspeugas.com\/es\/producto-2\/muelles-para-lavar-secar-y-guardar-calcetines\/\" \/>\n<meta property=\"og:site_name\" content=\"F\u00e1brica das Pe\u00fagas\u00ae - N\u00e3o s\u00e3o s\u00f3 pe\u00fagas!\" \/>\n<meta property=\"article:publisher\" content=\"https:\/\/www.facebook.com\/fabricadaspeugas\" \/>\n<meta property=\"article:modified_time\" content=\"2026-04-05T12:33:34+00:00\" \/>\n<meta property=\"og:image\" content=\"https:\/\/fabricadaspeugas.com\/wp-content\/uploads\/2019\/05\/molas_par_meias_socks_clip.jpg\" \/>\n\t<meta property=\"og:image:width\" content=\"800\" \/>\n\t<meta property=\"og:image:height\" content=\"520\" \/>\n\t<meta property=\"og:image:type\" content=\"image\/jpeg\" \/>\n<meta name=\"twitter:card\" content=\"summary_large_image\" \/>\n<meta name=\"twitter:label1\" content=\"Tiempo de lectura\" \/>\n\t<meta name=\"twitter:data1\" content=\"2 minutos\" \/>\n<script type=\"application\/ld+json\" class=\"yoast-schema-graph\">{\"@context\":\"https:\\\/\\\/schema.org\",\"@graph\":[{\"@type\":\"WebPage\",\"@id\":\"https:\\\/\\\/fabricadaspeugas.com\\\/product\\\/molas-para-lavar-secar-e-arrumar-meias\\\/\",\"url\":\"https:\\\/\\\/fabricadaspeugas.com\\\/product\\\/molas-para-lavar-secar-e-arrumar-meias\\\/\",\"name\":\"MOLAS PARA MEIAS &#8211; F\u00e1brica das Pe\u00fagas\u00ae - N\u00e3o s\u00e3o s\u00f3 pe\u00fagas!\",\"isPartOf\":{\"@id\":\"https:\\\/\\\/fabricadaspeugas.com\\\/#website\"},\"primaryImageOfPage\":{\"@id\":\"https:\\\/\\\/fabricadaspeugas.com\\\/product\\\/molas-para-lavar-secar-e-arrumar-meias\\\/#primaryimage\"},\"image\":{\"@id\":\"https:\\\/\\\/fabricadaspeugas.com\\\/product\\\/molas-para-lavar-secar-e-arrumar-meias\\\/#primaryimage\"},\"thumbnailUrl\":\"https:\\\/\\\/fabricadaspeugas.com\\\/wp-content\\\/uploads\\\/2019\\\/05\\\/molas_par_meias_socks_clip.jpg\",\"datePublished\":\"2019-05-27T22:27:14+00:00\",\"dateModified\":\"2026-04-05T12:33:34+00:00\",\"description\":\"Lavar meias e encontrar os pares \u00e9 um pesadelo em sua casa? Facilite a sua vida dom\u00e9stica com as Molas para Meias (Cabide para Meias)! Pack 12 Unidades 5\u20ac\",\"breadcrumb\":{\"@id\":\"https:\\\/\\\/fabricadaspeugas.com\\\/product\\\/molas-para-lavar-secar-e-arrumar-meias\\\/#breadcrumb\"},\"inLanguage\":\"es\",\"potentialAction\":[{\"@type\":\"ReadAction\",\"target\":[\"https:\\\/\\\/fabricadaspeugas.com\\\/product\\\/molas-para-lavar-secar-e-arrumar-meias\\\/\"]}]},{\"@type\":\"ImageObject\",\"inLanguage\":\"es\",\"@id\":\"https:\\\/\\\/fabricadaspeugas.com\\\/product\\\/molas-para-lavar-secar-e-arrumar-meias\\\/#primaryimage\",\"url\":\"https:\\\/\\\/fabricadaspeugas.com\\\/wp-content\\\/uploads\\\/2019\\\/05\\\/molas_par_meias_socks_clip.jpg\",\"contentUrl\":\"https:\\\/\\\/fabricadaspeugas.com\\\/wp-content\\\/uploads\\\/2019\\\/05\\\/molas_par_meias_socks_clip.jpg\",\"width\":800,\"height\":520,\"caption\":\"molas_par_meias_socks_clip\"},{\"@type\":\"BreadcrumbList\",\"@id\":\"https:\\\/\\\/fabricadaspeugas.com\\\/product\\\/molas-para-lavar-secar-e-arrumar-meias\\\/#breadcrumb\",\"itemListElement\":[{\"@type\":\"ListItem\",\"position\":1,\"name\":\"In\u00edcio\",\"item\":\"https:\\\/\\\/fabricadaspeugas.com\\\/\"},{\"@type\":\"ListItem\",\"position\":2,\"name\":\"Loja\",\"item\":\"https:\\\/\\\/fabricadaspeugas.com\\\/loja\\\/\"},{\"@type\":\"ListItem\",\"position\":3,\"name\":\"MOLAS PARA MEIAS (PACK 12 MOLAS)\"}]},{\"@type\":\"WebSite\",\"@id\":\"https:\\\/\\\/fabricadaspeugas.com\\\/#website\",\"url\":\"https:\\\/\\\/fabricadaspeugas.com\\\/\",\"name\":\"F\u00e1brica das Pe\u00fagas\u00ae - N\u00e3o s\u00e3o s\u00f3 pe\u00fagas!\",\"description\":\"Pe\u00fagas divertidas, casuais, desportivas e confort\u00e1veis. Desfrute de conforto e qualidade incompar\u00e1veis \u200b\u200ba cada passo.\",\"publisher\":{\"@id\":\"https:\\\/\\\/fabricadaspeugas.com\\\/#organization\"},\"potentialAction\":[{\"@type\":\"SearchAction\",\"target\":{\"@type\":\"EntryPoint\",\"urlTemplate\":\"https:\\\/\\\/fabricadaspeugas.com\\\/?s={search_term_string}\"},\"query-input\":{\"@type\":\"PropertyValueSpecification\",\"valueRequired\":true,\"valueName\":\"search_term_string\"}}],\"inLanguage\":\"es\"},{\"@type\":\"Organization\",\"@id\":\"https:\\\/\\\/fabricadaspeugas.com\\\/#organization\",\"name\":\"F\u00e1brica das Pe\u00fagas\u00ae\",\"url\":\"https:\\\/\\\/fabricadaspeugas.com\\\/\",\"logo\":{\"@type\":\"ImageObject\",\"inLanguage\":\"es\",\"@id\":\"https:\\\/\\\/fabricadaspeugas.com\\\/#\\\/schema\\\/logo\\\/image\\\/\",\"url\":\"https:\\\/\\\/fabricadaspeugas.com\\\/wp-content\\\/uploads\\\/2025\\\/05\\\/fabrica_das_peugas_logov3.png\",\"contentUrl\":\"https:\\\/\\\/fabricadaspeugas.com\\\/wp-content\\\/uploads\\\/2025\\\/05\\\/fabrica_das_peugas_logov3.png\",\"width\":200,\"height\":121,\"caption\":\"F\u00e1brica das Pe\u00fagas\u00ae\"},\"image\":{\"@id\":\"https:\\\/\\\/fabricadaspeugas.com\\\/#\\\/schema\\\/logo\\\/image\\\/\"},\"sameAs\":[\"https:\\\/\\\/www.facebook.com\\\/fabricadaspeugas\",\"https:\\\/\\\/www.instagram.com\\\/fabrica.das.peugas\\\/\"]}]}<\/script>\n<!-- \/ Yoast SEO plugin. -->","yoast_head_json":{"title":"calcetines - F\u00e1brica das Pe\u00fagas\u00ae - \u00a1No son s\u00f3lo calcetines!","description":"\u00bfLavar los calcetines y encontrar el par adecuado es una pesadilla en tu casa? \u00a1Haga su vida dom\u00e9stica m\u00e1s f\u00e1cil con los colgadores para calcetines! Paquete de 12 5\u20ac.","robots":{"index":"index","follow":"follow","max-snippet":"max-snippet:-1","max-image-preview":"max-image-preview:large","max-video-preview":"max-video-preview:-1"},"canonical":"https:\/\/fabricadaspeugas.com\/es\/producto-2\/muelles-para-lavar-secar-y-guardar-calcetines\/","og_locale":"es_ES","og_type":"article","og_title":"MOLAS PARA MEIAS &#8211; F\u00e1brica das Pe\u00fagas\u00ae - N\u00e3o s\u00e3o s\u00f3 pe\u00fagas!","og_description":"Lavar meias e encontrar os pares \u00e9 um pesadelo em sua casa? Facilite a sua vida dom\u00e9stica com as Molas para Meias (Cabide para Meias)! Pack 12 Unidades 5\u20ac","og_url":"https:\/\/fabricadaspeugas.com\/es\/producto-2\/muelles-para-lavar-secar-y-guardar-calcetines\/","og_site_name":"F\u00e1brica das Pe\u00fagas\u00ae - N\u00e3o s\u00e3o s\u00f3 pe\u00fagas!","article_publisher":"https:\/\/www.facebook.com\/fabricadaspeugas","article_modified_time":"2026-04-05T12:33:34+00:00","og_image":[{"width":800,"height":520,"url":"https:\/\/fabricadaspeugas.com\/wp-content\/uploads\/2019\/05\/molas_par_meias_socks_clip.jpg","type":"image\/jpeg"}],"twitter_card":"summary_large_image","twitter_misc":{"Tiempo de lectura":"2 minutos"},"schema":{"@context":"https:\/\/schema.org","@graph":[{"@type":"WebPage","@id":"https:\/\/fabricadaspeugas.com\/product\/molas-para-lavar-secar-e-arrumar-meias\/","url":"https:\/\/fabricadaspeugas.com\/product\/molas-para-lavar-secar-e-arrumar-meias\/","name":"calcetines - F\u00e1brica das Pe\u00fagas\u00ae - \u00a1No son s\u00f3lo calcetines!","isPartOf":{"@id":"https:\/\/fabricadaspeugas.com\/#website"},"primaryImageOfPage":{"@id":"https:\/\/fabricadaspeugas.com\/product\/molas-para-lavar-secar-e-arrumar-meias\/#primaryimage"},"image":{"@id":"https:\/\/fabricadaspeugas.com\/product\/molas-para-lavar-secar-e-arrumar-meias\/#primaryimage"},"thumbnailUrl":"https:\/\/fabricadaspeugas.com\/wp-content\/uploads\/2019\/05\/molas_par_meias_socks_clip.jpg","datePublished":"2019-05-27T22:27:14+00:00","dateModified":"2026-04-05T12:33:34+00:00","description":"\u00bfLavar los calcetines y encontrar el par adecuado es una pesadilla en tu casa? \u00a1Haga su vida dom\u00e9stica m\u00e1s f\u00e1cil con los colgadores para calcetines! Paquete de 12 5\u20ac.","breadcrumb":{"@id":"https:\/\/fabricadaspeugas.com\/product\/molas-para-lavar-secar-e-arrumar-meias\/#breadcrumb"},"inLanguage":"es","potentialAction":[{"@type":"ReadAction","target":["https:\/\/fabricadaspeugas.com\/product\/molas-para-lavar-secar-e-arrumar-meias\/"]}]},{"@type":"ImageObject","inLanguage":"es","@id":"https:\/\/fabricadaspeugas.com\/product\/molas-para-lavar-secar-e-arrumar-meias\/#primaryimage","url":"https:\/\/fabricadaspeugas.com\/wp-content\/uploads\/2019\/05\/molas_par_meias_socks_clip.jpg","contentUrl":"https:\/\/fabricadaspeugas.com\/wp-content\/uploads\/2019\/05\/molas_par_meias_socks_clip.jpg","width":800,"height":520,"caption":"molas_par_meias_socks_clip"},{"@type":"BreadcrumbList","@id":"https:\/\/fabricadaspeugas.com\/product\/molas-para-lavar-secar-e-arrumar-meias\/#breadcrumb","itemListElement":[{"@type":"ListItem","position":1,"name":"In\u00edcio","item":"https:\/\/fabricadaspeugas.com\/"},{"@type":"ListItem","position":2,"name":"Loja","item":"https:\/\/fabricadaspeugas.com\/loja\/"},{"@type":"ListItem","position":3,"name":"MOLAS PARA MEIAS (PACK 12 MOLAS)"}]},{"@type":"WebSite","@id":"https:\/\/fabricadaspeugas.com\/#website","url":"https:\/\/fabricadaspeugas.com\/","name":"F\u00e1brica das Pe\u00fagas\u00ae - \u00a1No s\u00f3lo calcetines!","description":"Calcetines divertidos, informales, deportivos y c\u00f3modos. Disfruta de un confort y una calidad inigualables a cada paso.","publisher":{"@id":"https:\/\/fabricadaspeugas.com\/#organization"},"potentialAction":[{"@type":"SearchAction","target":{"@type":"EntryPoint","urlTemplate":"https:\/\/fabricadaspeugas.com\/?s={search_term_string}"},"query-input":{"@type":"PropertyValueSpecification","valueRequired":true,"valueName":"search_term_string"}}],"inLanguage":"es"},{"@type":"Organization","@id":"https:\/\/fabricadaspeugas.com\/#organization","name":"F\u00e1brica de calcetines","url":"https:\/\/fabricadaspeugas.com\/","logo":{"@type":"ImageObject","inLanguage":"es","@id":"https:\/\/fabricadaspeugas.com\/#\/schema\/logo\/image\/","url":"https:\/\/fabricadaspeugas.com\/wp-content\/uploads\/2025\/05\/fabrica_das_peugas_logov3.png","contentUrl":"https:\/\/fabricadaspeugas.com\/wp-content\/uploads\/2025\/05\/fabrica_das_peugas_logov3.png","width":200,"height":121,"caption":"F\u00e1brica das Pe\u00fagas\u00ae"},"image":{"@id":"https:\/\/fabricadaspeugas.com\/#\/schema\/logo\/image\/"},"sameAs":["https:\/\/www.facebook.com\/fabricadaspeugas","https:\/\/www.instagram.com\/fabrica.das.peugas\/"]}]}},"_links":{"self":[{"href":"https:\/\/fabricadaspeugas.com\/es\/wp-json\/wp\/v2\/product\/1627","targetHints":{"allow":["GET"]}}],"collection":[{"href":"https:\/\/fabricadaspeugas.com\/es\/wp-json\/wp\/v2\/product"}],"about":[{"href":"https:\/\/fabricadaspeugas.com\/es\/wp-json\/wp\/v2\/types\/product"}],"wp:featuredmedia":[{"embeddable":true,"href":"https:\/\/fabricadaspeugas.com\/es\/wp-json\/wp\/v2\/media\/11111"}],"wp:attachment":[{"href":"https:\/\/fabricadaspeugas.com\/es\/wp-json\/wp\/v2\/media?parent=1627"}],"wp:term":[{"taxonomy":"product_brand","embeddable":true,"href":"https:\/\/fabricadaspeugas.com\/es\/wp-json\/wp\/v2\/product_brand?post=1627"},{"taxonomy":"product_cat","embeddable":true,"href":"https:\/\/fabricadaspeugas.com\/es\/wp-json\/wp\/v2\/product_cat?post=1627"},{"taxonomy":"product_tag","embeddable":true,"href":"https:\/\/fabricadaspeugas.com\/es\/wp-json\/wp\/v2\/product_tag?post=1627"}],"curies":[{"name":"wp","href":"https:\/\/api.w.org\/{rel}","templated":true}]}}