{"id":1948,"date":"2020-12-26T15:45:53","date_gmt":"2020-12-26T15:45:53","guid":{"rendered":"https:\/\/fabricadaspeugas.com\/?post_type=product&#038;p=1948"},"modified":"2022-10-16T16:05:04","modified_gmt":"2022-10-16T16:05:04","slug":"meias-fantasia-rubys","status":"publish","type":"product","link":"https:\/\/fabricadaspeugas.com\/es\/product\/meias-fantasia-rubys\/","title":{"rendered":"MEIAS FANTASIA RUBYS"},"content":{"rendered":"<p><strong>CARACTER\u00cdSTICAS DEL PRODUCTO<\/strong><br \/>\nMeias fantasia de algod\u00e3o leve.<br \/>\nConfort y suavidad garantizados.<br \/>\n<br \/>\n<strong>COMPOSICI\u00d3N<\/strong><br \/>\n80% Algod\u00f3n 19% Poliamida, 1% Elastano<br \/>\n<br \/>\n<strong>TRATAMIENTOS Y CUIDADOS<\/strong><br \/>\n<img loading=\"lazy\" decoding=\"async\" src=\"https:\/\/fabricadaspeugas.com\/wp-content\/uploads\/2019\/02\/simbologia_lavagem1_white.png\" alt=\"\" width=\"295\" height=\"35\" class=\"alignnone size-full wp-image-1149\" \/><br \/>\nLavado a m\u00e1quina a 30\u00ba.<br \/>\nNo planchar<br \/>\nNo blanquear<br \/>\nNo limpiar en seco<br \/>\nNo centrifugar<br \/>\nSecado en la cuerda<br \/>\nLimpieza suave en h\u00famedo<br \/>\n<br \/>\n<strong>ENV\u00cdO<\/strong><br \/>\nEl plazo de entrega es de 1 a 3 d\u00edas laborables tras la confirmaci\u00f3n del pago.<br \/>\n<br \/>\n<strong>CAMBIOS Y DEVOLUCIONES<\/strong><br \/>\nDispone de 14 d\u00edas para realizar su solicitud de cambio o devoluci\u00f3n.<\/p>","protected":false},"excerpt":{"rendered":"<p>Meias fantasia de algod\u00e3o leve.<br \/>\nConfort y suavidad garantizados.<\/p>","protected":false},"featured_media":1947,"template":"","meta":[],"product_brand":[],"product_cat":[29,43],"product_tag":[],"class_list":{"0":"post-1948","1":"product","2":"type-product","3":"status-publish","4":"has-post-thumbnail","6":"product_cat-meias-coloridas-divertidas","7":"product_cat-meias-medias-homem","8":"pa_cor-padrao-azul-escuro-5","10":"first","11":"outofstock","12":"taxable","13":"shipping-taxable","14":"product-type-variable","15":"has-default-attributes"},"yoast_head":"<!-- This site is optimized with the Yoast SEO plugin v27.3 - https:\/\/yoast.com\/product\/yoast-seo-wordpress\/ -->\n<title>MEIAS FANTASIA RUBYS &#8211; F\u00e1brica das Pe\u00fagas\u00ae - N\u00e3o s\u00e3o s\u00f3 pe\u00fagas!<\/title>\n<meta name=\"description\" content=\"Meias fantasia de algod\u00e3o leve. Conforto e suavidade garantida.\" \/>\n<meta name=\"robots\" content=\"index, follow, max-snippet:-1, max-image-preview:large, max-video-preview:-1\" \/>\n<link rel=\"canonical\" href=\"https:\/\/fabricadaspeugas.com\/es\/producto-2\/meias-fantasia-rubys\/\" \/>\n<meta property=\"og:locale\" content=\"es_ES\" \/>\n<meta property=\"og:type\" content=\"article\" \/>\n<meta property=\"og:title\" content=\"MEIAS FANTASIA RUBYS &#8211; F\u00e1brica das Pe\u00fagas\u00ae - N\u00e3o s\u00e3o s\u00f3 pe\u00fagas!\" \/>\n<meta property=\"og:description\" content=\"Meias fantasia de algod\u00e3o leve. Conforto e suavidade garantida.\" \/>\n<meta property=\"og:url\" content=\"https:\/\/fabricadaspeugas.com\/es\/producto-2\/meias-fantasia-rubys\/\" \/>\n<meta property=\"og:site_name\" content=\"F\u00e1brica das Pe\u00fagas\u00ae - N\u00e3o s\u00e3o s\u00f3 pe\u00fagas!\" \/>\n<meta property=\"article:publisher\" content=\"https:\/\/www.facebook.com\/fabricadaspeugas\" \/>\n<meta property=\"article:modified_time\" content=\"2022-10-16T16:05:04+00:00\" \/>\n<meta property=\"og:image\" content=\"https:\/\/fabricadaspeugas.com\/wp-content\/uploads\/2019\/06\/meia112_112.jpg\" \/>\n\t<meta property=\"og:image:width\" content=\"800\" \/>\n\t<meta property=\"og:image:height\" content=\"520\" \/>\n\t<meta property=\"og:image:type\" content=\"image\/jpeg\" \/>\n<meta name=\"twitter:card\" content=\"summary_large_image\" \/>\n<script type=\"application\/ld+json\" class=\"yoast-schema-graph\">{\"@context\":\"https:\\\/\\\/schema.org\",\"@graph\":[{\"@type\":\"WebPage\",\"@id\":\"https:\\\/\\\/fabricadaspeugas.com\\\/product\\\/meias-fantasia-rubys\\\/\",\"url\":\"https:\\\/\\\/fabricadaspeugas.com\\\/product\\\/meias-fantasia-rubys\\\/\",\"name\":\"MEIAS FANTASIA RUBYS &#8211; F\u00e1brica das Pe\u00fagas\u00ae - N\u00e3o s\u00e3o s\u00f3 pe\u00fagas!\",\"isPartOf\":{\"@id\":\"https:\\\/\\\/fabricadaspeugas.com\\\/#website\"},\"primaryImageOfPage\":{\"@id\":\"https:\\\/\\\/fabricadaspeugas.com\\\/product\\\/meias-fantasia-rubys\\\/#primaryimage\"},\"image\":{\"@id\":\"https:\\\/\\\/fabricadaspeugas.com\\\/product\\\/meias-fantasia-rubys\\\/#primaryimage\"},\"thumbnailUrl\":\"https:\\\/\\\/fabricadaspeugas.com\\\/wp-content\\\/uploads\\\/2019\\\/06\\\/meia112_112.jpg\",\"datePublished\":\"2020-12-26T15:45:53+00:00\",\"dateModified\":\"2022-10-16T16:05:04+00:00\",\"description\":\"Meias fantasia de algod\u00e3o leve. Conforto e suavidade garantida.\",\"breadcrumb\":{\"@id\":\"https:\\\/\\\/fabricadaspeugas.com\\\/product\\\/meias-fantasia-rubys\\\/#breadcrumb\"},\"inLanguage\":\"es\",\"potentialAction\":[{\"@type\":\"ReadAction\",\"target\":[\"https:\\\/\\\/fabricadaspeugas.com\\\/product\\\/meias-fantasia-rubys\\\/\"]}]},{\"@type\":\"ImageObject\",\"inLanguage\":\"es\",\"@id\":\"https:\\\/\\\/fabricadaspeugas.com\\\/product\\\/meias-fantasia-rubys\\\/#primaryimage\",\"url\":\"https:\\\/\\\/fabricadaspeugas.com\\\/wp-content\\\/uploads\\\/2019\\\/06\\\/meia112_112.jpg\",\"contentUrl\":\"https:\\\/\\\/fabricadaspeugas.com\\\/wp-content\\\/uploads\\\/2019\\\/06\\\/meia112_112.jpg\",\"width\":800,\"height\":520},{\"@type\":\"BreadcrumbList\",\"@id\":\"https:\\\/\\\/fabricadaspeugas.com\\\/product\\\/meias-fantasia-rubys\\\/#breadcrumb\",\"itemListElement\":[{\"@type\":\"ListItem\",\"position\":1,\"name\":\"In\u00edcio\",\"item\":\"https:\\\/\\\/fabricadaspeugas.com\\\/\"},{\"@type\":\"ListItem\",\"position\":2,\"name\":\"Loja\",\"item\":\"https:\\\/\\\/fabricadaspeugas.com\\\/loja\\\/\"},{\"@type\":\"ListItem\",\"position\":3,\"name\":\"MEIAS FANTASIA RUBYS\"}]},{\"@type\":\"WebSite\",\"@id\":\"https:\\\/\\\/fabricadaspeugas.com\\\/#website\",\"url\":\"https:\\\/\\\/fabricadaspeugas.com\\\/\",\"name\":\"F\u00e1brica das Pe\u00fagas\u00ae - N\u00e3o s\u00e3o s\u00f3 pe\u00fagas!\",\"description\":\"Pe\u00fagas divertidas, casuais, desportivas e confort\u00e1veis. Desfrute de conforto e qualidade incompar\u00e1veis \u200b\u200ba cada passo.\",\"publisher\":{\"@id\":\"https:\\\/\\\/fabricadaspeugas.com\\\/#organization\"},\"potentialAction\":[{\"@type\":\"SearchAction\",\"target\":{\"@type\":\"EntryPoint\",\"urlTemplate\":\"https:\\\/\\\/fabricadaspeugas.com\\\/?s={search_term_string}\"},\"query-input\":{\"@type\":\"PropertyValueSpecification\",\"valueRequired\":true,\"valueName\":\"search_term_string\"}}],\"inLanguage\":\"es\"},{\"@type\":\"Organization\",\"@id\":\"https:\\\/\\\/fabricadaspeugas.com\\\/#organization\",\"name\":\"F\u00e1brica das Pe\u00fagas\u00ae\",\"url\":\"https:\\\/\\\/fabricadaspeugas.com\\\/\",\"logo\":{\"@type\":\"ImageObject\",\"inLanguage\":\"es\",\"@id\":\"https:\\\/\\\/fabricadaspeugas.com\\\/#\\\/schema\\\/logo\\\/image\\\/\",\"url\":\"https:\\\/\\\/fabricadaspeugas.com\\\/wp-content\\\/uploads\\\/2025\\\/05\\\/fabrica_das_peugas_logov3.png\",\"contentUrl\":\"https:\\\/\\\/fabricadaspeugas.com\\\/wp-content\\\/uploads\\\/2025\\\/05\\\/fabrica_das_peugas_logov3.png\",\"width\":200,\"height\":121,\"caption\":\"F\u00e1brica das Pe\u00fagas\u00ae\"},\"image\":{\"@id\":\"https:\\\/\\\/fabricadaspeugas.com\\\/#\\\/schema\\\/logo\\\/image\\\/\"},\"sameAs\":[\"https:\\\/\\\/www.facebook.com\\\/fabricadaspeugas\",\"https:\\\/\\\/www.instagram.com\\\/fabrica.das.peugas\\\/\"]}]}<\/script>\n<!-- \/ Yoast SEO plugin. -->","yoast_head_json":{"title":"MEIAS FANTASIA RUBYS &#8211; F\u00e1brica das Pe\u00fagas\u00ae - N\u00e3o s\u00e3o s\u00f3 pe\u00fagas!","description":"Meias fantasia de algod\u00e3o leve. Conforto e suavidade garantida.","robots":{"index":"index","follow":"follow","max-snippet":"max-snippet:-1","max-image-preview":"max-image-preview:large","max-video-preview":"max-video-preview:-1"},"canonical":"https:\/\/fabricadaspeugas.com\/es\/producto-2\/meias-fantasia-rubys\/","og_locale":"es_ES","og_type":"article","og_title":"MEIAS FANTASIA RUBYS &#8211; F\u00e1brica das Pe\u00fagas\u00ae - N\u00e3o s\u00e3o s\u00f3 pe\u00fagas!","og_description":"Meias fantasia de algod\u00e3o leve. Conforto e suavidade garantida.","og_url":"https:\/\/fabricadaspeugas.com\/es\/producto-2\/meias-fantasia-rubys\/","og_site_name":"F\u00e1brica das Pe\u00fagas\u00ae - N\u00e3o s\u00e3o s\u00f3 pe\u00fagas!","article_publisher":"https:\/\/www.facebook.com\/fabricadaspeugas","article_modified_time":"2022-10-16T16:05:04+00:00","og_image":[{"width":800,"height":520,"url":"https:\/\/fabricadaspeugas.com\/wp-content\/uploads\/2019\/06\/meia112_112.jpg","type":"image\/jpeg"}],"twitter_card":"summary_large_image","schema":{"@context":"https:\/\/schema.org","@graph":[{"@type":"WebPage","@id":"https:\/\/fabricadaspeugas.com\/product\/meias-fantasia-rubys\/","url":"https:\/\/fabricadaspeugas.com\/product\/meias-fantasia-rubys\/","name":"MEIAS FANTASIA RUBYS &#8211; F\u00e1brica das Pe\u00fagas\u00ae - N\u00e3o s\u00e3o s\u00f3 pe\u00fagas!","isPartOf":{"@id":"https:\/\/fabricadaspeugas.com\/#website"},"primaryImageOfPage":{"@id":"https:\/\/fabricadaspeugas.com\/product\/meias-fantasia-rubys\/#primaryimage"},"image":{"@id":"https:\/\/fabricadaspeugas.com\/product\/meias-fantasia-rubys\/#primaryimage"},"thumbnailUrl":"https:\/\/fabricadaspeugas.com\/wp-content\/uploads\/2019\/06\/meia112_112.jpg","datePublished":"2020-12-26T15:45:53+00:00","dateModified":"2022-10-16T16:05:04+00:00","description":"Meias fantasia de algod\u00e3o leve. Conforto e suavidade garantida.","breadcrumb":{"@id":"https:\/\/fabricadaspeugas.com\/product\/meias-fantasia-rubys\/#breadcrumb"},"inLanguage":"es","potentialAction":[{"@type":"ReadAction","target":["https:\/\/fabricadaspeugas.com\/product\/meias-fantasia-rubys\/"]}]},{"@type":"ImageObject","inLanguage":"es","@id":"https:\/\/fabricadaspeugas.com\/product\/meias-fantasia-rubys\/#primaryimage","url":"https:\/\/fabricadaspeugas.com\/wp-content\/uploads\/2019\/06\/meia112_112.jpg","contentUrl":"https:\/\/fabricadaspeugas.com\/wp-content\/uploads\/2019\/06\/meia112_112.jpg","width":800,"height":520},{"@type":"BreadcrumbList","@id":"https:\/\/fabricadaspeugas.com\/product\/meias-fantasia-rubys\/#breadcrumb","itemListElement":[{"@type":"ListItem","position":1,"name":"In\u00edcio","item":"https:\/\/fabricadaspeugas.com\/"},{"@type":"ListItem","position":2,"name":"Loja","item":"https:\/\/fabricadaspeugas.com\/loja\/"},{"@type":"ListItem","position":3,"name":"MEIAS FANTASIA RUBYS"}]},{"@type":"WebSite","@id":"https:\/\/fabricadaspeugas.com\/#website","url":"https:\/\/fabricadaspeugas.com\/","name":"F\u00e1brica das Pe\u00fagas\u00ae - \u00a1No s\u00f3lo calcetines!","description":"Calcetines divertidos, informales, deportivos y c\u00f3modos. Disfruta de un confort y una calidad inigualables a cada paso.","publisher":{"@id":"https:\/\/fabricadaspeugas.com\/#organization"},"potentialAction":[{"@type":"SearchAction","target":{"@type":"EntryPoint","urlTemplate":"https:\/\/fabricadaspeugas.com\/?s={search_term_string}"},"query-input":{"@type":"PropertyValueSpecification","valueRequired":true,"valueName":"search_term_string"}}],"inLanguage":"es"},{"@type":"Organization","@id":"https:\/\/fabricadaspeugas.com\/#organization","name":"F\u00e1brica de calcetines","url":"https:\/\/fabricadaspeugas.com\/","logo":{"@type":"ImageObject","inLanguage":"es","@id":"https:\/\/fabricadaspeugas.com\/#\/schema\/logo\/image\/","url":"https:\/\/fabricadaspeugas.com\/wp-content\/uploads\/2025\/05\/fabrica_das_peugas_logov3.png","contentUrl":"https:\/\/fabricadaspeugas.com\/wp-content\/uploads\/2025\/05\/fabrica_das_peugas_logov3.png","width":200,"height":121,"caption":"F\u00e1brica das Pe\u00fagas\u00ae"},"image":{"@id":"https:\/\/fabricadaspeugas.com\/#\/schema\/logo\/image\/"},"sameAs":["https:\/\/www.facebook.com\/fabricadaspeugas","https:\/\/www.instagram.com\/fabrica.das.peugas\/"]}]}},"_links":{"self":[{"href":"https:\/\/fabricadaspeugas.com\/es\/wp-json\/wp\/v2\/product\/1948","targetHints":{"allow":["GET"]}}],"collection":[{"href":"https:\/\/fabricadaspeugas.com\/es\/wp-json\/wp\/v2\/product"}],"about":[{"href":"https:\/\/fabricadaspeugas.com\/es\/wp-json\/wp\/v2\/types\/product"}],"wp:featuredmedia":[{"embeddable":true,"href":"https:\/\/fabricadaspeugas.com\/es\/wp-json\/wp\/v2\/media\/1947"}],"wp:attachment":[{"href":"https:\/\/fabricadaspeugas.com\/es\/wp-json\/wp\/v2\/media?parent=1948"}],"wp:term":[{"taxonomy":"product_brand","embeddable":true,"href":"https:\/\/fabricadaspeugas.com\/es\/wp-json\/wp\/v2\/product_brand?post=1948"},{"taxonomy":"product_cat","embeddable":true,"href":"https:\/\/fabricadaspeugas.com\/es\/wp-json\/wp\/v2\/product_cat?post=1948"},{"taxonomy":"product_tag","embeddable":true,"href":"https:\/\/fabricadaspeugas.com\/es\/wp-json\/wp\/v2\/product_tag?post=1948"}],"curies":[{"name":"wp","href":"https:\/\/api.w.org\/{rel}","templated":true}]}}