{"id":10997,"date":"2020-01-01T15:25:47","date_gmt":"2020-01-01T15:25:47","guid":{"rendered":"https:\/\/fabricadaspeugas.com\/?post_type=product&#038;p=10997"},"modified":"2025-09-21T19:09:37","modified_gmt":"2025-09-21T18:09:37","slug":"fantasy-box-meias-fantasia-halloween-3-pares","status":"publish","type":"product","link":"https:\/\/fabricadaspeugas.com\/pt_pt\/product\/fantasy-box-meias-fantasia-halloween-3-pares\/","title":{"rendered":"FANTASY BOX &#8211; MEIAS FANTASIA HALLOWEEN (3 PARES)"},"content":{"rendered":"<p><strong>CARACTER\u00cdSTICAS DO PRODUTO<\/strong><br \/>\nQuem n\u00e3o gosta de receber uma prenda \u00fanica e original?<br \/>\nAs nossas Fantasy Box s\u00e3o o presente ideal para oferecer a quem mais gosta.<br \/>\nMeias fantasia em algod\u00e3o macio e leve.<br \/>\nConforto e suavidade garantida.<br \/>\n<br \/>\n<strong>COMPOSI\u00c7\u00c3O<\/strong><br \/>\n80% Algod\u00e3o 18% Poliamida, 2% Elastano<br \/>\n<br \/>\n<strong>TRATAMENTOS E CUIDADOS<\/strong><br \/>\n<img loading=\"lazy\" decoding=\"async\" src=\"https:\/\/fabricadaspeugas.com\/wp-content\/uploads\/2019\/02\/simbologia_lavagem1_white.png\" alt=\"\" width=\"295\" height=\"35\" class=\"alignnone size-full wp-image-1149\" \/><br \/>\nLavar na m\u00e1quina de lavar roupa a 30\u00ba<br \/>\nN\u00e3o engomar<br \/>\nN\u00e3o branquear<br \/>\nN\u00e3o lavar a seco<br \/>\nN\u00e3o centrifugar<br \/>\nPor a secar na corda<br \/>\nLimpeza h\u00famida delicada<br \/>\n<br \/>\n<strong>ENVIOS<\/strong><br \/>\nO prazo de entrega \u00e9 de 1 a 3 dias \u00fateis ap\u00f3s confirma\u00e7\u00e3o de pagamento.<br \/>\n<br \/>\n<strong>TROCAS E DEVOLU\u00c7\u00d5ES<\/strong><br \/>\nDisp\u00f5e de um prazo de 14 dias para efetuar o seu pedido de troca ou devolu\u00e7\u00e3o.<\/p>\n","protected":false},"excerpt":{"rendered":"<p>Quem n\u00e3o gosta de receber uma prenda \u00fanica e original?<\/p>\n","protected":false},"featured_media":10959,"template":"","meta":[],"product_brand":[],"product_cat":[29,816,821,263,43,75,38],"product_tag":[],"class_list":{"0":"post-10997","1":"product","2":"type-product","3":"status-publish","4":"has-post-thumbnail","6":"product_cat-meias-coloridas-divertidas","7":"product_cat-fantasy-box-caixa-meias-fantasia","8":"product_cat-meias-halloween-dia-das-bruxas","9":"product_cat-meias-medias_menina","10":"product_cat-meias-medias-homem","11":"product_cat-meias-medias-menino","12":"product_cat-meias-medias-mulher","13":"pa_cor-padrao-18b-2-112jk15","15":"first","16":"outofstock","17":"taxable","18":"shipping-taxable","19":"product-type-variable","20":"has-default-attributes"},"yoast_head":"<!-- This site is optimized with the Yoast SEO plugin v27.3 - https:\/\/yoast.com\/product\/yoast-seo-wordpress\/ -->\n<title>FANTASY BOX - MEIAS FANTASIA HALLOWEEN (3 PARES) &#8211; F\u00e1brica das Pe\u00fagas\u00ae - N\u00e3o s\u00e3o s\u00f3 pe\u00fagas!<\/title>\n<meta name=\"description\" content=\"Ofere\u00e7a um presente diferente e original. Conhe\u00e7a as Fantasy Box com as meias mais originais e divertidas. Dispon\u00edvel em v\u00e1rios modelos.\" \/>\n<meta name=\"robots\" content=\"index, follow, max-snippet:-1, max-image-preview:large, max-video-preview:-1\" \/>\n<link rel=\"canonical\" href=\"https:\/\/fabricadaspeugas.com\/pt_pt\/product\/fantasy-box-meias-fantasia-halloween-3-pares\/\" \/>\n<meta property=\"og:locale\" content=\"pt_PT\" \/>\n<meta property=\"og:type\" content=\"article\" \/>\n<meta property=\"og:title\" content=\"FANTASY BOX - MEIAS FANTASIA HALLOWEEN (3 PARES) &#8211; F\u00e1brica das Pe\u00fagas\u00ae - N\u00e3o s\u00e3o s\u00f3 pe\u00fagas!\" \/>\n<meta property=\"og:description\" content=\"Ofere\u00e7a um presente diferente e original. Conhe\u00e7a as Fantasy Box com as meias mais originais e divertidas. Dispon\u00edvel em v\u00e1rios modelos.\" \/>\n<meta property=\"og:url\" content=\"https:\/\/fabricadaspeugas.com\/pt_pt\/product\/fantasy-box-meias-fantasia-halloween-3-pares\/\" \/>\n<meta property=\"og:site_name\" content=\"F\u00e1brica das Pe\u00fagas\u00ae - N\u00e3o s\u00e3o s\u00f3 pe\u00fagas!\" \/>\n<meta property=\"article:publisher\" content=\"https:\/\/www.facebook.com\/fabricadaspeugas\" \/>\n<meta property=\"article:modified_time\" content=\"2025-09-21T18:09:37+00:00\" \/>\n<meta property=\"og:image\" content=\"https:\/\/fabricadaspeugas.com\/wp-content\/uploads\/2021\/03\/HALLOWEEN-gift-box.jpg\" \/>\n\t<meta property=\"og:image:width\" content=\"800\" \/>\n\t<meta property=\"og:image:height\" content=\"520\" \/>\n\t<meta property=\"og:image:type\" content=\"image\/jpeg\" \/>\n<meta name=\"twitter:card\" content=\"summary_large_image\" \/>\n<meta name=\"twitter:label1\" content=\"Tempo estimado de leitura\" \/>\n\t<meta name=\"twitter:data1\" content=\"1 minuto\" \/>\n<script type=\"application\/ld+json\" class=\"yoast-schema-graph\">{\"@context\":\"https:\\\/\\\/schema.org\",\"@graph\":[{\"@type\":\"WebPage\",\"@id\":\"https:\\\/\\\/fabricadaspeugas.com\\\/product\\\/fantasy-box-meias-fantasia-halloween-3-pares\\\/\",\"url\":\"https:\\\/\\\/fabricadaspeugas.com\\\/product\\\/fantasy-box-meias-fantasia-halloween-3-pares\\\/\",\"name\":\"FANTASY BOX - MEIAS FANTASIA HALLOWEEN (3 PARES) &#8211; F\u00e1brica das Pe\u00fagas\u00ae - N\u00e3o s\u00e3o s\u00f3 pe\u00fagas!\",\"isPartOf\":{\"@id\":\"https:\\\/\\\/fabricadaspeugas.com\\\/#website\"},\"primaryImageOfPage\":{\"@id\":\"https:\\\/\\\/fabricadaspeugas.com\\\/product\\\/fantasy-box-meias-fantasia-halloween-3-pares\\\/#primaryimage\"},\"image\":{\"@id\":\"https:\\\/\\\/fabricadaspeugas.com\\\/product\\\/fantasy-box-meias-fantasia-halloween-3-pares\\\/#primaryimage\"},\"thumbnailUrl\":\"https:\\\/\\\/fabricadaspeugas.com\\\/wp-content\\\/uploads\\\/2021\\\/03\\\/HALLOWEEN-gift-box.jpg\",\"datePublished\":\"2020-01-01T15:25:47+00:00\",\"dateModified\":\"2025-09-21T18:09:37+00:00\",\"description\":\"Ofere\u00e7a um presente diferente e original. Conhe\u00e7a as Fantasy Box com as meias mais originais e divertidas. Dispon\u00edvel em v\u00e1rios modelos.\",\"breadcrumb\":{\"@id\":\"https:\\\/\\\/fabricadaspeugas.com\\\/product\\\/fantasy-box-meias-fantasia-halloween-3-pares\\\/#breadcrumb\"},\"inLanguage\":\"pt-PT\",\"potentialAction\":[{\"@type\":\"ReadAction\",\"target\":[\"https:\\\/\\\/fabricadaspeugas.com\\\/product\\\/fantasy-box-meias-fantasia-halloween-3-pares\\\/\"]}]},{\"@type\":\"ImageObject\",\"inLanguage\":\"pt-PT\",\"@id\":\"https:\\\/\\\/fabricadaspeugas.com\\\/product\\\/fantasy-box-meias-fantasia-halloween-3-pares\\\/#primaryimage\",\"url\":\"https:\\\/\\\/fabricadaspeugas.com\\\/wp-content\\\/uploads\\\/2021\\\/03\\\/HALLOWEEN-gift-box.jpg\",\"contentUrl\":\"https:\\\/\\\/fabricadaspeugas.com\\\/wp-content\\\/uploads\\\/2021\\\/03\\\/HALLOWEEN-gift-box.jpg\",\"width\":800,\"height\":520,\"caption\":\"meias_halloween_fantasy_box_3_pares\"},{\"@type\":\"BreadcrumbList\",\"@id\":\"https:\\\/\\\/fabricadaspeugas.com\\\/product\\\/fantasy-box-meias-fantasia-halloween-3-pares\\\/#breadcrumb\",\"itemListElement\":[{\"@type\":\"ListItem\",\"position\":1,\"name\":\"In\u00edcio\",\"item\":\"https:\\\/\\\/fabricadaspeugas.com\\\/\"},{\"@type\":\"ListItem\",\"position\":2,\"name\":\"Loja\",\"item\":\"https:\\\/\\\/fabricadaspeugas.com\\\/loja\\\/\"},{\"@type\":\"ListItem\",\"position\":3,\"name\":\"FANTASY BOX &#8211; MEIAS FANTASIA HALLOWEEN (3 PARES)\"}]},{\"@type\":\"WebSite\",\"@id\":\"https:\\\/\\\/fabricadaspeugas.com\\\/#website\",\"url\":\"https:\\\/\\\/fabricadaspeugas.com\\\/\",\"name\":\"F\u00e1brica das Pe\u00fagas\u00ae - N\u00e3o s\u00e3o s\u00f3 pe\u00fagas!\",\"description\":\"Pe\u00fagas divertidas, casuais, desportivas e confort\u00e1veis. Desfrute de conforto e qualidade incompar\u00e1veis \u200b\u200ba cada passo.\",\"publisher\":{\"@id\":\"https:\\\/\\\/fabricadaspeugas.com\\\/#organization\"},\"potentialAction\":[{\"@type\":\"SearchAction\",\"target\":{\"@type\":\"EntryPoint\",\"urlTemplate\":\"https:\\\/\\\/fabricadaspeugas.com\\\/?s={search_term_string}\"},\"query-input\":{\"@type\":\"PropertyValueSpecification\",\"valueRequired\":true,\"valueName\":\"search_term_string\"}}],\"inLanguage\":\"pt-PT\"},{\"@type\":\"Organization\",\"@id\":\"https:\\\/\\\/fabricadaspeugas.com\\\/#organization\",\"name\":\"F\u00e1brica das Pe\u00fagas\u00ae\",\"url\":\"https:\\\/\\\/fabricadaspeugas.com\\\/\",\"logo\":{\"@type\":\"ImageObject\",\"inLanguage\":\"pt-PT\",\"@id\":\"https:\\\/\\\/fabricadaspeugas.com\\\/#\\\/schema\\\/logo\\\/image\\\/\",\"url\":\"https:\\\/\\\/fabricadaspeugas.com\\\/wp-content\\\/uploads\\\/2025\\\/05\\\/fabrica_das_peugas_logov3.png\",\"contentUrl\":\"https:\\\/\\\/fabricadaspeugas.com\\\/wp-content\\\/uploads\\\/2025\\\/05\\\/fabrica_das_peugas_logov3.png\",\"width\":200,\"height\":121,\"caption\":\"F\u00e1brica das Pe\u00fagas\u00ae\"},\"image\":{\"@id\":\"https:\\\/\\\/fabricadaspeugas.com\\\/#\\\/schema\\\/logo\\\/image\\\/\"},\"sameAs\":[\"https:\\\/\\\/www.facebook.com\\\/fabricadaspeugas\",\"https:\\\/\\\/www.instagram.com\\\/fabrica.das.peugas\\\/\"]}]}<\/script>\n<!-- \/ Yoast SEO plugin. -->","yoast_head_json":{"title":"FANTASY BOX - MEIAS FANTASIA HALLOWEEN (3 PARES) &#8211; F\u00e1brica das Pe\u00fagas\u00ae - N\u00e3o s\u00e3o s\u00f3 pe\u00fagas!","description":"Ofere\u00e7a um presente diferente e original. Conhe\u00e7a as Fantasy Box com as meias mais originais e divertidas. Dispon\u00edvel em v\u00e1rios modelos.","robots":{"index":"index","follow":"follow","max-snippet":"max-snippet:-1","max-image-preview":"max-image-preview:large","max-video-preview":"max-video-preview:-1"},"canonical":"https:\/\/fabricadaspeugas.com\/pt_pt\/product\/fantasy-box-meias-fantasia-halloween-3-pares\/","og_locale":"pt_PT","og_type":"article","og_title":"FANTASY BOX - MEIAS FANTASIA HALLOWEEN (3 PARES) &#8211; F\u00e1brica das Pe\u00fagas\u00ae - N\u00e3o s\u00e3o s\u00f3 pe\u00fagas!","og_description":"Ofere\u00e7a um presente diferente e original. Conhe\u00e7a as Fantasy Box com as meias mais originais e divertidas. Dispon\u00edvel em v\u00e1rios modelos.","og_url":"https:\/\/fabricadaspeugas.com\/pt_pt\/product\/fantasy-box-meias-fantasia-halloween-3-pares\/","og_site_name":"F\u00e1brica das Pe\u00fagas\u00ae - N\u00e3o s\u00e3o s\u00f3 pe\u00fagas!","article_publisher":"https:\/\/www.facebook.com\/fabricadaspeugas","article_modified_time":"2025-09-21T18:09:37+00:00","og_image":[{"width":800,"height":520,"url":"https:\/\/fabricadaspeugas.com\/wp-content\/uploads\/2021\/03\/HALLOWEEN-gift-box.jpg","type":"image\/jpeg"}],"twitter_card":"summary_large_image","twitter_misc":{"Tempo estimado de leitura":"1 minuto"},"schema":{"@context":"https:\/\/schema.org","@graph":[{"@type":"WebPage","@id":"https:\/\/fabricadaspeugas.com\/product\/fantasy-box-meias-fantasia-halloween-3-pares\/","url":"https:\/\/fabricadaspeugas.com\/product\/fantasy-box-meias-fantasia-halloween-3-pares\/","name":"FANTASY BOX - MEIAS FANTASIA HALLOWEEN (3 PARES) &#8211; F\u00e1brica das Pe\u00fagas\u00ae - N\u00e3o s\u00e3o s\u00f3 pe\u00fagas!","isPartOf":{"@id":"https:\/\/fabricadaspeugas.com\/#website"},"primaryImageOfPage":{"@id":"https:\/\/fabricadaspeugas.com\/product\/fantasy-box-meias-fantasia-halloween-3-pares\/#primaryimage"},"image":{"@id":"https:\/\/fabricadaspeugas.com\/product\/fantasy-box-meias-fantasia-halloween-3-pares\/#primaryimage"},"thumbnailUrl":"https:\/\/fabricadaspeugas.com\/wp-content\/uploads\/2021\/03\/HALLOWEEN-gift-box.jpg","datePublished":"2020-01-01T15:25:47+00:00","dateModified":"2025-09-21T18:09:37+00:00","description":"Ofere\u00e7a um presente diferente e original. Conhe\u00e7a as Fantasy Box com as meias mais originais e divertidas. Dispon\u00edvel em v\u00e1rios modelos.","breadcrumb":{"@id":"https:\/\/fabricadaspeugas.com\/product\/fantasy-box-meias-fantasia-halloween-3-pares\/#breadcrumb"},"inLanguage":"pt-PT","potentialAction":[{"@type":"ReadAction","target":["https:\/\/fabricadaspeugas.com\/product\/fantasy-box-meias-fantasia-halloween-3-pares\/"]}]},{"@type":"ImageObject","inLanguage":"pt-PT","@id":"https:\/\/fabricadaspeugas.com\/product\/fantasy-box-meias-fantasia-halloween-3-pares\/#primaryimage","url":"https:\/\/fabricadaspeugas.com\/wp-content\/uploads\/2021\/03\/HALLOWEEN-gift-box.jpg","contentUrl":"https:\/\/fabricadaspeugas.com\/wp-content\/uploads\/2021\/03\/HALLOWEEN-gift-box.jpg","width":800,"height":520,"caption":"meias_halloween_fantasy_box_3_pares"},{"@type":"BreadcrumbList","@id":"https:\/\/fabricadaspeugas.com\/product\/fantasy-box-meias-fantasia-halloween-3-pares\/#breadcrumb","itemListElement":[{"@type":"ListItem","position":1,"name":"In\u00edcio","item":"https:\/\/fabricadaspeugas.com\/"},{"@type":"ListItem","position":2,"name":"Loja","item":"https:\/\/fabricadaspeugas.com\/loja\/"},{"@type":"ListItem","position":3,"name":"FANTASY BOX &#8211; MEIAS FANTASIA HALLOWEEN (3 PARES)"}]},{"@type":"WebSite","@id":"https:\/\/fabricadaspeugas.com\/#website","url":"https:\/\/fabricadaspeugas.com\/","name":"F\u00e1brica das Pe\u00fagas\u00ae - N\u00e3o s\u00e3o s\u00f3 pe\u00fagas!","description":"Pe\u00fagas divertidas, casuais, desportivas e confort\u00e1veis. Desfrute de conforto e qualidade incompar\u00e1veis \u200b\u200ba cada passo.","publisher":{"@id":"https:\/\/fabricadaspeugas.com\/#organization"},"potentialAction":[{"@type":"SearchAction","target":{"@type":"EntryPoint","urlTemplate":"https:\/\/fabricadaspeugas.com\/?s={search_term_string}"},"query-input":{"@type":"PropertyValueSpecification","valueRequired":true,"valueName":"search_term_string"}}],"inLanguage":"pt-PT"},{"@type":"Organization","@id":"https:\/\/fabricadaspeugas.com\/#organization","name":"F\u00e1brica das Pe\u00fagas\u00ae","url":"https:\/\/fabricadaspeugas.com\/","logo":{"@type":"ImageObject","inLanguage":"pt-PT","@id":"https:\/\/fabricadaspeugas.com\/#\/schema\/logo\/image\/","url":"https:\/\/fabricadaspeugas.com\/wp-content\/uploads\/2025\/05\/fabrica_das_peugas_logov3.png","contentUrl":"https:\/\/fabricadaspeugas.com\/wp-content\/uploads\/2025\/05\/fabrica_das_peugas_logov3.png","width":200,"height":121,"caption":"F\u00e1brica das Pe\u00fagas\u00ae"},"image":{"@id":"https:\/\/fabricadaspeugas.com\/#\/schema\/logo\/image\/"},"sameAs":["https:\/\/www.facebook.com\/fabricadaspeugas","https:\/\/www.instagram.com\/fabrica.das.peugas\/"]}]}},"_links":{"self":[{"href":"https:\/\/fabricadaspeugas.com\/pt_pt\/wp-json\/wp\/v2\/product\/10997","targetHints":{"allow":["GET"]}}],"collection":[{"href":"https:\/\/fabricadaspeugas.com\/pt_pt\/wp-json\/wp\/v2\/product"}],"about":[{"href":"https:\/\/fabricadaspeugas.com\/pt_pt\/wp-json\/wp\/v2\/types\/product"}],"wp:featuredmedia":[{"embeddable":true,"href":"https:\/\/fabricadaspeugas.com\/pt_pt\/wp-json\/wp\/v2\/media\/10959"}],"wp:attachment":[{"href":"https:\/\/fabricadaspeugas.com\/pt_pt\/wp-json\/wp\/v2\/media?parent=10997"}],"wp:term":[{"taxonomy":"product_brand","embeddable":true,"href":"https:\/\/fabricadaspeugas.com\/pt_pt\/wp-json\/wp\/v2\/product_brand?post=10997"},{"taxonomy":"product_cat","embeddable":true,"href":"https:\/\/fabricadaspeugas.com\/pt_pt\/wp-json\/wp\/v2\/product_cat?post=10997"},{"taxonomy":"product_tag","embeddable":true,"href":"https:\/\/fabricadaspeugas.com\/pt_pt\/wp-json\/wp\/v2\/product_tag?post=10997"}],"curies":[{"name":"wp","href":"https:\/\/api.w.org\/{rel}","templated":true}]}}