{"id":13461,"date":"2023-01-23T16:21:46","date_gmt":"2023-01-23T15:21:46","guid":{"rendered":"https:\/\/fabricadaspeugas.com\/?post_type=product&#038;p=13461"},"modified":"2025-09-21T19:04:52","modified_gmt":"2025-09-21T18:04:52","slug":"pantufas-acolchoadas-cinza","status":"publish","type":"product","link":"https:\/\/fabricadaspeugas.com\/pt_pt\/product\/pantufas-acolchoadas-cinza\/","title":{"rendered":"PANTUFAS ACOLCHOADAS CINZA"},"content":{"rendered":"<p><strong>CARACTER\u00cdSTICAS DO PRODUTO<\/strong><br \/>\nMacias, leves e s\u00f3lidas &#8211; tr\u00eas caracter\u00edsticas destas Pantufas Acolchoadas para as crian\u00e7as mais exigentes.<br \/>\nO interior das Pantufas \u00e9 forrado com uma malha quente, aveludada, n\u00e3o irritante. Todas as crian\u00e7as v\u00e3o adorar esta agrad\u00e1vel sensa\u00e7\u00e3o de conforto e aquecimento. S\u00e3o as Pantufas perfeitas para as noites mais frias de inverno. O seu exterior \u00e9 facilmente lav\u00e1vel com um pano h\u00famido.<br \/>\nS\u00e3o muito flex\u00edveis e adaptam-se ao formato do p\u00e9. O el\u00e1stico na parte superior evita que as pantufas escorreguem do p\u00e9, mesmo durante a maior loucura em casa!<br \/>\nA sola em borracha flex\u00edvel e macia, \u00e9 antiderrapante, e tem desenhos em relevo muito alegres e divertidos.<br \/>\n\u00c9 um modelo de pantufa que combina o que \u00e9 elegante e moderno, com todo o conforto.<br \/>\nSabia que a sensa\u00e7\u00e3o de conforto \u00e9 influenciada pelo que vestimos nos p\u00e9s? D\u00ea o melhor ao seu filho!<\/p>\n<p><strong>MARCA E QUALIDADE<\/strong><br \/>\nYSABEL MORA<\/p>\n<p><strong>COMPOSI\u00c7\u00c3O<\/strong><br \/>\nTecido Externo: 100% Poli\u00e9ster<br \/>\nTecido Interno: 100% Poli\u00e9ster<br \/>\nSola: Borracha<\/p>\n<p><strong>TRATAMENTOS E CUIDADOS<\/strong><br \/>\n<img loading=\"lazy\" decoding=\"async\" class=\"alignnone size-full wp-image-1149\" src=\"https:\/\/fabricadaspeugas.com\/wp-content\/uploads\/2023\/01\/simbologia_tratamentos_cuidados_FC.jpg\" alt=\"\" width=\"295\" height=\"35\" \/><br \/>\nLavar \u00e0 m\u00e3o<br \/>\nN\u00e3o engomar<br \/>\nN\u00e3o branquear<br \/>\nN\u00e3o lavar a seco<br \/>\nN\u00e3o centrifugar<br \/>\nPor a secar na corda<br \/>\nLimpeza h\u00famida delicada<\/p>\n<p><strong>ENVIOS<\/strong><br \/>\nO prazo de entrega \u00e9 de 1 a 3 dias \u00fateis ap\u00f3s confirma\u00e7\u00e3o de pagamento.<\/p>\n<p><strong>TROCAS E DEVOLU\u00c7\u00d5ES<\/strong><br \/>\nDisp\u00f5e de um prazo de 14 dias para efetuar o seu pedido de troca ou devolu\u00e7\u00e3o.<\/p>\n","protected":false},"excerpt":{"rendered":"<p>Chinelos para crian\u00e7a, acolchoados e com regulador para ajustar a abertura na zona do tornozelo.<br \/>\nConfort\u00e1veis e muito quentinhos.<\/p>\n","protected":false},"featured_media":13460,"template":"","meta":[],"product_brand":[],"product_cat":[1018,1021],"product_tag":[],"class_list":{"0":"post-13461","1":"product","2":"type-product","3":"status-publish","4":"has-post-thumbnail","6":"product_cat-chinelos-e-pantufas","7":"product_cat-chinelos-e-pantufas-para-crianca","8":"pa_cor-padrao-302006cz","10":"first","11":"instock","12":"taxable","13":"shipping-taxable","14":"purchasable","15":"product-type-variable","16":"has-default-attributes"},"yoast_head":"<!-- This site is optimized with the Yoast SEO plugin v27.5 - https:\/\/yoast.com\/product\/yoast-seo-wordpress\/ -->\n<title>Pantufas Acolchoadas Cinza &#8211; F\u00e1brica das Pe\u00fagas\u00ae - N\u00e3o s\u00e3o s\u00f3 pe\u00fagas!<\/title>\n<meta name=\"description\" content=\"Chinelos de quarto para mulher. Conhe\u00e7a toda a nossa cole\u00e7\u00e3o de chinelos e pantufas para homem, senhora e crian\u00e7a. Aos melhores pre\u00e7os!\" \/>\n<meta name=\"robots\" content=\"index, follow, max-snippet:-1, max-image-preview:large, max-video-preview:-1\" \/>\n<link rel=\"canonical\" href=\"https:\/\/fabricadaspeugas.com\/pt_pt\/product\/pantufas-acolchoadas-cinza\/\" \/>\n<meta property=\"og:locale\" content=\"pt_PT\" \/>\n<meta property=\"og:type\" content=\"article\" \/>\n<meta property=\"og:title\" content=\"Pantufas Acolchoadas Cinza &#8211; F\u00e1brica das Pe\u00fagas\u00ae - N\u00e3o s\u00e3o s\u00f3 pe\u00fagas!\" \/>\n<meta property=\"og:description\" content=\"Chinelos de quarto para mulher. Conhe\u00e7a toda a nossa cole\u00e7\u00e3o de chinelos e pantufas para homem, senhora e crian\u00e7a. Aos melhores pre\u00e7os!\" \/>\n<meta property=\"og:url\" content=\"https:\/\/fabricadaspeugas.com\/pt_pt\/product\/pantufas-acolchoadas-cinza\/\" \/>\n<meta property=\"og:site_name\" content=\"F\u00e1brica das Pe\u00fagas\u00ae - N\u00e3o s\u00e3o s\u00f3 pe\u00fagas!\" \/>\n<meta property=\"article:publisher\" content=\"https:\/\/www.facebook.com\/fabricadaspeugas\" \/>\n<meta property=\"article:modified_time\" content=\"2025-09-21T18:04:52+00:00\" \/>\n<meta property=\"og:image\" content=\"https:\/\/fabricadaspeugas.com\/wp-content\/uploads\/2023\/01\/chinelos_pantufas_de_quarto_crianca_acolchoada_cinza_perfil.jpg\" \/>\n\t<meta property=\"og:image:width\" content=\"500\" \/>\n\t<meta property=\"og:image:height\" content=\"500\" \/>\n\t<meta property=\"og:image:type\" content=\"image\/jpeg\" \/>\n<meta name=\"twitter:card\" content=\"summary_large_image\" \/>\n<meta name=\"twitter:label1\" content=\"Tempo estimado de leitura\" \/>\n\t<meta name=\"twitter:data1\" content=\"2 minutos\" \/>\n<script type=\"application\/ld+json\" class=\"yoast-schema-graph\">{\"@context\":\"https:\\\/\\\/schema.org\",\"@graph\":[{\"@type\":\"WebPage\",\"@id\":\"https:\\\/\\\/fabricadaspeugas.com\\\/product\\\/pantufas-acolchoadas-cinza\\\/\",\"url\":\"https:\\\/\\\/fabricadaspeugas.com\\\/product\\\/pantufas-acolchoadas-cinza\\\/\",\"name\":\"Pantufas Acolchoadas Cinza &#8211; F\u00e1brica das Pe\u00fagas\u00ae - N\u00e3o s\u00e3o s\u00f3 pe\u00fagas!\",\"isPartOf\":{\"@id\":\"https:\\\/\\\/fabricadaspeugas.com\\\/#website\"},\"primaryImageOfPage\":{\"@id\":\"https:\\\/\\\/fabricadaspeugas.com\\\/product\\\/pantufas-acolchoadas-cinza\\\/#primaryimage\"},\"image\":{\"@id\":\"https:\\\/\\\/fabricadaspeugas.com\\\/product\\\/pantufas-acolchoadas-cinza\\\/#primaryimage\"},\"thumbnailUrl\":\"https:\\\/\\\/fabricadaspeugas.com\\\/wp-content\\\/uploads\\\/2023\\\/01\\\/chinelos_pantufas_de_quarto_crianca_acolchoada_cinza_perfil.jpg\",\"datePublished\":\"2023-01-23T15:21:46+00:00\",\"dateModified\":\"2025-09-21T18:04:52+00:00\",\"description\":\"Chinelos de quarto para mulher. Conhe\u00e7a toda a nossa cole\u00e7\u00e3o de chinelos e pantufas para homem, senhora e crian\u00e7a. Aos melhores pre\u00e7os!\",\"breadcrumb\":{\"@id\":\"https:\\\/\\\/fabricadaspeugas.com\\\/product\\\/pantufas-acolchoadas-cinza\\\/#breadcrumb\"},\"inLanguage\":\"pt-PT\",\"potentialAction\":[{\"@type\":\"ReadAction\",\"target\":[\"https:\\\/\\\/fabricadaspeugas.com\\\/product\\\/pantufas-acolchoadas-cinza\\\/\"]}]},{\"@type\":\"ImageObject\",\"inLanguage\":\"pt-PT\",\"@id\":\"https:\\\/\\\/fabricadaspeugas.com\\\/product\\\/pantufas-acolchoadas-cinza\\\/#primaryimage\",\"url\":\"https:\\\/\\\/fabricadaspeugas.com\\\/wp-content\\\/uploads\\\/2023\\\/01\\\/chinelos_pantufas_de_quarto_crianca_acolchoada_cinza_perfil.jpg\",\"contentUrl\":\"https:\\\/\\\/fabricadaspeugas.com\\\/wp-content\\\/uploads\\\/2023\\\/01\\\/chinelos_pantufas_de_quarto_crianca_acolchoada_cinza_perfil.jpg\",\"width\":500,\"height\":500},{\"@type\":\"BreadcrumbList\",\"@id\":\"https:\\\/\\\/fabricadaspeugas.com\\\/product\\\/pantufas-acolchoadas-cinza\\\/#breadcrumb\",\"itemListElement\":[{\"@type\":\"ListItem\",\"position\":1,\"name\":\"In\u00edcio\",\"item\":\"https:\\\/\\\/fabricadaspeugas.com\\\/\"},{\"@type\":\"ListItem\",\"position\":2,\"name\":\"Loja\",\"item\":\"https:\\\/\\\/fabricadaspeugas.com\\\/loja\\\/\"},{\"@type\":\"ListItem\",\"position\":3,\"name\":\"PANTUFAS ACOLCHOADAS CINZA\"}]},{\"@type\":\"WebSite\",\"@id\":\"https:\\\/\\\/fabricadaspeugas.com\\\/#website\",\"url\":\"https:\\\/\\\/fabricadaspeugas.com\\\/\",\"name\":\"F\u00e1brica das Pe\u00fagas\u00ae - N\u00e3o s\u00e3o s\u00f3 pe\u00fagas!\",\"description\":\"Pe\u00fagas divertidas, casuais, desportivas e confort\u00e1veis. Desfrute de conforto e qualidade incompar\u00e1veis \u200b\u200ba cada passo.\",\"publisher\":{\"@id\":\"https:\\\/\\\/fabricadaspeugas.com\\\/#organization\"},\"potentialAction\":[{\"@type\":\"SearchAction\",\"target\":{\"@type\":\"EntryPoint\",\"urlTemplate\":\"https:\\\/\\\/fabricadaspeugas.com\\\/?s={search_term_string}\"},\"query-input\":{\"@type\":\"PropertyValueSpecification\",\"valueRequired\":true,\"valueName\":\"search_term_string\"}}],\"inLanguage\":\"pt-PT\"},{\"@type\":\"Organization\",\"@id\":\"https:\\\/\\\/fabricadaspeugas.com\\\/#organization\",\"name\":\"F\u00e1brica das Pe\u00fagas\u00ae\",\"url\":\"https:\\\/\\\/fabricadaspeugas.com\\\/\",\"logo\":{\"@type\":\"ImageObject\",\"inLanguage\":\"pt-PT\",\"@id\":\"https:\\\/\\\/fabricadaspeugas.com\\\/#\\\/schema\\\/logo\\\/image\\\/\",\"url\":\"https:\\\/\\\/fabricadaspeugas.com\\\/wp-content\\\/uploads\\\/2025\\\/05\\\/fabrica_das_peugas_logov3.png\",\"contentUrl\":\"https:\\\/\\\/fabricadaspeugas.com\\\/wp-content\\\/uploads\\\/2025\\\/05\\\/fabrica_das_peugas_logov3.png\",\"width\":200,\"height\":121,\"caption\":\"F\u00e1brica das Pe\u00fagas\u00ae\"},\"image\":{\"@id\":\"https:\\\/\\\/fabricadaspeugas.com\\\/#\\\/schema\\\/logo\\\/image\\\/\"},\"sameAs\":[\"https:\\\/\\\/www.facebook.com\\\/fabricadaspeugas\",\"https:\\\/\\\/www.instagram.com\\\/fabrica.das.peugas\\\/\"]}]}<\/script>\n<!-- \/ Yoast SEO plugin. -->","yoast_head_json":{"title":"Pantufas Acolchoadas Cinza &#8211; F\u00e1brica das Pe\u00fagas\u00ae - N\u00e3o s\u00e3o s\u00f3 pe\u00fagas!","description":"Chinelos de quarto para mulher. Conhe\u00e7a toda a nossa cole\u00e7\u00e3o de chinelos e pantufas para homem, senhora e crian\u00e7a. Aos melhores pre\u00e7os!","robots":{"index":"index","follow":"follow","max-snippet":"max-snippet:-1","max-image-preview":"max-image-preview:large","max-video-preview":"max-video-preview:-1"},"canonical":"https:\/\/fabricadaspeugas.com\/pt_pt\/product\/pantufas-acolchoadas-cinza\/","og_locale":"pt_PT","og_type":"article","og_title":"Pantufas Acolchoadas Cinza &#8211; F\u00e1brica das Pe\u00fagas\u00ae - N\u00e3o s\u00e3o s\u00f3 pe\u00fagas!","og_description":"Chinelos de quarto para mulher. Conhe\u00e7a toda a nossa cole\u00e7\u00e3o de chinelos e pantufas para homem, senhora e crian\u00e7a. Aos melhores pre\u00e7os!","og_url":"https:\/\/fabricadaspeugas.com\/pt_pt\/product\/pantufas-acolchoadas-cinza\/","og_site_name":"F\u00e1brica das Pe\u00fagas\u00ae - N\u00e3o s\u00e3o s\u00f3 pe\u00fagas!","article_publisher":"https:\/\/www.facebook.com\/fabricadaspeugas","article_modified_time":"2025-09-21T18:04:52+00:00","og_image":[{"width":500,"height":500,"url":"https:\/\/fabricadaspeugas.com\/wp-content\/uploads\/2023\/01\/chinelos_pantufas_de_quarto_crianca_acolchoada_cinza_perfil.jpg","type":"image\/jpeg"}],"twitter_card":"summary_large_image","twitter_misc":{"Tempo estimado de leitura":"2 minutos"},"schema":{"@context":"https:\/\/schema.org","@graph":[{"@type":"WebPage","@id":"https:\/\/fabricadaspeugas.com\/product\/pantufas-acolchoadas-cinza\/","url":"https:\/\/fabricadaspeugas.com\/product\/pantufas-acolchoadas-cinza\/","name":"Pantufas Acolchoadas Cinza &#8211; F\u00e1brica das Pe\u00fagas\u00ae - N\u00e3o s\u00e3o s\u00f3 pe\u00fagas!","isPartOf":{"@id":"https:\/\/fabricadaspeugas.com\/#website"},"primaryImageOfPage":{"@id":"https:\/\/fabricadaspeugas.com\/product\/pantufas-acolchoadas-cinza\/#primaryimage"},"image":{"@id":"https:\/\/fabricadaspeugas.com\/product\/pantufas-acolchoadas-cinza\/#primaryimage"},"thumbnailUrl":"https:\/\/fabricadaspeugas.com\/wp-content\/uploads\/2023\/01\/chinelos_pantufas_de_quarto_crianca_acolchoada_cinza_perfil.jpg","datePublished":"2023-01-23T15:21:46+00:00","dateModified":"2025-09-21T18:04:52+00:00","description":"Chinelos de quarto para mulher. Conhe\u00e7a toda a nossa cole\u00e7\u00e3o de chinelos e pantufas para homem, senhora e crian\u00e7a. Aos melhores pre\u00e7os!","breadcrumb":{"@id":"https:\/\/fabricadaspeugas.com\/product\/pantufas-acolchoadas-cinza\/#breadcrumb"},"inLanguage":"pt-PT","potentialAction":[{"@type":"ReadAction","target":["https:\/\/fabricadaspeugas.com\/product\/pantufas-acolchoadas-cinza\/"]}]},{"@type":"ImageObject","inLanguage":"pt-PT","@id":"https:\/\/fabricadaspeugas.com\/product\/pantufas-acolchoadas-cinza\/#primaryimage","url":"https:\/\/fabricadaspeugas.com\/wp-content\/uploads\/2023\/01\/chinelos_pantufas_de_quarto_crianca_acolchoada_cinza_perfil.jpg","contentUrl":"https:\/\/fabricadaspeugas.com\/wp-content\/uploads\/2023\/01\/chinelos_pantufas_de_quarto_crianca_acolchoada_cinza_perfil.jpg","width":500,"height":500},{"@type":"BreadcrumbList","@id":"https:\/\/fabricadaspeugas.com\/product\/pantufas-acolchoadas-cinza\/#breadcrumb","itemListElement":[{"@type":"ListItem","position":1,"name":"In\u00edcio","item":"https:\/\/fabricadaspeugas.com\/"},{"@type":"ListItem","position":2,"name":"Loja","item":"https:\/\/fabricadaspeugas.com\/loja\/"},{"@type":"ListItem","position":3,"name":"PANTUFAS ACOLCHOADAS CINZA"}]},{"@type":"WebSite","@id":"https:\/\/fabricadaspeugas.com\/#website","url":"https:\/\/fabricadaspeugas.com\/","name":"F\u00e1brica das Pe\u00fagas\u00ae - N\u00e3o s\u00e3o s\u00f3 pe\u00fagas!","description":"Pe\u00fagas divertidas, casuais, desportivas e confort\u00e1veis. Desfrute de conforto e qualidade incompar\u00e1veis \u200b\u200ba cada passo.","publisher":{"@id":"https:\/\/fabricadaspeugas.com\/#organization"},"potentialAction":[{"@type":"SearchAction","target":{"@type":"EntryPoint","urlTemplate":"https:\/\/fabricadaspeugas.com\/?s={search_term_string}"},"query-input":{"@type":"PropertyValueSpecification","valueRequired":true,"valueName":"search_term_string"}}],"inLanguage":"pt-PT"},{"@type":"Organization","@id":"https:\/\/fabricadaspeugas.com\/#organization","name":"F\u00e1brica das Pe\u00fagas\u00ae","url":"https:\/\/fabricadaspeugas.com\/","logo":{"@type":"ImageObject","inLanguage":"pt-PT","@id":"https:\/\/fabricadaspeugas.com\/#\/schema\/logo\/image\/","url":"https:\/\/fabricadaspeugas.com\/wp-content\/uploads\/2025\/05\/fabrica_das_peugas_logov3.png","contentUrl":"https:\/\/fabricadaspeugas.com\/wp-content\/uploads\/2025\/05\/fabrica_das_peugas_logov3.png","width":200,"height":121,"caption":"F\u00e1brica das Pe\u00fagas\u00ae"},"image":{"@id":"https:\/\/fabricadaspeugas.com\/#\/schema\/logo\/image\/"},"sameAs":["https:\/\/www.facebook.com\/fabricadaspeugas","https:\/\/www.instagram.com\/fabrica.das.peugas\/"]}]}},"_links":{"self":[{"href":"https:\/\/fabricadaspeugas.com\/pt_pt\/wp-json\/wp\/v2\/product\/13461","targetHints":{"allow":["GET"]}}],"collection":[{"href":"https:\/\/fabricadaspeugas.com\/pt_pt\/wp-json\/wp\/v2\/product"}],"about":[{"href":"https:\/\/fabricadaspeugas.com\/pt_pt\/wp-json\/wp\/v2\/types\/product"}],"wp:featuredmedia":[{"embeddable":true,"href":"https:\/\/fabricadaspeugas.com\/pt_pt\/wp-json\/wp\/v2\/media\/13460"}],"wp:attachment":[{"href":"https:\/\/fabricadaspeugas.com\/pt_pt\/wp-json\/wp\/v2\/media?parent=13461"}],"wp:term":[{"taxonomy":"product_brand","embeddable":true,"href":"https:\/\/fabricadaspeugas.com\/pt_pt\/wp-json\/wp\/v2\/product_brand?post=13461"},{"taxonomy":"product_cat","embeddable":true,"href":"https:\/\/fabricadaspeugas.com\/pt_pt\/wp-json\/wp\/v2\/product_cat?post=13461"},{"taxonomy":"product_tag","embeddable":true,"href":"https:\/\/fabricadaspeugas.com\/pt_pt\/wp-json\/wp\/v2\/product_tag?post=13461"}],"curies":[{"name":"wp","href":"https:\/\/api.w.org\/{rel}","templated":true}]}}