{"id":13579,"date":"2023-01-26T12:52:54","date_gmt":"2023-01-26T11:52:54","guid":{"rendered":"https:\/\/fabricadaspeugas.com\/?post_type=product&#038;p=13579"},"modified":"2024-06-24T12:31:37","modified_gmt":"2024-06-24T12:31:37","slug":"chinelos-quarto-xadrez","status":"publish","type":"product","link":"https:\/\/fabricadaspeugas.com\/pt_pt\/product\/chinelos-quarto-xadrez\/","title":{"rendered":"CHINELOS QUARTO XADREZ"},"content":{"rendered":"<p><strong>CARACTER\u00cdSTICAS DO PRODUTO<\/strong><br \/>\nChinelos de quarto para homem com padr\u00e3o xadrez em tons de preto e azul.<br \/>\nFabricados em tecido, com palmilha amov\u00edvel e sola de borracha natural antiderrapante.<br \/>\nQuer sentir todo o conforto nos seus p\u00e9s? Este \u00e9 um modelo simples, mas sofisticado, para sentir todo o relaxamento nos seus p\u00e9s cansados.<br \/>\nS\u00e3o t\u00e3o pr\u00e1ticos e confort\u00e1veis que vai us\u00e1-los durante todo o dia.<br \/>\nA sola espessa e flex\u00edvel isola perfeitamente o solo e evita o deslizamento.<\/p>\n<p><strong>MARCA E QUALIDADE<\/strong><br \/>\nTUPIE<\/p>\n<p><strong>COMPOSI\u00c7\u00c3O<\/strong><br \/>\nMaterial externo \u2013 parte superior: T\u00eaxtil<br \/>\nMaterial interno \u2013 forro: T\u00eaxtil<br \/>\nPalmilha: T\u00eaxtil e amov\u00edvel<br \/>\nSola: Borracha Natural<\/p>\n<p><strong>TRATAMENTOS E CUIDADOS<\/strong><br \/>\n<img loading=\"lazy\" decoding=\"async\" class=\"alignnone size-full wp-image-1149\" src=\"https:\/\/fabricadaspeugas.com\/wp-content\/uploads\/2023\/01\/simbologia_tratamentos_cuidados_FC.jpg\" alt=\"\" width=\"295\" height=\"35\" \/><br \/>\nLavar \u00e0 m\u00e3o<br \/>\nN\u00e3o engomar<br \/>\nN\u00e3o branquear<br \/>\nN\u00e3o lavar a seco<br \/>\nN\u00e3o centrifugar<br \/>\nPor a secar na corda<br \/>\nLimpeza h\u00famida delicada<\/p>\n<p><strong>ENVIOS<\/strong><br \/>\nO prazo de entrega \u00e9 de 1 a 3 dias \u00fateis ap\u00f3s confirma\u00e7\u00e3o de pagamento.<\/p>\n<p><strong>TROCAS E DEVOLU\u00c7\u00d5ES<\/strong><br \/>\nDisp\u00f5e de um prazo de 14 dias para efetuar o seu pedido de troca ou devolu\u00e7\u00e3o.<\/p>\n<p>Conhe\u00e7a toda a nossa cole\u00e7\u00e3o de <a href=\"https:\/\/fabricadoschinelos.com\/shop\">chinelos, pantufas e sand\u00e1lias<\/a> para p\u00e9s felizes!<br \/>\nCombine o seu look com <a href=\"https:\/\/fabricadaspeugas.com\" target=\"_blank\" rel=\"noopener\">meias e pe\u00fagas originais e divertidas<\/a>.<\/p>\n","protected":false},"excerpt":{"rendered":"<p>Quer sentir todo o conforto nos seus p\u00e9s? Este \u00e9 um modelo simples, mas sofisticado, para sentir todo o relaxamento nos seus p\u00e9s cansados.<\/p>\n","protected":false},"featured_media":13582,"template":"","meta":[],"product_brand":[],"product_cat":[1018,1019],"product_tag":[],"class_list":{"0":"post-13579","1":"product","2":"type-product","3":"status-publish","4":"has-post-thumbnail","6":"product_cat-chinelos-e-pantufas","7":"product_cat-chinelos-e-pantufas-para-homem","8":"pa_cor-padrao-202014az","9":"pa_cor-padrao-202014az_2","11":"first","12":"instock","13":"taxable","14":"shipping-taxable","15":"purchasable","16":"product-type-variable"},"yoast_head":"<!-- This site is optimized with the Yoast SEO plugin v27.5 - https:\/\/yoast.com\/product\/yoast-seo-wordpress\/ -->\n<title>Chinelos Quarto Xadrez &#8211; F\u00e1brica das Pe\u00fagas\u00ae - N\u00e3o s\u00e3o s\u00f3 pe\u00fagas!<\/title>\n<meta name=\"description\" content=\"Compre Chinelos de Quarto de excelente qualidade. Conhe\u00e7a toda a nossa cole\u00e7\u00e3o para homem, senhora e crian\u00e7a. Pre\u00e7os sempre baixos!\" \/>\n<meta name=\"robots\" content=\"index, follow, max-snippet:-1, max-image-preview:large, max-video-preview:-1\" \/>\n<link rel=\"canonical\" href=\"https:\/\/fabricadaspeugas.com\/pt_pt\/product\/chinelos-quarto-xadrez\/\" \/>\n<meta property=\"og:locale\" content=\"pt_PT\" \/>\n<meta property=\"og:type\" content=\"article\" \/>\n<meta property=\"og:title\" content=\"Chinelos Quarto Xadrez &#8211; F\u00e1brica das Pe\u00fagas\u00ae - N\u00e3o s\u00e3o s\u00f3 pe\u00fagas!\" \/>\n<meta property=\"og:description\" content=\"Compre Chinelos de Quarto de excelente qualidade. Conhe\u00e7a toda a nossa cole\u00e7\u00e3o para homem, senhora e crian\u00e7a. Pre\u00e7os sempre baixos!\" \/>\n<meta property=\"og:url\" content=\"https:\/\/fabricadaspeugas.com\/pt_pt\/product\/chinelos-quarto-xadrez\/\" \/>\n<meta property=\"og:site_name\" content=\"F\u00e1brica das Pe\u00fagas\u00ae - N\u00e3o s\u00e3o s\u00f3 pe\u00fagas!\" \/>\n<meta property=\"article:publisher\" content=\"https:\/\/www.facebook.com\/fabricadaspeugas\" \/>\n<meta property=\"article:modified_time\" content=\"2024-06-24T12:31:37+00:00\" \/>\n<meta property=\"og:image\" content=\"https:\/\/fabricadaspeugas.com\/wp-content\/uploads\/2023\/01\/Chinelos_quarto_homem_Xadrez_Preto_frente-1.jpg\" \/>\n\t<meta property=\"og:image:width\" content=\"500\" \/>\n\t<meta property=\"og:image:height\" content=\"500\" \/>\n\t<meta property=\"og:image:type\" content=\"image\/jpeg\" \/>\n<meta name=\"twitter:card\" content=\"summary_large_image\" \/>\n<meta name=\"twitter:label1\" content=\"Tempo estimado de leitura\" \/>\n\t<meta name=\"twitter:data1\" content=\"2 minutos\" \/>\n<script type=\"application\/ld+json\" class=\"yoast-schema-graph\">{\"@context\":\"https:\\\/\\\/schema.org\",\"@graph\":[{\"@type\":\"WebPage\",\"@id\":\"https:\\\/\\\/fabricadaspeugas.com\\\/product\\\/chinelos-quarto-xadrez\\\/\",\"url\":\"https:\\\/\\\/fabricadaspeugas.com\\\/product\\\/chinelos-quarto-xadrez\\\/\",\"name\":\"Chinelos Quarto Xadrez &#8211; F\u00e1brica das Pe\u00fagas\u00ae - N\u00e3o s\u00e3o s\u00f3 pe\u00fagas!\",\"isPartOf\":{\"@id\":\"https:\\\/\\\/fabricadaspeugas.com\\\/#website\"},\"primaryImageOfPage\":{\"@id\":\"https:\\\/\\\/fabricadaspeugas.com\\\/product\\\/chinelos-quarto-xadrez\\\/#primaryimage\"},\"image\":{\"@id\":\"https:\\\/\\\/fabricadaspeugas.com\\\/product\\\/chinelos-quarto-xadrez\\\/#primaryimage\"},\"thumbnailUrl\":\"https:\\\/\\\/fabricadaspeugas.com\\\/wp-content\\\/uploads\\\/2023\\\/01\\\/Chinelos_quarto_homem_Xadrez_Preto_frente-1.jpg\",\"datePublished\":\"2023-01-26T11:52:54+00:00\",\"dateModified\":\"2024-06-24T12:31:37+00:00\",\"description\":\"Compre Chinelos de Quarto de excelente qualidade. Conhe\u00e7a toda a nossa cole\u00e7\u00e3o para homem, senhora e crian\u00e7a. Pre\u00e7os sempre baixos!\",\"breadcrumb\":{\"@id\":\"https:\\\/\\\/fabricadaspeugas.com\\\/product\\\/chinelos-quarto-xadrez\\\/#breadcrumb\"},\"inLanguage\":\"pt-PT\",\"potentialAction\":[{\"@type\":\"ReadAction\",\"target\":[\"https:\\\/\\\/fabricadaspeugas.com\\\/product\\\/chinelos-quarto-xadrez\\\/\"]}]},{\"@type\":\"ImageObject\",\"inLanguage\":\"pt-PT\",\"@id\":\"https:\\\/\\\/fabricadaspeugas.com\\\/product\\\/chinelos-quarto-xadrez\\\/#primaryimage\",\"url\":\"https:\\\/\\\/fabricadaspeugas.com\\\/wp-content\\\/uploads\\\/2023\\\/01\\\/Chinelos_quarto_homem_Xadrez_Preto_frente-1.jpg\",\"contentUrl\":\"https:\\\/\\\/fabricadaspeugas.com\\\/wp-content\\\/uploads\\\/2023\\\/01\\\/Chinelos_quarto_homem_Xadrez_Preto_frente-1.jpg\",\"width\":500,\"height\":500},{\"@type\":\"BreadcrumbList\",\"@id\":\"https:\\\/\\\/fabricadaspeugas.com\\\/product\\\/chinelos-quarto-xadrez\\\/#breadcrumb\",\"itemListElement\":[{\"@type\":\"ListItem\",\"position\":1,\"name\":\"In\u00edcio\",\"item\":\"https:\\\/\\\/fabricadaspeugas.com\\\/\"},{\"@type\":\"ListItem\",\"position\":2,\"name\":\"Loja\",\"item\":\"https:\\\/\\\/fabricadaspeugas.com\\\/loja\\\/\"},{\"@type\":\"ListItem\",\"position\":3,\"name\":\"CHINELOS QUARTO XADREZ\"}]},{\"@type\":\"WebSite\",\"@id\":\"https:\\\/\\\/fabricadaspeugas.com\\\/#website\",\"url\":\"https:\\\/\\\/fabricadaspeugas.com\\\/\",\"name\":\"F\u00e1brica das Pe\u00fagas\u00ae - N\u00e3o s\u00e3o s\u00f3 pe\u00fagas!\",\"description\":\"Pe\u00fagas divertidas, casuais, desportivas e confort\u00e1veis. Desfrute de conforto e qualidade incompar\u00e1veis \u200b\u200ba cada passo.\",\"publisher\":{\"@id\":\"https:\\\/\\\/fabricadaspeugas.com\\\/#organization\"},\"potentialAction\":[{\"@type\":\"SearchAction\",\"target\":{\"@type\":\"EntryPoint\",\"urlTemplate\":\"https:\\\/\\\/fabricadaspeugas.com\\\/?s={search_term_string}\"},\"query-input\":{\"@type\":\"PropertyValueSpecification\",\"valueRequired\":true,\"valueName\":\"search_term_string\"}}],\"inLanguage\":\"pt-PT\"},{\"@type\":\"Organization\",\"@id\":\"https:\\\/\\\/fabricadaspeugas.com\\\/#organization\",\"name\":\"F\u00e1brica das Pe\u00fagas\u00ae\",\"url\":\"https:\\\/\\\/fabricadaspeugas.com\\\/\",\"logo\":{\"@type\":\"ImageObject\",\"inLanguage\":\"pt-PT\",\"@id\":\"https:\\\/\\\/fabricadaspeugas.com\\\/#\\\/schema\\\/logo\\\/image\\\/\",\"url\":\"https:\\\/\\\/fabricadaspeugas.com\\\/wp-content\\\/uploads\\\/2025\\\/05\\\/fabrica_das_peugas_logov3.png\",\"contentUrl\":\"https:\\\/\\\/fabricadaspeugas.com\\\/wp-content\\\/uploads\\\/2025\\\/05\\\/fabrica_das_peugas_logov3.png\",\"width\":200,\"height\":121,\"caption\":\"F\u00e1brica das Pe\u00fagas\u00ae\"},\"image\":{\"@id\":\"https:\\\/\\\/fabricadaspeugas.com\\\/#\\\/schema\\\/logo\\\/image\\\/\"},\"sameAs\":[\"https:\\\/\\\/www.facebook.com\\\/fabricadaspeugas\",\"https:\\\/\\\/www.instagram.com\\\/fabrica.das.peugas\\\/\"]}]}<\/script>\n<!-- \/ Yoast SEO plugin. -->","yoast_head_json":{"title":"Chinelos Quarto Xadrez &#8211; F\u00e1brica das Pe\u00fagas\u00ae - N\u00e3o s\u00e3o s\u00f3 pe\u00fagas!","description":"Compre Chinelos de Quarto de excelente qualidade. Conhe\u00e7a toda a nossa cole\u00e7\u00e3o para homem, senhora e crian\u00e7a. Pre\u00e7os sempre baixos!","robots":{"index":"index","follow":"follow","max-snippet":"max-snippet:-1","max-image-preview":"max-image-preview:large","max-video-preview":"max-video-preview:-1"},"canonical":"https:\/\/fabricadaspeugas.com\/pt_pt\/product\/chinelos-quarto-xadrez\/","og_locale":"pt_PT","og_type":"article","og_title":"Chinelos Quarto Xadrez &#8211; F\u00e1brica das Pe\u00fagas\u00ae - N\u00e3o s\u00e3o s\u00f3 pe\u00fagas!","og_description":"Compre Chinelos de Quarto de excelente qualidade. Conhe\u00e7a toda a nossa cole\u00e7\u00e3o para homem, senhora e crian\u00e7a. Pre\u00e7os sempre baixos!","og_url":"https:\/\/fabricadaspeugas.com\/pt_pt\/product\/chinelos-quarto-xadrez\/","og_site_name":"F\u00e1brica das Pe\u00fagas\u00ae - N\u00e3o s\u00e3o s\u00f3 pe\u00fagas!","article_publisher":"https:\/\/www.facebook.com\/fabricadaspeugas","article_modified_time":"2024-06-24T12:31:37+00:00","og_image":[{"width":500,"height":500,"url":"https:\/\/fabricadaspeugas.com\/wp-content\/uploads\/2023\/01\/Chinelos_quarto_homem_Xadrez_Preto_frente-1.jpg","type":"image\/jpeg"}],"twitter_card":"summary_large_image","twitter_misc":{"Tempo estimado de leitura":"2 minutos"},"schema":{"@context":"https:\/\/schema.org","@graph":[{"@type":"WebPage","@id":"https:\/\/fabricadaspeugas.com\/product\/chinelos-quarto-xadrez\/","url":"https:\/\/fabricadaspeugas.com\/product\/chinelos-quarto-xadrez\/","name":"Chinelos Quarto Xadrez &#8211; F\u00e1brica das Pe\u00fagas\u00ae - N\u00e3o s\u00e3o s\u00f3 pe\u00fagas!","isPartOf":{"@id":"https:\/\/fabricadaspeugas.com\/#website"},"primaryImageOfPage":{"@id":"https:\/\/fabricadaspeugas.com\/product\/chinelos-quarto-xadrez\/#primaryimage"},"image":{"@id":"https:\/\/fabricadaspeugas.com\/product\/chinelos-quarto-xadrez\/#primaryimage"},"thumbnailUrl":"https:\/\/fabricadaspeugas.com\/wp-content\/uploads\/2023\/01\/Chinelos_quarto_homem_Xadrez_Preto_frente-1.jpg","datePublished":"2023-01-26T11:52:54+00:00","dateModified":"2024-06-24T12:31:37+00:00","description":"Compre Chinelos de Quarto de excelente qualidade. Conhe\u00e7a toda a nossa cole\u00e7\u00e3o para homem, senhora e crian\u00e7a. Pre\u00e7os sempre baixos!","breadcrumb":{"@id":"https:\/\/fabricadaspeugas.com\/product\/chinelos-quarto-xadrez\/#breadcrumb"},"inLanguage":"pt-PT","potentialAction":[{"@type":"ReadAction","target":["https:\/\/fabricadaspeugas.com\/product\/chinelos-quarto-xadrez\/"]}]},{"@type":"ImageObject","inLanguage":"pt-PT","@id":"https:\/\/fabricadaspeugas.com\/product\/chinelos-quarto-xadrez\/#primaryimage","url":"https:\/\/fabricadaspeugas.com\/wp-content\/uploads\/2023\/01\/Chinelos_quarto_homem_Xadrez_Preto_frente-1.jpg","contentUrl":"https:\/\/fabricadaspeugas.com\/wp-content\/uploads\/2023\/01\/Chinelos_quarto_homem_Xadrez_Preto_frente-1.jpg","width":500,"height":500},{"@type":"BreadcrumbList","@id":"https:\/\/fabricadaspeugas.com\/product\/chinelos-quarto-xadrez\/#breadcrumb","itemListElement":[{"@type":"ListItem","position":1,"name":"In\u00edcio","item":"https:\/\/fabricadaspeugas.com\/"},{"@type":"ListItem","position":2,"name":"Loja","item":"https:\/\/fabricadaspeugas.com\/loja\/"},{"@type":"ListItem","position":3,"name":"CHINELOS QUARTO XADREZ"}]},{"@type":"WebSite","@id":"https:\/\/fabricadaspeugas.com\/#website","url":"https:\/\/fabricadaspeugas.com\/","name":"F\u00e1brica das Pe\u00fagas\u00ae - N\u00e3o s\u00e3o s\u00f3 pe\u00fagas!","description":"Pe\u00fagas divertidas, casuais, desportivas e confort\u00e1veis. Desfrute de conforto e qualidade incompar\u00e1veis \u200b\u200ba cada passo.","publisher":{"@id":"https:\/\/fabricadaspeugas.com\/#organization"},"potentialAction":[{"@type":"SearchAction","target":{"@type":"EntryPoint","urlTemplate":"https:\/\/fabricadaspeugas.com\/?s={search_term_string}"},"query-input":{"@type":"PropertyValueSpecification","valueRequired":true,"valueName":"search_term_string"}}],"inLanguage":"pt-PT"},{"@type":"Organization","@id":"https:\/\/fabricadaspeugas.com\/#organization","name":"F\u00e1brica das Pe\u00fagas\u00ae","url":"https:\/\/fabricadaspeugas.com\/","logo":{"@type":"ImageObject","inLanguage":"pt-PT","@id":"https:\/\/fabricadaspeugas.com\/#\/schema\/logo\/image\/","url":"https:\/\/fabricadaspeugas.com\/wp-content\/uploads\/2025\/05\/fabrica_das_peugas_logov3.png","contentUrl":"https:\/\/fabricadaspeugas.com\/wp-content\/uploads\/2025\/05\/fabrica_das_peugas_logov3.png","width":200,"height":121,"caption":"F\u00e1brica das Pe\u00fagas\u00ae"},"image":{"@id":"https:\/\/fabricadaspeugas.com\/#\/schema\/logo\/image\/"},"sameAs":["https:\/\/www.facebook.com\/fabricadaspeugas","https:\/\/www.instagram.com\/fabrica.das.peugas\/"]}]}},"_links":{"self":[{"href":"https:\/\/fabricadaspeugas.com\/pt_pt\/wp-json\/wp\/v2\/product\/13579","targetHints":{"allow":["GET"]}}],"collection":[{"href":"https:\/\/fabricadaspeugas.com\/pt_pt\/wp-json\/wp\/v2\/product"}],"about":[{"href":"https:\/\/fabricadaspeugas.com\/pt_pt\/wp-json\/wp\/v2\/types\/product"}],"wp:featuredmedia":[{"embeddable":true,"href":"https:\/\/fabricadaspeugas.com\/pt_pt\/wp-json\/wp\/v2\/media\/13582"}],"wp:attachment":[{"href":"https:\/\/fabricadaspeugas.com\/pt_pt\/wp-json\/wp\/v2\/media?parent=13579"}],"wp:term":[{"taxonomy":"product_brand","embeddable":true,"href":"https:\/\/fabricadaspeugas.com\/pt_pt\/wp-json\/wp\/v2\/product_brand?post=13579"},{"taxonomy":"product_cat","embeddable":true,"href":"https:\/\/fabricadaspeugas.com\/pt_pt\/wp-json\/wp\/v2\/product_cat?post=13579"},{"taxonomy":"product_tag","embeddable":true,"href":"https:\/\/fabricadaspeugas.com\/pt_pt\/wp-json\/wp\/v2\/product_tag?post=13579"}],"curies":[{"name":"wp","href":"https:\/\/api.w.org\/{rel}","templated":true}]}}