{"id":17503,"date":"2026-05-07T12:55:57","date_gmt":"2026-05-07T11:55:57","guid":{"rendered":"https:\/\/fabricadaspeugas.com\/?post_type=product&#038;p=17503"},"modified":"2026-05-07T12:55:59","modified_gmt":"2026-05-07T11:55:59","slug":"soutien-cai-cai-para-adolescente","status":"publish","type":"product","link":"https:\/\/fabricadaspeugas.com\/pt_pt\/product\/soutien-cai-cai-para-adolescente\/","title":{"rendered":"SOUTIEN CAI-CAI PARA ADOLESCENTE"},"content":{"rendered":"<p><strong>CARACTER\u00cdSTICAS DO PRODUTO<\/strong><br \/>\nO soutien juvenil 18868 da Ysabel Mora \u00e9 um modelo bandeau (cai-cai) sem aros e com almofada (copa A), confecionado em 95% algod\u00e3o e 5% elastano, ideal para adolescentes. \u00c9 perfeito para usar por baixo de roupas justas e sem al\u00e7as, tornando-o ideal para ocasi\u00f5es especiais ou para o dia a dia.<br \/>\nEsta pe\u00e7a de vestu\u00e1rio feminina foi concebida para proporcionar uma sensa\u00e7\u00e3o de conforto e liberdade de movimentos.<br \/>\nFeito em algod\u00e3o natural, garante um toque suave e agrad\u00e1vel \u00e0 pele. As al\u00e7as remov\u00edveis e ajust\u00e1veis permitem que seja usado como uma pe\u00e7a vers\u00e1til para se adaptar a qualquer estilo de roupa e prefer\u00eancia pessoal.<br \/>\n<br \/>\n<strong>MARCA E QUALIDADE<\/strong><br \/>\nYsabel Mora<br \/>\n<br \/>\n<strong>GUIA DE TAMANHOS<\/strong><br \/>\nSaiba qual o tamanho certo do seu soutien, <a href=\"https:\/\/fabricadaspeugas.com\/guia-de-tamanhos-soutien-ysabel-mora\/\">clique aqui<\/a>.<br \/>\n<br \/>\n<strong>COMPOSI\u00c7\u00c3O<\/strong><br \/>\n95% Algod\u00e3o e 5% Spandex<br \/>\n<br \/>\n<strong>TRATAMENTOS E CUIDADOS<\/strong><br \/>\n<img loading=\"lazy\" decoding=\"async\" src=\"https:\/\/fabricadaspeugas.com\/wp-content\/uploads\/2023\/01\/simbologia_tratamentos_cuidados_FC.jpg\" alt=\"\" width=\"295\" height=\"35\" class=\"alignnone size-full wp-image-1149\" \/><br \/>\nLavar \u00e0 m\u00e3o<br \/>\nN\u00e3o engomar<br \/>\nN\u00e3o branquear<br \/>\nN\u00e3o lavar a seco<br \/>\nN\u00e3o centrifugar<br \/>\nPor a secar na corda<br \/>\nLimpeza h\u00famida delicada<br \/>\n<br \/>\n<strong>ENVIOS<\/strong><br \/>\nO prazo de entrega \u00e9 de 3 a 8 dias \u00fateis ap\u00f3s confirma\u00e7\u00e3o de pagamento.<br \/>\n<br \/>\n<strong>TROCAS E DEVOLU\u00c7\u00d5ES<\/strong><br \/>\nDisp\u00f5e de um prazo de 14 dias para efetuar o seu pedido de troca ou devolu\u00e7\u00e3o.<\/p>\n","protected":false},"excerpt":{"rendered":"<p>Soutien juvenil cai-cai com almofada, sem aro, com fita de silicone no interior para maior seguran\u00e7a.<\/p>\n","protected":false},"featured_media":17520,"template":"","meta":[],"product_brand":[],"product_cat":[58,993,536],"product_tag":[],"class_list":{"0":"post-17503","1":"product","2":"type-product","3":"status-publish","4":"has-post-thumbnail","6":"product_cat-novidades-meias","7":"product_cat-roupa-interior-homem-senhora-crianca","8":"product_cat-roupa-interior-mulher","10":"first","11":"onbackorder","12":"taxable","13":"shipping-taxable","14":"purchasable","15":"product-type-variable"},"yoast_head":"<!-- This site is optimized with the Yoast SEO plugin v27.5 - https:\/\/yoast.com\/product\/yoast-seo-wordpress\/ -->\n<title>SOUTIEN CAI-CAI PARA ADOLESCENTE &#8211; F\u00e1brica das Pe\u00fagas\u00ae - N\u00e3o s\u00e3o s\u00f3 pe\u00fagas!<\/title>\n<meta name=\"description\" content=\"Loja Online de collants, pe\u00fagas, meias compress\u00e3o, descanso, desporto, coloridas, divertidas, antiderrapantes e t\u00e9rmicas. Homem, senhora e crian\u00e7a.\" \/>\n<meta name=\"robots\" content=\"index, follow, max-snippet:-1, max-image-preview:large, max-video-preview:-1\" \/>\n<link rel=\"canonical\" href=\"https:\/\/fabricadaspeugas.com\/pt_pt\/product\/soutien-cai-cai-para-adolescente\/\" \/>\n<meta property=\"og:locale\" content=\"pt_PT\" \/>\n<meta property=\"og:type\" content=\"article\" \/>\n<meta property=\"og:title\" content=\"SOUTIEN CAI-CAI PARA ADOLESCENTE &#8211; F\u00e1brica das Pe\u00fagas\u00ae - N\u00e3o s\u00e3o s\u00f3 pe\u00fagas!\" \/>\n<meta property=\"og:description\" content=\"Loja Online de collants, pe\u00fagas, meias compress\u00e3o, descanso, desporto, coloridas, divertidas, antiderrapantes e t\u00e9rmicas. Homem, senhora e crian\u00e7a.\" \/>\n<meta property=\"og:url\" content=\"https:\/\/fabricadaspeugas.com\/pt_pt\/product\/soutien-cai-cai-para-adolescente\/\" \/>\n<meta property=\"og:site_name\" content=\"F\u00e1brica das Pe\u00fagas\u00ae - N\u00e3o s\u00e3o s\u00f3 pe\u00fagas!\" \/>\n<meta property=\"article:publisher\" content=\"https:\/\/www.facebook.com\/fabricadaspeugas\" \/>\n<meta property=\"article:modified_time\" content=\"2026-05-07T11:55:59+00:00\" \/>\n<meta property=\"og:image\" content=\"https:\/\/fabricadaspeugas.com\/wp-content\/uploads\/2026\/05\/SUTIEN_YM_BANDEAU_COPA.png\" \/>\n\t<meta property=\"og:image:width\" content=\"500\" \/>\n\t<meta property=\"og:image:height\" content=\"500\" \/>\n\t<meta property=\"og:image:type\" content=\"image\/png\" \/>\n<meta name=\"twitter:card\" content=\"summary_large_image\" \/>\n<meta name=\"twitter:label1\" content=\"Tempo estimado de leitura\" \/>\n\t<meta name=\"twitter:data1\" content=\"2 minutos\" \/>\n<script type=\"application\/ld+json\" class=\"yoast-schema-graph\">{\"@context\":\"https:\\\/\\\/schema.org\",\"@graph\":[{\"@type\":\"WebPage\",\"@id\":\"https:\\\/\\\/fabricadaspeugas.com\\\/product\\\/soutien-cai-cai-para-adolescente\\\/\",\"url\":\"https:\\\/\\\/fabricadaspeugas.com\\\/product\\\/soutien-cai-cai-para-adolescente\\\/\",\"name\":\"SOUTIEN CAI-CAI PARA ADOLESCENTE &#8211; F\u00e1brica das Pe\u00fagas\u00ae - N\u00e3o s\u00e3o s\u00f3 pe\u00fagas!\",\"isPartOf\":{\"@id\":\"https:\\\/\\\/fabricadaspeugas.com\\\/#website\"},\"primaryImageOfPage\":{\"@id\":\"https:\\\/\\\/fabricadaspeugas.com\\\/product\\\/soutien-cai-cai-para-adolescente\\\/#primaryimage\"},\"image\":{\"@id\":\"https:\\\/\\\/fabricadaspeugas.com\\\/product\\\/soutien-cai-cai-para-adolescente\\\/#primaryimage\"},\"thumbnailUrl\":\"https:\\\/\\\/fabricadaspeugas.com\\\/wp-content\\\/uploads\\\/2026\\\/05\\\/SUTIEN_YM_BANDEAU_COPA.png\",\"datePublished\":\"2026-05-07T11:55:57+00:00\",\"dateModified\":\"2026-05-07T11:55:59+00:00\",\"description\":\"Loja Online de collants, pe\u00fagas, meias compress\u00e3o, descanso, desporto, coloridas, divertidas, antiderrapantes e t\u00e9rmicas. Homem, senhora e crian\u00e7a.\",\"breadcrumb\":{\"@id\":\"https:\\\/\\\/fabricadaspeugas.com\\\/product\\\/soutien-cai-cai-para-adolescente\\\/#breadcrumb\"},\"inLanguage\":\"pt-PT\",\"potentialAction\":[{\"@type\":\"ReadAction\",\"target\":[\"https:\\\/\\\/fabricadaspeugas.com\\\/product\\\/soutien-cai-cai-para-adolescente\\\/\"]}]},{\"@type\":\"ImageObject\",\"inLanguage\":\"pt-PT\",\"@id\":\"https:\\\/\\\/fabricadaspeugas.com\\\/product\\\/soutien-cai-cai-para-adolescente\\\/#primaryimage\",\"url\":\"https:\\\/\\\/fabricadaspeugas.com\\\/wp-content\\\/uploads\\\/2026\\\/05\\\/SUTIEN_YM_BANDEAU_COPA.png\",\"contentUrl\":\"https:\\\/\\\/fabricadaspeugas.com\\\/wp-content\\\/uploads\\\/2026\\\/05\\\/SUTIEN_YM_BANDEAU_COPA.png\",\"width\":500,\"height\":500},{\"@type\":\"BreadcrumbList\",\"@id\":\"https:\\\/\\\/fabricadaspeugas.com\\\/product\\\/soutien-cai-cai-para-adolescente\\\/#breadcrumb\",\"itemListElement\":[{\"@type\":\"ListItem\",\"position\":1,\"name\":\"In\u00edcio\",\"item\":\"https:\\\/\\\/fabricadaspeugas.com\\\/\"},{\"@type\":\"ListItem\",\"position\":2,\"name\":\"Loja\",\"item\":\"https:\\\/\\\/fabricadaspeugas.com\\\/loja\\\/\"},{\"@type\":\"ListItem\",\"position\":3,\"name\":\"SOUTIEN CAI-CAI PARA ADOLESCENTE\"}]},{\"@type\":\"WebSite\",\"@id\":\"https:\\\/\\\/fabricadaspeugas.com\\\/#website\",\"url\":\"https:\\\/\\\/fabricadaspeugas.com\\\/\",\"name\":\"F\u00e1brica das Pe\u00fagas\u00ae - N\u00e3o s\u00e3o s\u00f3 pe\u00fagas!\",\"description\":\"Pe\u00fagas divertidas, casuais, desportivas e confort\u00e1veis. Desfrute de conforto e qualidade incompar\u00e1veis \u200b\u200ba cada passo.\",\"publisher\":{\"@id\":\"https:\\\/\\\/fabricadaspeugas.com\\\/#organization\"},\"potentialAction\":[{\"@type\":\"SearchAction\",\"target\":{\"@type\":\"EntryPoint\",\"urlTemplate\":\"https:\\\/\\\/fabricadaspeugas.com\\\/?s={search_term_string}\"},\"query-input\":{\"@type\":\"PropertyValueSpecification\",\"valueRequired\":true,\"valueName\":\"search_term_string\"}}],\"inLanguage\":\"pt-PT\"},{\"@type\":\"Organization\",\"@id\":\"https:\\\/\\\/fabricadaspeugas.com\\\/#organization\",\"name\":\"F\u00e1brica das Pe\u00fagas\u00ae\",\"url\":\"https:\\\/\\\/fabricadaspeugas.com\\\/\",\"logo\":{\"@type\":\"ImageObject\",\"inLanguage\":\"pt-PT\",\"@id\":\"https:\\\/\\\/fabricadaspeugas.com\\\/#\\\/schema\\\/logo\\\/image\\\/\",\"url\":\"https:\\\/\\\/fabricadaspeugas.com\\\/wp-content\\\/uploads\\\/2025\\\/05\\\/fabrica_das_peugas_logov3.png\",\"contentUrl\":\"https:\\\/\\\/fabricadaspeugas.com\\\/wp-content\\\/uploads\\\/2025\\\/05\\\/fabrica_das_peugas_logov3.png\",\"width\":200,\"height\":121,\"caption\":\"F\u00e1brica das Pe\u00fagas\u00ae\"},\"image\":{\"@id\":\"https:\\\/\\\/fabricadaspeugas.com\\\/#\\\/schema\\\/logo\\\/image\\\/\"},\"sameAs\":[\"https:\\\/\\\/www.facebook.com\\\/fabricadaspeugas\",\"https:\\\/\\\/www.instagram.com\\\/fabrica.das.peugas\\\/\"]}]}<\/script>\n<!-- \/ Yoast SEO plugin. -->","yoast_head_json":{"title":"SOUTIEN CAI-CAI PARA ADOLESCENTE &#8211; F\u00e1brica das Pe\u00fagas\u00ae - N\u00e3o s\u00e3o s\u00f3 pe\u00fagas!","description":"Loja Online de collants, pe\u00fagas, meias compress\u00e3o, descanso, desporto, coloridas, divertidas, antiderrapantes e t\u00e9rmicas. Homem, senhora e crian\u00e7a.","robots":{"index":"index","follow":"follow","max-snippet":"max-snippet:-1","max-image-preview":"max-image-preview:large","max-video-preview":"max-video-preview:-1"},"canonical":"https:\/\/fabricadaspeugas.com\/pt_pt\/product\/soutien-cai-cai-para-adolescente\/","og_locale":"pt_PT","og_type":"article","og_title":"SOUTIEN CAI-CAI PARA ADOLESCENTE &#8211; F\u00e1brica das Pe\u00fagas\u00ae - N\u00e3o s\u00e3o s\u00f3 pe\u00fagas!","og_description":"Loja Online de collants, pe\u00fagas, meias compress\u00e3o, descanso, desporto, coloridas, divertidas, antiderrapantes e t\u00e9rmicas. Homem, senhora e crian\u00e7a.","og_url":"https:\/\/fabricadaspeugas.com\/pt_pt\/product\/soutien-cai-cai-para-adolescente\/","og_site_name":"F\u00e1brica das Pe\u00fagas\u00ae - N\u00e3o s\u00e3o s\u00f3 pe\u00fagas!","article_publisher":"https:\/\/www.facebook.com\/fabricadaspeugas","article_modified_time":"2026-05-07T11:55:59+00:00","og_image":[{"width":500,"height":500,"url":"https:\/\/fabricadaspeugas.com\/wp-content\/uploads\/2026\/05\/SUTIEN_YM_BANDEAU_COPA.png","type":"image\/png"}],"twitter_card":"summary_large_image","twitter_misc":{"Tempo estimado de leitura":"2 minutos"},"schema":{"@context":"https:\/\/schema.org","@graph":[{"@type":"WebPage","@id":"https:\/\/fabricadaspeugas.com\/product\/soutien-cai-cai-para-adolescente\/","url":"https:\/\/fabricadaspeugas.com\/product\/soutien-cai-cai-para-adolescente\/","name":"SOUTIEN CAI-CAI PARA ADOLESCENTE &#8211; F\u00e1brica das Pe\u00fagas\u00ae - N\u00e3o s\u00e3o s\u00f3 pe\u00fagas!","isPartOf":{"@id":"https:\/\/fabricadaspeugas.com\/#website"},"primaryImageOfPage":{"@id":"https:\/\/fabricadaspeugas.com\/product\/soutien-cai-cai-para-adolescente\/#primaryimage"},"image":{"@id":"https:\/\/fabricadaspeugas.com\/product\/soutien-cai-cai-para-adolescente\/#primaryimage"},"thumbnailUrl":"https:\/\/fabricadaspeugas.com\/wp-content\/uploads\/2026\/05\/SUTIEN_YM_BANDEAU_COPA.png","datePublished":"2026-05-07T11:55:57+00:00","dateModified":"2026-05-07T11:55:59+00:00","description":"Loja Online de collants, pe\u00fagas, meias compress\u00e3o, descanso, desporto, coloridas, divertidas, antiderrapantes e t\u00e9rmicas. Homem, senhora e crian\u00e7a.","breadcrumb":{"@id":"https:\/\/fabricadaspeugas.com\/product\/soutien-cai-cai-para-adolescente\/#breadcrumb"},"inLanguage":"pt-PT","potentialAction":[{"@type":"ReadAction","target":["https:\/\/fabricadaspeugas.com\/product\/soutien-cai-cai-para-adolescente\/"]}]},{"@type":"ImageObject","inLanguage":"pt-PT","@id":"https:\/\/fabricadaspeugas.com\/product\/soutien-cai-cai-para-adolescente\/#primaryimage","url":"https:\/\/fabricadaspeugas.com\/wp-content\/uploads\/2026\/05\/SUTIEN_YM_BANDEAU_COPA.png","contentUrl":"https:\/\/fabricadaspeugas.com\/wp-content\/uploads\/2026\/05\/SUTIEN_YM_BANDEAU_COPA.png","width":500,"height":500},{"@type":"BreadcrumbList","@id":"https:\/\/fabricadaspeugas.com\/product\/soutien-cai-cai-para-adolescente\/#breadcrumb","itemListElement":[{"@type":"ListItem","position":1,"name":"In\u00edcio","item":"https:\/\/fabricadaspeugas.com\/"},{"@type":"ListItem","position":2,"name":"Loja","item":"https:\/\/fabricadaspeugas.com\/loja\/"},{"@type":"ListItem","position":3,"name":"SOUTIEN CAI-CAI PARA ADOLESCENTE"}]},{"@type":"WebSite","@id":"https:\/\/fabricadaspeugas.com\/#website","url":"https:\/\/fabricadaspeugas.com\/","name":"F\u00e1brica das Pe\u00fagas\u00ae - N\u00e3o s\u00e3o s\u00f3 pe\u00fagas!","description":"Pe\u00fagas divertidas, casuais, desportivas e confort\u00e1veis. Desfrute de conforto e qualidade incompar\u00e1veis \u200b\u200ba cada passo.","publisher":{"@id":"https:\/\/fabricadaspeugas.com\/#organization"},"potentialAction":[{"@type":"SearchAction","target":{"@type":"EntryPoint","urlTemplate":"https:\/\/fabricadaspeugas.com\/?s={search_term_string}"},"query-input":{"@type":"PropertyValueSpecification","valueRequired":true,"valueName":"search_term_string"}}],"inLanguage":"pt-PT"},{"@type":"Organization","@id":"https:\/\/fabricadaspeugas.com\/#organization","name":"F\u00e1brica das Pe\u00fagas\u00ae","url":"https:\/\/fabricadaspeugas.com\/","logo":{"@type":"ImageObject","inLanguage":"pt-PT","@id":"https:\/\/fabricadaspeugas.com\/#\/schema\/logo\/image\/","url":"https:\/\/fabricadaspeugas.com\/wp-content\/uploads\/2025\/05\/fabrica_das_peugas_logov3.png","contentUrl":"https:\/\/fabricadaspeugas.com\/wp-content\/uploads\/2025\/05\/fabrica_das_peugas_logov3.png","width":200,"height":121,"caption":"F\u00e1brica das Pe\u00fagas\u00ae"},"image":{"@id":"https:\/\/fabricadaspeugas.com\/#\/schema\/logo\/image\/"},"sameAs":["https:\/\/www.facebook.com\/fabricadaspeugas","https:\/\/www.instagram.com\/fabrica.das.peugas\/"]}]}},"_links":{"self":[{"href":"https:\/\/fabricadaspeugas.com\/pt_pt\/wp-json\/wp\/v2\/product\/17503","targetHints":{"allow":["GET"]}}],"collection":[{"href":"https:\/\/fabricadaspeugas.com\/pt_pt\/wp-json\/wp\/v2\/product"}],"about":[{"href":"https:\/\/fabricadaspeugas.com\/pt_pt\/wp-json\/wp\/v2\/types\/product"}],"wp:featuredmedia":[{"embeddable":true,"href":"https:\/\/fabricadaspeugas.com\/pt_pt\/wp-json\/wp\/v2\/media\/17520"}],"wp:attachment":[{"href":"https:\/\/fabricadaspeugas.com\/pt_pt\/wp-json\/wp\/v2\/media?parent=17503"}],"wp:term":[{"taxonomy":"product_brand","embeddable":true,"href":"https:\/\/fabricadaspeugas.com\/pt_pt\/wp-json\/wp\/v2\/product_brand?post=17503"},{"taxonomy":"product_cat","embeddable":true,"href":"https:\/\/fabricadaspeugas.com\/pt_pt\/wp-json\/wp\/v2\/product_cat?post=17503"},{"taxonomy":"product_tag","embeddable":true,"href":"https:\/\/fabricadaspeugas.com\/pt_pt\/wp-json\/wp\/v2\/product_tag?post=17503"}],"curies":[{"name":"wp","href":"https:\/\/api.w.org\/{rel}","templated":true}]}}